{"id":881,"date":"2015-08-30T22:26:20","date_gmt":"2015-08-30T20:26:20","guid":{"rendered":"http:\/\/www.el-pan-alegre.org\/wordpress\/?page_id=881"},"modified":"2016-01-25T03:19:18","modified_gmt":"2016-01-25T02:19:18","slug":"2012-eroeffnung-der-amaranth-kinderbaeckerei","status":"publish","type":"page","link":"https:\/\/www.el-pan-alegre.org\/wordpress\/galerie\/2012-eroeffnung-der-amaranth-kinderbaeckerei\/","title":{"rendered":"2012: Er\u00f6ffnung der AMARANTH-Kinderb\u00e4ckerei"},"content":{"rendered":"<div style=\"width: 584px;\" class=\"wp-video\"><video class=\"wp-video-shortcode\" id=\"video-881-1\" width=\"584\" height=\"467\" preload=\"metadata\" controls=\"controls\"><source type=\"video\/mp4\" src=\"http:\/\/www.el-pan-alegre.org\/wordpress\/wp-content\/uploads\/2015\/08\/2012-Eroeffnung_AMARANTH-Kinderbaeckerei.mp4?_=1\" \/><a href=\"http:\/\/www.el-pan-alegre.org\/wordpress\/wp-content\/uploads\/2015\/08\/2012-Eroeffnung_AMARANTH-Kinderbaeckerei.mp4\">http:\/\/www.el-pan-alegre.org\/wordpress\/wp-content\/uploads\/2015\/08\/2012-Eroeffnung_AMARANTH-Kinderbaeckerei.mp4<\/a><\/video><\/div>\n<p>&nbsp;<\/p>\n<p>* * *<\/p>\n","protected":false},"excerpt":{"rendered":"<p>&nbsp; * * *<\/p>\n","protected":false},"author":2,"featured_media":0,"parent":488,"menu_order":8,"comment_status":"open","ping_status":"closed","template":"","meta":{"footnotes":""},"class_list":["post-881","page","type-page","status-publish","hentry"],"yoast_head":"<!-- This site is optimized with the Yoast SEO plugin v27.5 - https:\/\/yoast.com\/product\/yoast-seo-wordpress\/ -->\n<title>2012: Er\u00f6ffnung der AMARANTH-Kinderb\u00e4ckerei - El Pan Alegre<\/title>\n<meta name=\"robots\" content=\"index, follow, max-snippet:-1, max-image-preview:large, max-video-preview:-1\" \/>\n<link rel=\"canonical\" href=\"https:\/\/www.el-pan-alegre.org\/wordpress\/galerie\/2012-eroeffnung-der-amaranth-kinderbaeckerei\/\" \/>\n<meta property=\"og:locale\" content=\"de_DE\" \/>\n<meta property=\"og:type\" content=\"article\" \/>\n<meta property=\"og:title\" content=\"2012: Er\u00f6ffnung der AMARANTH-Kinderb\u00e4ckerei - El Pan Alegre\" \/>\n<meta property=\"og:description\" content=\"&nbsp; * * *\" \/>\n<meta property=\"og:url\" content=\"https:\/\/www.el-pan-alegre.org\/wordpress\/galerie\/2012-eroeffnung-der-amaranth-kinderbaeckerei\/\" \/>\n<meta property=\"og:site_name\" content=\"El Pan Alegre\" \/>\n<meta property=\"article:modified_time\" content=\"2016-01-25T02:19:18+00:00\" \/>\n<meta name=\"twitter:card\" content=\"summary_large_image\" \/>\n<script type=\"application\/ld+json\" class=\"yoast-schema-graph\">{\"@context\":\"https:\\\/\\\/schema.org\",\"@graph\":[{\"@type\":\"WebPage\",\"@id\":\"https:\\\/\\\/www.el-pan-alegre.org\\\/wordpress\\\/galerie\\\/2012-eroeffnung-der-amaranth-kinderbaeckerei\\\/\",\"url\":\"https:\\\/\\\/www.el-pan-alegre.org\\\/wordpress\\\/galerie\\\/2012-eroeffnung-der-amaranth-kinderbaeckerei\\\/\",\"name\":\"2012: Er\u00f6ffnung der AMARANTH-Kinderb\u00e4ckerei - El Pan Alegre\",\"isPartOf\":{\"@id\":\"https:\\\/\\\/www.el-pan-alegre.org\\\/wordpress\\\/#website\"},\"datePublished\":\"2015-08-30T20:26:20+00:00\",\"dateModified\":\"2016-01-25T02:19:18+00:00\",\"breadcrumb\":{\"@id\":\"https:\\\/\\\/www.el-pan-alegre.org\\\/wordpress\\\/galerie\\\/2012-eroeffnung-der-amaranth-kinderbaeckerei\\\/#breadcrumb\"},\"inLanguage\":\"de\",\"potentialAction\":[{\"@type\":\"ReadAction\",\"target\":[\"https:\\\/\\\/www.el-pan-alegre.org\\\/wordpress\\\/galerie\\\/2012-eroeffnung-der-amaranth-kinderbaeckerei\\\/\"]}]},{\"@type\":\"BreadcrumbList\",\"@id\":\"https:\\\/\\\/www.el-pan-alegre.org\\\/wordpress\\\/galerie\\\/2012-eroeffnung-der-amaranth-kinderbaeckerei\\\/#breadcrumb\",\"itemListElement\":[{\"@type\":\"ListItem\",\"position\":1,\"name\":\"Home\",\"item\":\"https:\\\/\\\/www.el-pan-alegre.org\\\/wordpress\\\/\"},{\"@type\":\"ListItem\",\"position\":2,\"name\":\"Film-\\\/Fotogalerie\",\"item\":\"https:\\\/\\\/www.el-pan-alegre.org\\\/wordpress\\\/galerie\\\/\"},{\"@type\":\"ListItem\",\"position\":3,\"name\":\"2012: Er\u00f6ffnung der AMARANTH-Kinderb\u00e4ckerei\"}]},{\"@type\":\"WebSite\",\"@id\":\"https:\\\/\\\/www.el-pan-alegre.org\\\/wordpress\\\/#website\",\"url\":\"https:\\\/\\\/www.el-pan-alegre.org\\\/wordpress\\\/\",\"name\":\"El Pan Alegre\",\"description\":\"Das Fr\u00f6hliche Brot\",\"potentialAction\":[{\"@type\":\"SearchAction\",\"target\":{\"@type\":\"EntryPoint\",\"urlTemplate\":\"https:\\\/\\\/www.el-pan-alegre.org\\\/wordpress\\\/?s={search_term_string}\"},\"query-input\":{\"@type\":\"PropertyValueSpecification\",\"valueRequired\":true,\"valueName\":\"search_term_string\"}}],\"inLanguage\":\"de\"}]}<\/script>\n<!-- \/ Yoast SEO plugin. -->","yoast_head_json":{"title":"2012: Er\u00f6ffnung der AMARANTH-Kinderb\u00e4ckerei - El Pan Alegre","robots":{"index":"index","follow":"follow","max-snippet":"max-snippet:-1","max-image-preview":"max-image-preview:large","max-video-preview":"max-video-preview:-1"},"canonical":"https:\/\/www.el-pan-alegre.org\/wordpress\/galerie\/2012-eroeffnung-der-amaranth-kinderbaeckerei\/","og_locale":"de_DE","og_type":"article","og_title":"2012: Er\u00f6ffnung der AMARANTH-Kinderb\u00e4ckerei - El Pan Alegre","og_description":"&nbsp; * * *","og_url":"https:\/\/www.el-pan-alegre.org\/wordpress\/galerie\/2012-eroeffnung-der-amaranth-kinderbaeckerei\/","og_site_name":"El Pan Alegre","article_modified_time":"2016-01-25T02:19:18+00:00","twitter_card":"summary_large_image","schema":{"@context":"https:\/\/schema.org","@graph":[{"@type":"WebPage","@id":"https:\/\/www.el-pan-alegre.org\/wordpress\/galerie\/2012-eroeffnung-der-amaranth-kinderbaeckerei\/","url":"https:\/\/www.el-pan-alegre.org\/wordpress\/galerie\/2012-eroeffnung-der-amaranth-kinderbaeckerei\/","name":"2012: Er\u00f6ffnung der AMARANTH-Kinderb\u00e4ckerei - El Pan Alegre","isPartOf":{"@id":"https:\/\/www.el-pan-alegre.org\/wordpress\/#website"},"datePublished":"2015-08-30T20:26:20+00:00","dateModified":"2016-01-25T02:19:18+00:00","breadcrumb":{"@id":"https:\/\/www.el-pan-alegre.org\/wordpress\/galerie\/2012-eroeffnung-der-amaranth-kinderbaeckerei\/#breadcrumb"},"inLanguage":"de","potentialAction":[{"@type":"ReadAction","target":["https:\/\/www.el-pan-alegre.org\/wordpress\/galerie\/2012-eroeffnung-der-amaranth-kinderbaeckerei\/"]}]},{"@type":"BreadcrumbList","@id":"https:\/\/www.el-pan-alegre.org\/wordpress\/galerie\/2012-eroeffnung-der-amaranth-kinderbaeckerei\/#breadcrumb","itemListElement":[{"@type":"ListItem","position":1,"name":"Home","item":"https:\/\/www.el-pan-alegre.org\/wordpress\/"},{"@type":"ListItem","position":2,"name":"Film-\/Fotogalerie","item":"https:\/\/www.el-pan-alegre.org\/wordpress\/galerie\/"},{"@type":"ListItem","position":3,"name":"2012: Er\u00f6ffnung der AMARANTH-Kinderb\u00e4ckerei"}]},{"@type":"WebSite","@id":"https:\/\/www.el-pan-alegre.org\/wordpress\/#website","url":"https:\/\/www.el-pan-alegre.org\/wordpress\/","name":"El Pan Alegre","description":"Das Fr\u00f6hliche Brot","potentialAction":[{"@type":"SearchAction","target":{"@type":"EntryPoint","urlTemplate":"https:\/\/www.el-pan-alegre.org\/wordpress\/?s={search_term_string}"},"query-input":{"@type":"PropertyValueSpecification","valueRequired":true,"valueName":"search_term_string"}}],"inLanguage":"de"}]}},"jetpack_sharing_enabled":true,"jetpack_shortlink":"https:\/\/wp.me\/P62TDh-ed","jetpack-related-posts":[{"id":886,"url":"https:\/\/www.el-pan-alegre.org\/wordpress\/galerie\/2012-abschlussfest-amaranth-kinderbaeckerei\/","url_meta":{"origin":881,"position":0},"title":"2012: Abschlussfest AMARANTH-Kinderb\u00e4ckerei","author":"Madeleine Porr","date":"30. August 2015","format":false,"excerpt":"\u00a0 * * *","rel":"","context":"\u00c4hnlicher Beitrag","block_context":{"text":"\u00c4hnlicher Beitrag","link":""},"img":{"alt_text":"","src":"","width":0,"height":0},"classes":[]},{"id":1032,"url":"https:\/\/www.el-pan-alegre.org\/wordpress\/galerie\/2012-kindertag-im-fez-berlin\/","url_meta":{"origin":881,"position":1},"title":"2012: Kindertag im FEZ-Berlin","author":"Madeleine Porr","date":"20. Oktober 2015","format":false,"excerpt":"(alle Fotos En Buenas Manos e. V.) \u00a0 \u00a0","rel":"","context":"\u00c4hnlicher Beitrag","block_context":{"text":"\u00c4hnlicher Beitrag","link":""},"img":{"alt_text":"03-Web","src":"https:\/\/i0.wp.com\/www.el-pan-alegre.org\/wordpress\/wp-content\/uploads\/2015\/10\/03-Web-260x300.jpg?resize=350%2C200","width":350,"height":200,"srcset":"https:\/\/i0.wp.com\/www.el-pan-alegre.org\/wordpress\/wp-content\/uploads\/2015\/10\/03-Web-260x300.jpg?resize=350%2C200 1x, https:\/\/i0.wp.com\/www.el-pan-alegre.org\/wordpress\/wp-content\/uploads\/2015\/10\/03-Web-260x300.jpg?resize=525%2C300 1.5x"},"classes":[]},{"id":488,"url":"https:\/\/www.el-pan-alegre.org\/wordpress\/galerie\/","url_meta":{"origin":881,"position":2},"title":"Film-\/Fotogalerie","author":"Anja Mocker","date":"22. April 2015","format":false,"excerpt":"+ + +\u00a0 s. auch Blogspot\u00a0 + + + FILM \"Nachhaltig stark und schlau!\" (7:44 Min.) Bildung f\u00fcr nachhaltige Entwicklung; En Buenas Manos e. V. & FEZ-Berlin, 2012 FOTOSHOWS 2009: Probeworkshop im FEZ - \"Abenteuer Gesundheit\" 2010: Start im FEZ-Berlin 2010: AMARANTH-Thementag in der FEZitty, der Sommerferien-Kinderhauptstadt 2010: AMARANTH im\u2026","rel":"","context":"\u00c4hnlicher Beitrag","block_context":{"text":"\u00c4hnlicher Beitrag","link":""},"img":{"alt_text":"","src":"","width":0,"height":0},"classes":[]},{"id":569,"url":"https:\/\/www.el-pan-alegre.org\/wordpress\/en-buenas-manos-e-v\/was-machen-wir\/auszeichnungen\/","url_meta":{"origin":881,"position":3},"title":"Auszeichnungen","author":"Anja Mocker","date":"22. April 2015","format":false,"excerpt":"Offizielles Projekt der UN-Dekade \"Bildung f\u00fcr nachhaltige Entwicklung\" 2011-2012 \u00a0 \u00a0 \u00a0 \u00a0 \u00a0 \u00a0 \u00a0 \u00a0 Werkstatt-N-Projekt des Deutschen Nachhaltigkeitsrats 2011, 2012 und 2013","rel":"","context":"\u00c4hnlicher Beitrag","block_context":{"text":"\u00c4hnlicher Beitrag","link":""},"img":{"alt_text":"Logo_UN-Dekade_Offizielles Projekt_2011_2012_rgb-WS","src":"https:\/\/i0.wp.com\/www.el-pan-alegre.org\/wordpress\/wp-content\/uploads\/2015\/04\/Logo_UN-Dekade_Offizielles-Projekt_2011_2012_rgb-WS-133x300.jpg?resize=350%2C200","width":350,"height":200},"classes":[]},{"id":811,"url":"https:\/\/www.el-pan-alegre.org\/wordpress\/en-buenas-manos-e-v\/was-machen-wir\/arbeitsberichte\/","url_meta":{"origin":881,"position":4},"title":"Arbeitsberichte","author":"Madeleine Porr","date":"30. August 2015","format":false,"excerpt":"2025-Aktivit\u00e4ten En Buenas Manos in Deutschland und Kuba2024-Jahresbericht EBM (nach den Kriterien des Social Reporting Standard)2023-Jahresbericht EBM (nach den Kriterien des Social Reporting Standard)2022-Jahresbericht EBM (nach den Kriterien des Social Reporting Standard)2021-Jahresbericht EBM (nach den Kriterien des Social Reporting Standard)2020-Jahresbericht EBM (nach den Kriterien des Social Reporting Standard)2019-Jahresbericht EBM (nach\u2026","rel":"","context":"\u00c4hnlicher Beitrag","block_context":{"text":"\u00c4hnlicher Beitrag","link":""},"img":{"alt_text":"","src":"","width":0,"height":0},"classes":[]},{"id":2193,"url":"https:\/\/www.el-pan-alegre.org\/wordpress\/en-buenas-manos-e-v\/zum-verein\/","url_meta":{"origin":881,"position":5},"title":"Zum Verein","author":"Madeleine Porr","date":"14. September 2019","format":false,"excerpt":"gegr. 2005, Sitz: Berlin institutioneller Tr\u00e4ger des Regionalentwicklungskonzepts El Pan Alegre - Das Fr\u00f6hliche Brot, Beispiel f\u00fcr geschlossene optimierte Stoffstromkreisl\u00e4ufe mit den Komponenten Amaranth und Biogas aus organischen Hausabf\u00e4llen aktuell 10 Mitglieder + 1 Ehrenmitglied, davon 5 aktiv (Vorstand, Workshops); Aktivit\u00e4ten aktuell in Berlin und Havanna\/Kuba Finanzierung aktuell durch Mitgliedsbeitr\u00e4ge,\u2026","rel":"","context":"\u00c4hnlicher Beitrag","block_context":{"text":"\u00c4hnlicher Beitrag","link":""},"img":{"alt_text":"","src":"","width":0,"height":0},"classes":[]}],"_links":{"self":[{"href":"https:\/\/www.el-pan-alegre.org\/wordpress\/wp-json\/wp\/v2\/pages\/881","targetHints":{"allow":["GET"]}}],"collection":[{"href":"https:\/\/www.el-pan-alegre.org\/wordpress\/wp-json\/wp\/v2\/pages"}],"about":[{"href":"https:\/\/www.el-pan-alegre.org\/wordpress\/wp-json\/wp\/v2\/types\/page"}],"author":[{"embeddable":true,"href":"https:\/\/www.el-pan-alegre.org\/wordpress\/wp-json\/wp\/v2\/users\/2"}],"replies":[{"embeddable":true,"href":"https:\/\/www.el-pan-alegre.org\/wordpress\/wp-json\/wp\/v2\/comments?post=881"}],"version-history":[{"count":4,"href":"https:\/\/www.el-pan-alegre.org\/wordpress\/wp-json\/wp\/v2\/pages\/881\/revisions"}],"predecessor-version":[{"id":1208,"href":"https:\/\/www.el-pan-alegre.org\/wordpress\/wp-json\/wp\/v2\/pages\/881\/revisions\/1208"}],"up":[{"embeddable":true,"href":"https:\/\/www.el-pan-alegre.org\/wordpress\/wp-json\/wp\/v2\/pages\/488"}],"wp:attachment":[{"href":"https:\/\/www.el-pan-alegre.org\/wordpress\/wp-json\/wp\/v2\/media?parent=881"}],"curies":[{"name":"wp","href":"https:\/\/api.w.org\/{rel}","templated":true}]}}