{"id":803,"date":"2015-08-30T03:51:29","date_gmt":"2015-08-30T01:51:29","guid":{"rendered":"http:\/\/www.el-pan-alegre.org\/wordpress\/?page_id=803"},"modified":"2023-09-06T18:02:54","modified_gmt":"2023-09-06T16:02:54","slug":"unsere-werte-und-ziele","status":"publish","type":"page","link":"https:\/\/www.el-pan-alegre.org\/wordpress\/en-buenas-manos-e-v\/was-wollen-wir\/unsere-werte-und-ziele\/","title":{"rendered":"Unsere Werte und Ziele"},"content":{"rendered":"<p>Der Projekttr\u00e4ger EN BUENAS MANOS (spanisch f\u00fcr: IN GUTEN H\u00c4NDEN) e.V. wurde im September 2005 von Mitgliedern des IKN International Knowledge Network for Sustainable Development (S\u00fcd-S\u00fcd-Nord-Wissensnetzwerk f\u00fcr nachhaltige Entwicklung) an der Technischen Universit\u00e4t Berlin gegr\u00fcndet und ist als gemeinn\u00fctziger Verein zur F\u00f6rderung der Kultur, der V\u00f6lkerverst\u00e4ndigung, der Natur und des Umweltschutzes in Berlin eingetragen. Die Anerkennung seiner Gemeinn\u00fctzigkeit wurde aktuell mit Bescheid vom 12.07.2022 bekr\u00e4ftigt. Der Verein ist keiner politischen oder religi\u00f6sen Institution zugeh\u00f6rig.<\/p>\n<p>Mit der Weiterentwicklung und Weiterverbreitung des Kreislaufmodellkonzepts EL PAN ALEGRE \u2013 DAS FR\u00d6HLICHE BROT unterst\u00fctzt EN BUENAS MANOS e.V. auf positiv motivierende Weise den derzeit stattfindenden Paradigmenwechsel in unserer Gesellschaft \u2013 in drei elementaren Bereichen:<\/p>\n<p>a) im Energiesektor<br \/>\n\u2022 von der fossil-atomaren Energieversorgung \u2192 hin zur Versorgung mit erneuerbaren Energien,<br \/>\n\u2022 von zentralen Gro\u00dfkraftwerken \u2192 hin zu regional verankerten Kleinanlagen,<br \/>\n\u2022 von der Versorgung mit Energie aus fernen Quellen \u2192 hin zur Nutzung heimischer Energiequellen mit dem Ziel gr\u00f6\u00dftm\u00f6glicher Eigenversorgung;<\/p>\n<p>b) im Bereich Landwirtschaft &amp; Ern\u00e4hrung<br \/>\n\u2022 vom \u201ekonventionellen\u201c Landbau, ausgerichtet auf den Betrieb gro\u00dffl\u00e4chiger Monokulturen unter exzessivem Einsatz aller zur Verf\u00fcgung stehenden chemischen und mechanischen Mittel \u2192 hin zur \u201ebiologischen\u201c Landbewirt-schaftung, orientiert an den lokalen bzw. regionalen Boden-Verh\u00e4ltnissen und -Bed\u00fcrfnissen,<br \/>\n\u2022 von der zentralisierten globalisierten Ern\u00e4hrungsindustrie mit ihrer Ausrichtung auf Umsatz- und Profitsteigerungen \u2192 hin zur lokalen bzw. regionalen Nahrungs-mittelproduktion zum Nutzen von und im Einklang allen Lebewesen vor Ort, auch hier mit dem Ziel der Ern\u00e4hrungssicherung bei gr\u00f6\u00dftm\u00f6glicher Eigenversorgung;<\/p>\n<p>c) in der \u00d6konomie<br \/>\n\u2022 vom neoklassischen Wirtschaftsmodell mit seinem \u201eHomo oeconomicus\u201c, fixiert allein auf dessen individuelle Nutzen- und Gewinnmaximierung \u2192 hin zu einer \u201eCaring economy\u201c, die das Wirtschaften in einer Gesellschaft wieder in seinen f\u00fcrsorgenden Kontext stellt,<br \/>\n\u2022 von einem Finanzsystem, das das Tauschmittel Geld in ein Wirtschaftsgut verwandelt und seine Vermehrung ins Zentrum der wirtschaftlichen Aktivit\u00e4ten gestellt hat \u2192 hin zu regionalem Tauschwirtschaften in der Grundversorgung, in der der Wert der Regionalw\u00e4hrung wieder durch den realen Gegenwert der Tauschg\u00fcter garantiert wird,<br \/>\n\u2022 vom Abflie\u00dfen lokaler und regionaler Ressourcen in die H\u00e4nde weniger unsichtbarer global agierender WirtschaftsakteurInnen \u2192 hin zur Prosperit\u00e4t von Gemeinden und Regionen auf der Basis miteinander vernetzter lokaler und regionaler Wirtschaftskreisl\u00e4ufe mit AkteurInnen, die in der Region verankert sind und ihre Verantwortung f\u00fcr das Gemeinwohl annehmen.<\/p>\n<p>In sch\u00f6pferischer Zusammenarbeit mit anderen \u2014 deutschen wie internationalen (Schwerpunkt: Lateinamerika) \u2014 Fachleuten aus Initiativen, Vereinen, Institutionen und Firmen des gleichen anspruchsvollen ethischen Hintergrunds verbindet sich unter dem Namen DAS FR\u00d6HLICHE BROT \u2013 EL PAN ALEGRE auf intelligente Weise das alte Menschheitswissen rund um die nat\u00fcrlichen Kreisl\u00e4ufe in den vorgenannten Bereichen mit der heutigen innovativen Technologie bzw. Technik.<\/p>\n<p>Die Arbeitsweise der Projektleitung bei der Vernetzung und Koordination der Projektbereiche und aller KooperationspartnerInnen ist stets von ganzheitlichem partnerschaftlichem Denken und Handeln gepr\u00e4gt, die Herangehensweise an die Herausforderungen kritisch-l\u00f6sungsorientiert, in der \u00dcberzeugung \u2212 in \u00dcbereinstimmung mit Albert Einstein \u2212, dass Probleme niemals mit derselben Denkweise gel\u00f6st werden k\u00f6nnen, durch die sie entstanden sind.<\/p>\n<p>Neben der praktischen Umsetzung des Modellkreislaufs steht gleichgewichtig die zweite S\u00e4ule der Vereinsarbeit: die Weitergabe des Wissens und der praktischen Erfahrungen aus allen Projektbereichen in erster Linie an Kinder und Jugendliche.<\/p>\n","protected":false},"excerpt":{"rendered":"<p>Der Projekttr\u00e4ger EN BUENAS MANOS (spanisch f\u00fcr: IN GUTEN H\u00c4NDEN) e.V. wurde im September 2005 von Mitgliedern des IKN International Knowledge Network for Sustainable Development (S\u00fcd-S\u00fcd-Nord-Wissensnetzwerk f\u00fcr nachhaltige Entwicklung) an der Technischen Universit\u00e4t Berlin gegr\u00fcndet und ist als gemeinn\u00fctziger Verein &hellip; <a href=\"https:\/\/www.el-pan-alegre.org\/wordpress\/en-buenas-manos-e-v\/was-wollen-wir\/unsere-werte-und-ziele\/\">Weiterlesen <span class=\"meta-nav\">&rarr;<\/span><\/a><\/p>\n","protected":false},"author":2,"featured_media":0,"parent":491,"menu_order":6,"comment_status":"closed","ping_status":"closed","template":"","meta":{"jetpack_post_was_ever_published":false,"footnotes":""},"class_list":["post-803","page","type-page","status-publish","hentry"],"yoast_head":"<!-- This site is optimized with the Yoast SEO plugin v27.4 - https:\/\/yoast.com\/product\/yoast-seo-wordpress\/ -->\n<title>Unsere Werte und Ziele - El Pan Alegre<\/title>\n<meta name=\"robots\" content=\"index, follow, max-snippet:-1, max-image-preview:large, max-video-preview:-1\" \/>\n<link rel=\"canonical\" href=\"https:\/\/www.el-pan-alegre.org\/wordpress\/en-buenas-manos-e-v\/was-wollen-wir\/unsere-werte-und-ziele\/\" \/>\n<meta property=\"og:locale\" content=\"de_DE\" \/>\n<meta property=\"og:type\" content=\"article\" \/>\n<meta property=\"og:title\" content=\"Unsere Werte und Ziele - El Pan Alegre\" \/>\n<meta property=\"og:description\" content=\"Der Projekttr\u00e4ger EN BUENAS MANOS (spanisch f\u00fcr: IN GUTEN H\u00c4NDEN) e.V. wurde im September 2005 von Mitgliedern des IKN International Knowledge Network for Sustainable Development (S\u00fcd-S\u00fcd-Nord-Wissensnetzwerk f\u00fcr nachhaltige Entwicklung) an der Technischen Universit\u00e4t Berlin gegr\u00fcndet und ist als gemeinn\u00fctziger Verein &hellip; Weiterlesen &rarr;\" \/>\n<meta property=\"og:url\" content=\"https:\/\/www.el-pan-alegre.org\/wordpress\/en-buenas-manos-e-v\/was-wollen-wir\/unsere-werte-und-ziele\/\" \/>\n<meta property=\"og:site_name\" content=\"El Pan Alegre\" \/>\n<meta property=\"article:modified_time\" content=\"2023-09-06T16:02:54+00:00\" \/>\n<meta name=\"twitter:card\" content=\"summary_large_image\" \/>\n<meta name=\"twitter:label1\" content=\"Gesch\u00e4tzte Lesezeit\" \/>\n\t<meta name=\"twitter:data1\" content=\"3\u00a0Minuten\" \/>\n<script type=\"application\/ld+json\" class=\"yoast-schema-graph\">{\"@context\":\"https:\\\/\\\/schema.org\",\"@graph\":[{\"@type\":\"WebPage\",\"@id\":\"https:\\\/\\\/www.el-pan-alegre.org\\\/wordpress\\\/en-buenas-manos-e-v\\\/was-wollen-wir\\\/unsere-werte-und-ziele\\\/\",\"url\":\"https:\\\/\\\/www.el-pan-alegre.org\\\/wordpress\\\/en-buenas-manos-e-v\\\/was-wollen-wir\\\/unsere-werte-und-ziele\\\/\",\"name\":\"Unsere Werte und Ziele - El Pan Alegre\",\"isPartOf\":{\"@id\":\"https:\\\/\\\/www.el-pan-alegre.org\\\/wordpress\\\/#website\"},\"datePublished\":\"2015-08-30T01:51:29+00:00\",\"dateModified\":\"2023-09-06T16:02:54+00:00\",\"breadcrumb\":{\"@id\":\"https:\\\/\\\/www.el-pan-alegre.org\\\/wordpress\\\/en-buenas-manos-e-v\\\/was-wollen-wir\\\/unsere-werte-und-ziele\\\/#breadcrumb\"},\"inLanguage\":\"de\",\"potentialAction\":[{\"@type\":\"ReadAction\",\"target\":[\"https:\\\/\\\/www.el-pan-alegre.org\\\/wordpress\\\/en-buenas-manos-e-v\\\/was-wollen-wir\\\/unsere-werte-und-ziele\\\/\"]}]},{\"@type\":\"BreadcrumbList\",\"@id\":\"https:\\\/\\\/www.el-pan-alegre.org\\\/wordpress\\\/en-buenas-manos-e-v\\\/was-wollen-wir\\\/unsere-werte-und-ziele\\\/#breadcrumb\",\"itemListElement\":[{\"@type\":\"ListItem\",\"position\":1,\"name\":\"Home\",\"item\":\"https:\\\/\\\/www.el-pan-alegre.org\\\/wordpress\\\/\"},{\"@type\":\"ListItem\",\"position\":2,\"name\":\"En Buenas Manos e. V.\",\"item\":\"https:\\\/\\\/www.el-pan-alegre.org\\\/wordpress\\\/en-buenas-manos-e-v\\\/\"},{\"@type\":\"ListItem\",\"position\":3,\"name\":\"Was wollen wir?\",\"item\":\"https:\\\/\\\/www.el-pan-alegre.org\\\/wordpress\\\/en-buenas-manos-e-v\\\/was-wollen-wir\\\/\"},{\"@type\":\"ListItem\",\"position\":4,\"name\":\"Unsere Werte und Ziele\"}]},{\"@type\":\"WebSite\",\"@id\":\"https:\\\/\\\/www.el-pan-alegre.org\\\/wordpress\\\/#website\",\"url\":\"https:\\\/\\\/www.el-pan-alegre.org\\\/wordpress\\\/\",\"name\":\"El Pan Alegre\",\"description\":\"Das Fr\u00f6hliche Brot\",\"potentialAction\":[{\"@type\":\"SearchAction\",\"target\":{\"@type\":\"EntryPoint\",\"urlTemplate\":\"https:\\\/\\\/www.el-pan-alegre.org\\\/wordpress\\\/?s={search_term_string}\"},\"query-input\":{\"@type\":\"PropertyValueSpecification\",\"valueRequired\":true,\"valueName\":\"search_term_string\"}}],\"inLanguage\":\"de\"}]}<\/script>\n<!-- \/ Yoast SEO plugin. -->","yoast_head_json":{"title":"Unsere Werte und Ziele - El Pan Alegre","robots":{"index":"index","follow":"follow","max-snippet":"max-snippet:-1","max-image-preview":"max-image-preview:large","max-video-preview":"max-video-preview:-1"},"canonical":"https:\/\/www.el-pan-alegre.org\/wordpress\/en-buenas-manos-e-v\/was-wollen-wir\/unsere-werte-und-ziele\/","og_locale":"de_DE","og_type":"article","og_title":"Unsere Werte und Ziele - El Pan Alegre","og_description":"Der Projekttr\u00e4ger EN BUENAS MANOS (spanisch f\u00fcr: IN GUTEN H\u00c4NDEN) e.V. wurde im September 2005 von Mitgliedern des IKN International Knowledge Network for Sustainable Development (S\u00fcd-S\u00fcd-Nord-Wissensnetzwerk f\u00fcr nachhaltige Entwicklung) an der Technischen Universit\u00e4t Berlin gegr\u00fcndet und ist als gemeinn\u00fctziger Verein &hellip; Weiterlesen &rarr;","og_url":"https:\/\/www.el-pan-alegre.org\/wordpress\/en-buenas-manos-e-v\/was-wollen-wir\/unsere-werte-und-ziele\/","og_site_name":"El Pan Alegre","article_modified_time":"2023-09-06T16:02:54+00:00","twitter_card":"summary_large_image","twitter_misc":{"Gesch\u00e4tzte Lesezeit":"3\u00a0Minuten"},"schema":{"@context":"https:\/\/schema.org","@graph":[{"@type":"WebPage","@id":"https:\/\/www.el-pan-alegre.org\/wordpress\/en-buenas-manos-e-v\/was-wollen-wir\/unsere-werte-und-ziele\/","url":"https:\/\/www.el-pan-alegre.org\/wordpress\/en-buenas-manos-e-v\/was-wollen-wir\/unsere-werte-und-ziele\/","name":"Unsere Werte und Ziele - El Pan Alegre","isPartOf":{"@id":"https:\/\/www.el-pan-alegre.org\/wordpress\/#website"},"datePublished":"2015-08-30T01:51:29+00:00","dateModified":"2023-09-06T16:02:54+00:00","breadcrumb":{"@id":"https:\/\/www.el-pan-alegre.org\/wordpress\/en-buenas-manos-e-v\/was-wollen-wir\/unsere-werte-und-ziele\/#breadcrumb"},"inLanguage":"de","potentialAction":[{"@type":"ReadAction","target":["https:\/\/www.el-pan-alegre.org\/wordpress\/en-buenas-manos-e-v\/was-wollen-wir\/unsere-werte-und-ziele\/"]}]},{"@type":"BreadcrumbList","@id":"https:\/\/www.el-pan-alegre.org\/wordpress\/en-buenas-manos-e-v\/was-wollen-wir\/unsere-werte-und-ziele\/#breadcrumb","itemListElement":[{"@type":"ListItem","position":1,"name":"Home","item":"https:\/\/www.el-pan-alegre.org\/wordpress\/"},{"@type":"ListItem","position":2,"name":"En Buenas Manos e. V.","item":"https:\/\/www.el-pan-alegre.org\/wordpress\/en-buenas-manos-e-v\/"},{"@type":"ListItem","position":3,"name":"Was wollen wir?","item":"https:\/\/www.el-pan-alegre.org\/wordpress\/en-buenas-manos-e-v\/was-wollen-wir\/"},{"@type":"ListItem","position":4,"name":"Unsere Werte und Ziele"}]},{"@type":"WebSite","@id":"https:\/\/www.el-pan-alegre.org\/wordpress\/#website","url":"https:\/\/www.el-pan-alegre.org\/wordpress\/","name":"El Pan Alegre","description":"Das Fr\u00f6hliche Brot","potentialAction":[{"@type":"SearchAction","target":{"@type":"EntryPoint","urlTemplate":"https:\/\/www.el-pan-alegre.org\/wordpress\/?s={search_term_string}"},"query-input":{"@type":"PropertyValueSpecification","valueRequired":true,"valueName":"search_term_string"}}],"inLanguage":"de"}]}},"jetpack_sharing_enabled":true,"jetpack_shortlink":"https:\/\/wp.me\/P62TDh-cX","jetpack-related-posts":[{"id":517,"url":"https:\/\/www.el-pan-alegre.org\/wordpress\/en-buenas-manos-e-v\/zum-verein\/impressum\/","url_meta":{"origin":803,"position":0},"title":"Impressum","author":"Anja Mocker","date":"22. April 2015","format":false,"excerpt":"En Buenas Manos e.V. (dt.: \u00bbIn Guten H\u00e4nden\u00ab) \u2013 Gemeinn\u00fctziger Verein zur F\u00f6rderung der Kultur, der V\u00f6lkerverst\u00e4ndigung, der Natur und des Umweltschutzes und Tr\u00e4gerverein des Projekts \u201eEl Pan Alegre - Das Fr\u00f6hliche Brot\u201c \u2013 (Vorsitzender: R. Gummlich, Strausberger Stra\u00dfe 37 \/ D-10243 Berlin) E-Mail: kontakt (at) el-pan-alegre (dot) org Das\u2026","rel":"","context":"\u00c4hnlicher Beitrag","block_context":{"text":"\u00c4hnlicher Beitrag","link":""},"img":{"alt_text":"","src":"https:\/\/i0.wp.com\/www.el-pan-alegre.org\/wordpress\/wp-content\/uploads\/2009\/01\/pict-by.png?resize=350%2C200","width":350,"height":200},"classes":[]},{"id":795,"url":"https:\/\/www.el-pan-alegre.org\/wordpress\/en-buenas-manos-e-v\/was-wollen-wir\/vereinssatzung\/","url_meta":{"origin":803,"position":1},"title":"Vereinssatzung","author":"Madeleine Porr","date":"30. August 2015","format":false,"excerpt":"\u00bbEN BUENAS MANOS\u00ab e.V. (dt.: \u00bbIn Guten H\u00e4nden\u00ab) \u00a7 1 Name, Rechtsform, Sitz, Gesch\u00e4ftsjahr Der Verein f\u00fchrt den Namen \u00bbEn Buenas Manos\u00ab e.V. Der Verein hat seinen Sitz in Berlin, Deutschland. Der Verein soll in das Vereinsregister eingetragen werden. Das Gesch\u00e4ftsjahr ist das Kalenderjahr. Das erste Rumpfgesch\u00e4ftsjahr endet am 31.12.2005.\u2026","rel":"","context":"\u00c4hnlicher Beitrag","block_context":{"text":"\u00c4hnlicher Beitrag","link":""},"img":{"alt_text":"","src":"","width":0,"height":0},"classes":[]},{"id":2193,"url":"https:\/\/www.el-pan-alegre.org\/wordpress\/en-buenas-manos-e-v\/zum-verein\/","url_meta":{"origin":803,"position":2},"title":"Zum Verein","author":"Madeleine Porr","date":"14. September 2019","format":false,"excerpt":"gegr. 2005, Sitz: Berlin institutioneller Tr\u00e4ger des Regionalentwicklungskonzepts El Pan Alegre - Das Fr\u00f6hliche Brot, Beispiel f\u00fcr geschlossene optimierte Stoffstromkreisl\u00e4ufe mit den Komponenten Amaranth und Biogas aus organischen Hausabf\u00e4llen aktuell 10 Mitglieder + 1 Ehrenmitglied, davon 5 aktiv (Vorstand, Workshops); Aktivit\u00e4ten aktuell in Berlin und Havanna\/Kuba Finanzierung aktuell durch Mitgliedsbeitr\u00e4ge,\u2026","rel":"","context":"\u00c4hnlicher Beitrag","block_context":{"text":"\u00c4hnlicher Beitrag","link":""},"img":{"alt_text":"","src":"","width":0,"height":0},"classes":[]},{"id":811,"url":"https:\/\/www.el-pan-alegre.org\/wordpress\/en-buenas-manos-e-v\/was-machen-wir\/arbeitsberichte\/","url_meta":{"origin":803,"position":3},"title":"Arbeitsberichte","author":"Madeleine Porr","date":"30. August 2015","format":false,"excerpt":"2025-Aktivit\u00e4ten En Buenas Manos in Deutschland und Kuba2024-Jahresbericht EBM (nach den Kriterien des Social Reporting Standard)2023-Jahresbericht EBM (nach den Kriterien des Social Reporting Standard)2022-Jahresbericht EBM (nach den Kriterien des Social Reporting Standard)2021-Jahresbericht EBM (nach den Kriterien des Social Reporting Standard)2020-Jahresbericht EBM (nach den Kriterien des Social Reporting Standard)2019-Jahresbericht EBM (nach\u2026","rel":"","context":"\u00c4hnlicher Beitrag","block_context":{"text":"\u00c4hnlicher Beitrag","link":""},"img":{"alt_text":"","src":"","width":0,"height":0},"classes":[]},{"id":1889,"url":"https:\/\/www.el-pan-alegre.org\/wordpress\/en-buenas-manos-e-v\/zum-verein\/datenschutz\/","url_meta":{"origin":803,"position":4},"title":"Datenschutz","author":"Madeleine Porr","date":"22. Mai 2018","format":false,"excerpt":"Datenschutzerkl\u00e4rung Verantwortlich: Madeleine Porr & Anja Mocker (s. Impressum) Wer sich als Follower auf dem Wordpress-Blog von El Pan Alegre eintr\u00e4gt, ist auch nur mit dem verwendeten Internetnutzernamen bzw. der Emailadresse gespeichert. Dar\u00fcber hinaus erheben und speichern wir keine weiteren Daten und nutzen die angegebenen Namen bzw. Adressen auch nicht\u2026","rel":"","context":"\u00c4hnlicher Beitrag","block_context":{"text":"\u00c4hnlicher Beitrag","link":""},"img":{"alt_text":"","src":"","width":0,"height":0},"classes":[]},{"id":539,"url":"https:\/\/www.el-pan-alegre.org\/wordpress\/wissen\/downloads\/","url_meta":{"origin":803,"position":5},"title":"Downloads","author":"Anja Mocker","date":"22. April 2015","format":false,"excerpt":"Hier finden Sie alle Materialien von En Buenas Manos e.V. auf einen Blick \/ a continuaci\u00f3n ustedes encontrar\u00e1n todos los materiales disponibles sobre el trabajo de En Buenas Manos: Informationsmaterial \/ informaciones BESCHREIBUNG \/ DESCRIPCI\u00d3N: DAS FR\u00d6HLICHE BROT - Flyer auf Deutsch (Au\u00dfenseite) DAS FR\u00d6HLICHE BROT - Flyer auf Deutsch\u2026","rel":"","context":"\u00c4hnlicher Beitrag","block_context":{"text":"\u00c4hnlicher Beitrag","link":""},"img":{"alt_text":"","src":"","width":0,"height":0},"classes":[]}],"_links":{"self":[{"href":"https:\/\/www.el-pan-alegre.org\/wordpress\/wp-json\/wp\/v2\/pages\/803","targetHints":{"allow":["GET"]}}],"collection":[{"href":"https:\/\/www.el-pan-alegre.org\/wordpress\/wp-json\/wp\/v2\/pages"}],"about":[{"href":"https:\/\/www.el-pan-alegre.org\/wordpress\/wp-json\/wp\/v2\/types\/page"}],"author":[{"embeddable":true,"href":"https:\/\/www.el-pan-alegre.org\/wordpress\/wp-json\/wp\/v2\/users\/2"}],"replies":[{"embeddable":true,"href":"https:\/\/www.el-pan-alegre.org\/wordpress\/wp-json\/wp\/v2\/comments?post=803"}],"version-history":[{"count":4,"href":"https:\/\/www.el-pan-alegre.org\/wordpress\/wp-json\/wp\/v2\/pages\/803\/revisions"}],"predecessor-version":[{"id":2924,"href":"https:\/\/www.el-pan-alegre.org\/wordpress\/wp-json\/wp\/v2\/pages\/803\/revisions\/2924"}],"up":[{"embeddable":true,"href":"https:\/\/www.el-pan-alegre.org\/wordpress\/wp-json\/wp\/v2\/pages\/491"}],"wp:attachment":[{"href":"https:\/\/www.el-pan-alegre.org\/wordpress\/wp-json\/wp\/v2\/media?parent=803"}],"curies":[{"name":"wp","href":"https:\/\/api.w.org\/{rel}","templated":true}]}}