{"id":778,"date":"2015-07-14T13:38:09","date_gmt":"2015-07-14T11:38:09","guid":{"rendered":"http:\/\/www.el-pan-alegre.org\/wordpress\/?page_id=778"},"modified":"2025-12-31T02:42:54","modified_gmt":"2025-12-31T01:42:54","slug":"el-pan-alegre","status":"publish","type":"page","link":"https:\/\/www.el-pan-alegre.org\/wordpress\/wissen\/konzepte\/el-pan-alegre\/","title":{"rendered":"El Pan Alegre"},"content":{"rendered":"<h2><strong>Producci\u00f3n de pan en Cuba<\/strong><\/h2>\n<ul>\n<li>\n<h2><a href=\"http:\/\/www.el-pan-alegre.org\/Problema_Efectos.pdf\">Problema &#8211; Efectos<\/a><\/h2>\n<\/li>\n<li>\n<h2><a href=\"http:\/\/www.el-pan-alegre.org\/Problema_Soluciones.pdf\">Problema &#8211; Soluciones<\/a><\/h2>\n<\/li>\n<li>\n<h2><a href=\"http:\/\/www.el-pan-alegre.org\/2018-Concepto_EL-PAN-ALEGRE.pdf\">Concepto EL PAN ALEGRE<\/a><\/h2>\n<\/li>\n<\/ul>\n<p><a href=\"http:\/\/www.el-pan-alegre.org\/TRABAJO_DIPLOMA_RANGEL_FERNANDEZ_PEREZ.htm\" target=\"_blank\" rel=\"noopener\">EL PAN ALEGRE &#8211; espa\u00f1ol (Trabajo de diploma)<\/a><\/p>\n","protected":false},"excerpt":{"rendered":"<p>Producci\u00f3n de pan en Cuba Problema &#8211; Efectos Problema &#8211; Soluciones Concepto EL PAN ALEGRE EL PAN ALEGRE &#8211; espa\u00f1ol (Trabajo de diploma)<\/p>\n","protected":false},"author":2,"featured_media":0,"parent":519,"menu_order":0,"comment_status":"open","ping_status":"open","template":"","meta":{"jetpack_post_was_ever_published":false,"footnotes":""},"class_list":["post-778","page","type-page","status-publish","hentry"],"yoast_head":"<!-- This site is optimized with the Yoast SEO plugin v27.3 - https:\/\/yoast.com\/product\/yoast-seo-wordpress\/ -->\n<title>El Pan Alegre - El Pan Alegre<\/title>\n<meta name=\"robots\" content=\"index, follow, max-snippet:-1, max-image-preview:large, max-video-preview:-1\" \/>\n<link rel=\"canonical\" href=\"https:\/\/www.el-pan-alegre.org\/wordpress\/wissen\/konzepte\/el-pan-alegre\/\" \/>\n<meta property=\"og:locale\" content=\"de_DE\" \/>\n<meta property=\"og:type\" content=\"article\" \/>\n<meta property=\"og:title\" content=\"El Pan Alegre - El Pan Alegre\" \/>\n<meta property=\"og:description\" content=\"Producci\u00f3n de pan en Cuba Problema &#8211; Efectos Problema &#8211; Soluciones Concepto EL PAN ALEGRE EL PAN ALEGRE &#8211; espa\u00f1ol (Trabajo de diploma)\" \/>\n<meta property=\"og:url\" content=\"https:\/\/www.el-pan-alegre.org\/wordpress\/wissen\/konzepte\/el-pan-alegre\/\" \/>\n<meta property=\"og:site_name\" content=\"El Pan Alegre\" \/>\n<meta property=\"article:modified_time\" content=\"2025-12-31T01:42:54+00:00\" \/>\n<meta name=\"twitter:card\" content=\"summary_large_image\" \/>\n<meta name=\"twitter:label1\" content=\"Gesch\u00e4tzte Lesezeit\" \/>\n\t<meta name=\"twitter:data1\" content=\"1\u00a0Minute\" \/>\n<script type=\"application\/ld+json\" class=\"yoast-schema-graph\">{\"@context\":\"https:\\\/\\\/schema.org\",\"@graph\":[{\"@type\":\"WebPage\",\"@id\":\"https:\\\/\\\/www.el-pan-alegre.org\\\/wordpress\\\/wissen\\\/konzepte\\\/el-pan-alegre\\\/\",\"url\":\"https:\\\/\\\/www.el-pan-alegre.org\\\/wordpress\\\/wissen\\\/konzepte\\\/el-pan-alegre\\\/\",\"name\":\"El Pan Alegre - El Pan Alegre\",\"isPartOf\":{\"@id\":\"https:\\\/\\\/www.el-pan-alegre.org\\\/wordpress\\\/#website\"},\"datePublished\":\"2015-07-14T11:38:09+00:00\",\"dateModified\":\"2025-12-31T01:42:54+00:00\",\"breadcrumb\":{\"@id\":\"https:\\\/\\\/www.el-pan-alegre.org\\\/wordpress\\\/wissen\\\/konzepte\\\/el-pan-alegre\\\/#breadcrumb\"},\"inLanguage\":\"de\",\"potentialAction\":[{\"@type\":\"ReadAction\",\"target\":[\"https:\\\/\\\/www.el-pan-alegre.org\\\/wordpress\\\/wissen\\\/konzepte\\\/el-pan-alegre\\\/\"]}]},{\"@type\":\"BreadcrumbList\",\"@id\":\"https:\\\/\\\/www.el-pan-alegre.org\\\/wordpress\\\/wissen\\\/konzepte\\\/el-pan-alegre\\\/#breadcrumb\",\"itemListElement\":[{\"@type\":\"ListItem\",\"position\":1,\"name\":\"Home\",\"item\":\"https:\\\/\\\/www.el-pan-alegre.org\\\/wordpress\\\/\"},{\"@type\":\"ListItem\",\"position\":2,\"name\":\"Wissen \\\/ Saber\",\"item\":\"https:\\\/\\\/www.el-pan-alegre.org\\\/wordpress\\\/wissen\\\/\"},{\"@type\":\"ListItem\",\"position\":3,\"name\":\"Konzepte \\\/ Conceptos\",\"item\":\"https:\\\/\\\/www.el-pan-alegre.org\\\/wordpress\\\/wissen\\\/konzepte\\\/\"},{\"@type\":\"ListItem\",\"position\":4,\"name\":\"El Pan Alegre\"}]},{\"@type\":\"WebSite\",\"@id\":\"https:\\\/\\\/www.el-pan-alegre.org\\\/wordpress\\\/#website\",\"url\":\"https:\\\/\\\/www.el-pan-alegre.org\\\/wordpress\\\/\",\"name\":\"El Pan Alegre\",\"description\":\"Das Fr\u00f6hliche Brot\",\"potentialAction\":[{\"@type\":\"SearchAction\",\"target\":{\"@type\":\"EntryPoint\",\"urlTemplate\":\"https:\\\/\\\/www.el-pan-alegre.org\\\/wordpress\\\/?s={search_term_string}\"},\"query-input\":{\"@type\":\"PropertyValueSpecification\",\"valueRequired\":true,\"valueName\":\"search_term_string\"}}],\"inLanguage\":\"de\"}]}<\/script>\n<!-- \/ Yoast SEO plugin. -->","yoast_head_json":{"title":"El Pan Alegre - El Pan Alegre","robots":{"index":"index","follow":"follow","max-snippet":"max-snippet:-1","max-image-preview":"max-image-preview:large","max-video-preview":"max-video-preview:-1"},"canonical":"https:\/\/www.el-pan-alegre.org\/wordpress\/wissen\/konzepte\/el-pan-alegre\/","og_locale":"de_DE","og_type":"article","og_title":"El Pan Alegre - El Pan Alegre","og_description":"Producci\u00f3n de pan en Cuba Problema &#8211; Efectos Problema &#8211; Soluciones Concepto EL PAN ALEGRE EL PAN ALEGRE &#8211; espa\u00f1ol (Trabajo de diploma)","og_url":"https:\/\/www.el-pan-alegre.org\/wordpress\/wissen\/konzepte\/el-pan-alegre\/","og_site_name":"El Pan Alegre","article_modified_time":"2025-12-31T01:42:54+00:00","twitter_card":"summary_large_image","twitter_misc":{"Gesch\u00e4tzte Lesezeit":"1\u00a0Minute"},"schema":{"@context":"https:\/\/schema.org","@graph":[{"@type":"WebPage","@id":"https:\/\/www.el-pan-alegre.org\/wordpress\/wissen\/konzepte\/el-pan-alegre\/","url":"https:\/\/www.el-pan-alegre.org\/wordpress\/wissen\/konzepte\/el-pan-alegre\/","name":"El Pan Alegre - El Pan Alegre","isPartOf":{"@id":"https:\/\/www.el-pan-alegre.org\/wordpress\/#website"},"datePublished":"2015-07-14T11:38:09+00:00","dateModified":"2025-12-31T01:42:54+00:00","breadcrumb":{"@id":"https:\/\/www.el-pan-alegre.org\/wordpress\/wissen\/konzepte\/el-pan-alegre\/#breadcrumb"},"inLanguage":"de","potentialAction":[{"@type":"ReadAction","target":["https:\/\/www.el-pan-alegre.org\/wordpress\/wissen\/konzepte\/el-pan-alegre\/"]}]},{"@type":"BreadcrumbList","@id":"https:\/\/www.el-pan-alegre.org\/wordpress\/wissen\/konzepte\/el-pan-alegre\/#breadcrumb","itemListElement":[{"@type":"ListItem","position":1,"name":"Home","item":"https:\/\/www.el-pan-alegre.org\/wordpress\/"},{"@type":"ListItem","position":2,"name":"Wissen \/ Saber","item":"https:\/\/www.el-pan-alegre.org\/wordpress\/wissen\/"},{"@type":"ListItem","position":3,"name":"Konzepte \/ Conceptos","item":"https:\/\/www.el-pan-alegre.org\/wordpress\/wissen\/konzepte\/"},{"@type":"ListItem","position":4,"name":"El Pan Alegre"}]},{"@type":"WebSite","@id":"https:\/\/www.el-pan-alegre.org\/wordpress\/#website","url":"https:\/\/www.el-pan-alegre.org\/wordpress\/","name":"El Pan Alegre","description":"Das Fr\u00f6hliche Brot","potentialAction":[{"@type":"SearchAction","target":{"@type":"EntryPoint","urlTemplate":"https:\/\/www.el-pan-alegre.org\/wordpress\/?s={search_term_string}"},"query-input":{"@type":"PropertyValueSpecification","valueRequired":true,"valueName":"search_term_string"}}],"inLanguage":"de"}]}},"jetpack_sharing_enabled":true,"jetpack_shortlink":"https:\/\/wp.me\/P62TDh-cy","jetpack-related-posts":[{"id":774,"url":"https:\/\/www.el-pan-alegre.org\/wordpress\/wissen\/konzepte\/das-froehliche-brot-el-pan-alegre\/","url_meta":{"origin":778,"position":0},"title":"Das Fr\u00f6hliche Brot","author":"Madeleine Porr","date":"14. Juli 2015","format":false,"excerpt":"DAS FR\u00d6HLICHE BROT - Flyer auf Deutsch (Au\u00dfenseite) DAS FR\u00d6HLICHE BROT - Flyer auf Deutsch (Innenseite) DAS FR\u00d6HLICHE BROT - deutsch DAS FR\u00d6HLICHE BROT - deutsch (Wikipedia) DAS FR\u00d6HLICHE BROT - Bildungsarbeit am Beispiel des Amaranth EL PAN ALEGRE - DAS FR\u00d6HLICHE BROT (Pressemitteilung Mai 2011)","rel":"","context":"\u00c4hnlicher Beitrag","block_context":{"text":"\u00c4hnlicher Beitrag","link":""},"img":{"alt_text":"","src":"","width":0,"height":0},"classes":[]},{"id":519,"url":"https:\/\/www.el-pan-alegre.org\/wordpress\/wissen\/konzepte\/","url_meta":{"origin":778,"position":1},"title":"Konzepte \/ Conceptos","author":"Anja Mocker","date":"22. April 2015","format":false,"excerpt":"DAS FR\u00d6HLICHE BROT EL PAN ALEGRE","rel":"","context":"\u00c4hnlicher Beitrag","block_context":{"text":"\u00c4hnlicher Beitrag","link":""},"img":{"alt_text":"","src":"","width":0,"height":0},"classes":[]},{"id":602,"url":"https:\/\/www.el-pan-alegre.org\/wordpress\/espanol\/","url_meta":{"origin":778,"position":2},"title":"espa\u00f1ol","author":"Anja Mocker","date":"23. April 2015","format":false,"excerpt":"V\u00e9anse tambi\u00e9n p\u00e1ginas en alem\u00e1n\/espa\u00f1ol Concepto EL PAN ALEGRE AMARANTO BIOGAS Actividades \u00a0","rel":"","context":"\u00c4hnlicher Beitrag","block_context":{"text":"\u00c4hnlicher Beitrag","link":""},"img":{"alt_text":"","src":"","width":0,"height":0},"classes":[]},{"id":515,"url":"https:\/\/www.el-pan-alegre.org\/wordpress\/en-buenas-manos-e-v\/zum-verein\/kontakt\/","url_meta":{"origin":778,"position":3},"title":"Kontakt","author":"Anja Mocker","date":"22. April 2015","format":false,"excerpt":"F\u00fcr alle Anfragen, Nachfragen und vertiefenden Informationen: kontakt(at)el-pan-alegre(dot)org","rel":"","context":"\u00c4hnlicher Beitrag","block_context":{"text":"\u00c4hnlicher Beitrag","link":""},"img":{"alt_text":"","src":"","width":0,"height":0},"classes":[]},{"id":539,"url":"https:\/\/www.el-pan-alegre.org\/wordpress\/wissen\/downloads\/","url_meta":{"origin":778,"position":4},"title":"Downloads","author":"Anja Mocker","date":"22. April 2015","format":false,"excerpt":"Hier finden Sie alle Materialien von En Buenas Manos e.V. auf einen Blick \/ a continuaci\u00f3n ustedes encontrar\u00e1n todos los materiales disponibles sobre el trabajo de En Buenas Manos: Informationsmaterial \/ informaciones BESCHREIBUNG \/ DESCRIPCI\u00d3N: DAS FR\u00d6HLICHE BROT - Flyer auf Deutsch (Au\u00dfenseite) DAS FR\u00d6HLICHE BROT - Flyer auf Deutsch\u2026","rel":"","context":"\u00c4hnlicher Beitrag","block_context":{"text":"\u00c4hnlicher Beitrag","link":""},"img":{"alt_text":"","src":"","width":0,"height":0},"classes":[]},{"id":1889,"url":"https:\/\/www.el-pan-alegre.org\/wordpress\/en-buenas-manos-e-v\/zum-verein\/datenschutz\/","url_meta":{"origin":778,"position":5},"title":"Datenschutz","author":"Madeleine Porr","date":"22. Mai 2018","format":false,"excerpt":"Datenschutzerkl\u00e4rung Verantwortlich: Madeleine Porr & Anja Mocker (s. Impressum) Wer sich als Follower auf dem Wordpress-Blog von El Pan Alegre eintr\u00e4gt, ist auch nur mit dem verwendeten Internetnutzernamen bzw. der Emailadresse gespeichert. Dar\u00fcber hinaus erheben und speichern wir keine weiteren Daten und nutzen die angegebenen Namen bzw. Adressen auch nicht\u2026","rel":"","context":"\u00c4hnlicher Beitrag","block_context":{"text":"\u00c4hnlicher Beitrag","link":""},"img":{"alt_text":"","src":"","width":0,"height":0},"classes":[]}],"_links":{"self":[{"href":"https:\/\/www.el-pan-alegre.org\/wordpress\/wp-json\/wp\/v2\/pages\/778","targetHints":{"allow":["GET"]}}],"collection":[{"href":"https:\/\/www.el-pan-alegre.org\/wordpress\/wp-json\/wp\/v2\/pages"}],"about":[{"href":"https:\/\/www.el-pan-alegre.org\/wordpress\/wp-json\/wp\/v2\/types\/page"}],"author":[{"embeddable":true,"href":"https:\/\/www.el-pan-alegre.org\/wordpress\/wp-json\/wp\/v2\/users\/2"}],"replies":[{"embeddable":true,"href":"https:\/\/www.el-pan-alegre.org\/wordpress\/wp-json\/wp\/v2\/comments?post=778"}],"version-history":[{"count":8,"href":"https:\/\/www.el-pan-alegre.org\/wordpress\/wp-json\/wp\/v2\/pages\/778\/revisions"}],"predecessor-version":[{"id":3172,"href":"https:\/\/www.el-pan-alegre.org\/wordpress\/wp-json\/wp\/v2\/pages\/778\/revisions\/3172"}],"up":[{"embeddable":true,"href":"https:\/\/www.el-pan-alegre.org\/wordpress\/wp-json\/wp\/v2\/pages\/519"}],"wp:attachment":[{"href":"https:\/\/www.el-pan-alegre.org\/wordpress\/wp-json\/wp\/v2\/media?parent=778"}],"curies":[{"name":"wp","href":"https:\/\/api.w.org\/{rel}","templated":true}]}}