{"id":581,"date":"2015-04-22T13:35:17","date_gmt":"2015-04-22T11:35:17","guid":{"rendered":"http:\/\/www.el-pan-alegre.org\/wordpress\/?page_id=581"},"modified":"2018-01-05T13:40:54","modified_gmt":"2018-01-05T12:40:54","slug":"actividades","status":"publish","type":"page","link":"https:\/\/www.el-pan-alegre.org\/wordpress\/machen\/actividades\/","title":{"rendered":"Actividades (Alemania, Cuba y M\u00e9xico)"},"content":{"rendered":"<ul>\n<li>\n<h2>v\u00e9anse comentarios BLOG <a href=\"http:\/\/www.el-pan-alegre.org\/wordpress\/kategorie\/espanol\/\">en espa<span style=\"font-family: Arial, sans-serif;\"><b>\u00f1ol<\/b><\/span><\/a><\/h2>\n<\/li>\n<li>\n<h2>v\u00e9anse comentarios BLOG: <a href=\"http:\/\/www.el-pan-alegre.org\/wordpress\/?s=cuba&amp;submit=Suchen\">CUBA<\/a><\/h2>\n<\/li>\n<li>\n<h2>v\u00e9anse comentarios BLOG: <a href=\"http:\/\/www.el-pan-alegre.org\/wordpress\/?s=m%C3%A9xico&amp;submit=Suchen\">M\u00c9XICO<\/a><\/h2>\n<\/li>\n<li>\n<h2><strong>v\u00e9ase sitio web <\/strong><a href=\"https:\/\/www.haciendo-almas.org\/?s=el+pan+alegre\" target=\"_blank\" rel=\"noopener\"><strong>HACIENDO ALMAS<\/strong><\/a><\/h2>\n<\/li>\n<li>\n<h2><strong>19 hasta 21 de febrero de 2013:<br \/>\na) Presentaci\u00f3n <a href=\"http:\/\/www.el-pan-alegre.org\/wordpress\/?s=proyecto+tahiti&amp;submit=Suchen\">&#8222;El Proyecto Tahit\u00ed&#8220;<\/a> <\/strong>en la<br \/>\nXXII Feria Internacional del Libro de La Habana<strong><br \/>\nb) Coloquio <a href=\"http:\/\/www.el-pan-alegre.org\/wordpress\/?s=coloquio&amp;submit=Suchen\">&#8222;HACIENDO EL FUTURO CON FUERZA LOCAL&#8220;<\/a><br \/>\n<\/strong>en la Asociaci\u00f3n Cubana de las Naciones Unidas<\/h2>\n<\/li>\n<\/ul>\n<p>&nbsp;<\/p>\n<p>&nbsp;<\/p>\n","protected":false},"excerpt":{"rendered":"<p>v\u00e9anse comentarios BLOG en espa\u00f1ol v\u00e9anse comentarios BLOG: CUBA v\u00e9anse comentarios BLOG: M\u00c9XICO v\u00e9ase sitio web HACIENDO ALMAS 19 hasta 21 de febrero de 2013: a) Presentaci\u00f3n &#8222;El Proyecto Tahit\u00ed&#8220; en la XXII Feria Internacional del Libro de La Habana &hellip; <a href=\"https:\/\/www.el-pan-alegre.org\/wordpress\/machen\/actividades\/\">Weiterlesen <span class=\"meta-nav\">&rarr;<\/span><\/a><\/p>\n","protected":false},"author":1,"featured_media":0,"parent":486,"menu_order":3,"comment_status":"closed","ping_status":"closed","template":"","meta":{"jetpack_post_was_ever_published":false,"footnotes":""},"class_list":["post-581","page","type-page","status-publish","hentry"],"yoast_head":"<!-- This site is optimized with the Yoast SEO plugin v27.3 - https:\/\/yoast.com\/product\/yoast-seo-wordpress\/ -->\n<title>Actividades (Alemania, Cuba y M\u00e9xico) - El Pan Alegre<\/title>\n<meta name=\"robots\" content=\"index, follow, max-snippet:-1, max-image-preview:large, max-video-preview:-1\" \/>\n<link rel=\"canonical\" href=\"https:\/\/www.el-pan-alegre.org\/wordpress\/machen\/actividades\/\" \/>\n<meta property=\"og:locale\" content=\"de_DE\" \/>\n<meta property=\"og:type\" content=\"article\" \/>\n<meta property=\"og:title\" content=\"Actividades (Alemania, Cuba y M\u00e9xico) - El Pan Alegre\" \/>\n<meta property=\"og:description\" content=\"v\u00e9anse comentarios BLOG en espa\u00f1ol v\u00e9anse comentarios BLOG: CUBA v\u00e9anse comentarios BLOG: M\u00c9XICO v\u00e9ase sitio web HACIENDO ALMAS 19 hasta 21 de febrero de 2013: a) Presentaci\u00f3n &#8222;El Proyecto Tahit\u00ed&#8220; en la XXII Feria Internacional del Libro de La Habana &hellip; Weiterlesen &rarr;\" \/>\n<meta property=\"og:url\" content=\"https:\/\/www.el-pan-alegre.org\/wordpress\/machen\/actividades\/\" \/>\n<meta property=\"og:site_name\" content=\"El Pan Alegre\" \/>\n<meta property=\"article:modified_time\" content=\"2018-01-05T12:40:54+00:00\" \/>\n<meta name=\"twitter:card\" content=\"summary_large_image\" \/>\n<script type=\"application\/ld+json\" class=\"yoast-schema-graph\">{\"@context\":\"https:\\\/\\\/schema.org\",\"@graph\":[{\"@type\":\"WebPage\",\"@id\":\"https:\\\/\\\/www.el-pan-alegre.org\\\/wordpress\\\/machen\\\/actividades\\\/\",\"url\":\"https:\\\/\\\/www.el-pan-alegre.org\\\/wordpress\\\/machen\\\/actividades\\\/\",\"name\":\"Actividades (Alemania, Cuba y M\u00e9xico) - El Pan Alegre\",\"isPartOf\":{\"@id\":\"https:\\\/\\\/www.el-pan-alegre.org\\\/wordpress\\\/#website\"},\"datePublished\":\"2015-04-22T11:35:17+00:00\",\"dateModified\":\"2018-01-05T12:40:54+00:00\",\"breadcrumb\":{\"@id\":\"https:\\\/\\\/www.el-pan-alegre.org\\\/wordpress\\\/machen\\\/actividades\\\/#breadcrumb\"},\"inLanguage\":\"de\",\"potentialAction\":[{\"@type\":\"ReadAction\",\"target\":[\"https:\\\/\\\/www.el-pan-alegre.org\\\/wordpress\\\/machen\\\/actividades\\\/\"]}]},{\"@type\":\"BreadcrumbList\",\"@id\":\"https:\\\/\\\/www.el-pan-alegre.org\\\/wordpress\\\/machen\\\/actividades\\\/#breadcrumb\",\"itemListElement\":[{\"@type\":\"ListItem\",\"position\":1,\"name\":\"Home\",\"item\":\"https:\\\/\\\/www.el-pan-alegre.org\\\/wordpress\\\/\"},{\"@type\":\"ListItem\",\"position\":2,\"name\":\"Machen \\\/ Hacer\",\"item\":\"https:\\\/\\\/www.el-pan-alegre.org\\\/wordpress\\\/machen\\\/\"},{\"@type\":\"ListItem\",\"position\":3,\"name\":\"Actividades (Alemania, Cuba y M\u00e9xico)\"}]},{\"@type\":\"WebSite\",\"@id\":\"https:\\\/\\\/www.el-pan-alegre.org\\\/wordpress\\\/#website\",\"url\":\"https:\\\/\\\/www.el-pan-alegre.org\\\/wordpress\\\/\",\"name\":\"El Pan Alegre\",\"description\":\"Das Fr\u00f6hliche Brot\",\"potentialAction\":[{\"@type\":\"SearchAction\",\"target\":{\"@type\":\"EntryPoint\",\"urlTemplate\":\"https:\\\/\\\/www.el-pan-alegre.org\\\/wordpress\\\/?s={search_term_string}\"},\"query-input\":{\"@type\":\"PropertyValueSpecification\",\"valueRequired\":true,\"valueName\":\"search_term_string\"}}],\"inLanguage\":\"de\"}]}<\/script>\n<!-- \/ Yoast SEO plugin. -->","yoast_head_json":{"title":"Actividades (Alemania, Cuba y M\u00e9xico) - El Pan Alegre","robots":{"index":"index","follow":"follow","max-snippet":"max-snippet:-1","max-image-preview":"max-image-preview:large","max-video-preview":"max-video-preview:-1"},"canonical":"https:\/\/www.el-pan-alegre.org\/wordpress\/machen\/actividades\/","og_locale":"de_DE","og_type":"article","og_title":"Actividades (Alemania, Cuba y M\u00e9xico) - El Pan Alegre","og_description":"v\u00e9anse comentarios BLOG en espa\u00f1ol v\u00e9anse comentarios BLOG: CUBA v\u00e9anse comentarios BLOG: M\u00c9XICO v\u00e9ase sitio web HACIENDO ALMAS 19 hasta 21 de febrero de 2013: a) Presentaci\u00f3n &#8222;El Proyecto Tahit\u00ed&#8220; en la XXII Feria Internacional del Libro de La Habana &hellip; Weiterlesen &rarr;","og_url":"https:\/\/www.el-pan-alegre.org\/wordpress\/machen\/actividades\/","og_site_name":"El Pan Alegre","article_modified_time":"2018-01-05T12:40:54+00:00","twitter_card":"summary_large_image","schema":{"@context":"https:\/\/schema.org","@graph":[{"@type":"WebPage","@id":"https:\/\/www.el-pan-alegre.org\/wordpress\/machen\/actividades\/","url":"https:\/\/www.el-pan-alegre.org\/wordpress\/machen\/actividades\/","name":"Actividades (Alemania, Cuba y M\u00e9xico) - El Pan Alegre","isPartOf":{"@id":"https:\/\/www.el-pan-alegre.org\/wordpress\/#website"},"datePublished":"2015-04-22T11:35:17+00:00","dateModified":"2018-01-05T12:40:54+00:00","breadcrumb":{"@id":"https:\/\/www.el-pan-alegre.org\/wordpress\/machen\/actividades\/#breadcrumb"},"inLanguage":"de","potentialAction":[{"@type":"ReadAction","target":["https:\/\/www.el-pan-alegre.org\/wordpress\/machen\/actividades\/"]}]},{"@type":"BreadcrumbList","@id":"https:\/\/www.el-pan-alegre.org\/wordpress\/machen\/actividades\/#breadcrumb","itemListElement":[{"@type":"ListItem","position":1,"name":"Home","item":"https:\/\/www.el-pan-alegre.org\/wordpress\/"},{"@type":"ListItem","position":2,"name":"Machen \/ Hacer","item":"https:\/\/www.el-pan-alegre.org\/wordpress\/machen\/"},{"@type":"ListItem","position":3,"name":"Actividades (Alemania, Cuba y M\u00e9xico)"}]},{"@type":"WebSite","@id":"https:\/\/www.el-pan-alegre.org\/wordpress\/#website","url":"https:\/\/www.el-pan-alegre.org\/wordpress\/","name":"El Pan Alegre","description":"Das Fr\u00f6hliche Brot","potentialAction":[{"@type":"SearchAction","target":{"@type":"EntryPoint","urlTemplate":"https:\/\/www.el-pan-alegre.org\/wordpress\/?s={search_term_string}"},"query-input":{"@type":"PropertyValueSpecification","valueRequired":true,"valueName":"search_term_string"}}],"inLanguage":"de"}]}},"jetpack_sharing_enabled":true,"jetpack_shortlink":"https:\/\/wp.me\/P62TDh-9n","jetpack-related-posts":[{"id":602,"url":"https:\/\/www.el-pan-alegre.org\/wordpress\/espanol\/","url_meta":{"origin":581,"position":0},"title":"espa\u00f1ol","author":"Anja Mocker","date":"23. April 2015","format":false,"excerpt":"V\u00e9anse tambi\u00e9n p\u00e1ginas en alem\u00e1n\/espa\u00f1ol Concepto EL PAN ALEGRE AMARANTO BIOGAS Actividades \u00a0","rel":"","context":"\u00c4hnlicher Beitrag","block_context":{"text":"\u00c4hnlicher Beitrag","link":""},"img":{"alt_text":"","src":"","width":0,"height":0},"classes":[]},{"id":573,"url":"https:\/\/www.el-pan-alegre.org\/wordpress\/wissen\/themen\/laender\/","url_meta":{"origin":581,"position":1},"title":"&#8230; in den L\u00e4ndern \/ por pa\u00edses \/ in different countries","author":"Anja Mocker","date":"22. April 2015","format":false,"excerpt":"ALAI - Agencia Latinoamericana de Informaci\u00f3n BOLIVIA (Esp) - Fundaci\u00f3n UNIR Bolivia BRASIL: Curitiba - Programa exitoso de reciclaje colectivo de basura CHINA: Die Mosuo - Friedliche matriarchale Gesellschaft, die das Wort \"Mord\" nicht kennt CHINA: The Mosuo - Pacific matriarcal society which doesn't have a word for \"murder\" CHINA:\u2026","rel":"","context":"\u00c4hnlicher Beitrag","block_context":{"text":"\u00c4hnlicher Beitrag","link":""},"img":{"alt_text":"","src":"","width":0,"height":0},"classes":[]},{"id":567,"url":"https:\/\/www.el-pan-alegre.org\/wordpress\/machen\/vernetzung\/","url_meta":{"origin":581,"position":2},"title":"Vernetzung","author":"Anja Mocker","date":"22. April 2015","format":false,"excerpt":"Netzwerken in Deutschland und Kuba: Ansprechpartnerin: Madeleine Porr, kontakt[at]el-pan-alegre.org Vernetzung mit ... \/ Enlace con ... ackerdemia Akademie f\u00fcr Visionautik Aktion Mensch Anja Mocker ATB Leibniz-Institut f\u00fcr Agrartechnik Potsdam-Bornim Berlin 21 Berliner Innovationskreis Blogpatenschaften bpb - Bundeszentrale f\u00fcr politische Bildung Der Parit\u00e4tische Berlin (Deutscher Parit\u00e4tischer Wohlfahrtsverband, Landesverband Berlin e. V.)\u2026","rel":"","context":"Mit 1 Kommentar","block_context":{"text":"Mit 1 Kommentar","link":"https:\/\/www.el-pan-alegre.org\/wordpress\/machen\/vernetzung\/#comments"},"img":{"alt_text":"","src":"","width":0,"height":0},"classes":[]},{"id":486,"url":"https:\/\/www.el-pan-alegre.org\/wordpress\/machen\/","url_meta":{"origin":581,"position":3},"title":"Machen \/ Hacer","author":"Anja Mocker","date":"22. April 2015","format":false,"excerpt":"Projekte Deutschland Aktivit\u00e4ten in Kuba und Mexiko Actividades (Alemania, Cuba y M\u00e9xico) Vernetzung Kochen & Backen mit Amaranth","rel":"","context":"\u00c4hnlicher Beitrag","block_context":{"text":"\u00c4hnlicher Beitrag","link":""},"img":{"alt_text":"","src":"","width":0,"height":0},"classes":[]},{"id":778,"url":"https:\/\/www.el-pan-alegre.org\/wordpress\/wissen\/konzepte\/el-pan-alegre\/","url_meta":{"origin":581,"position":4},"title":"El Pan Alegre","author":"Madeleine Porr","date":"14. Juli 2015","format":false,"excerpt":"Producci\u00f3n de pan en Cuba Problema - Efectos Problema - Soluciones Concepto EL PAN ALEGRE EL PAN ALEGRE - espa\u00f1ol (Trabajo de diploma)","rel":"","context":"\u00c4hnlicher Beitrag","block_context":{"text":"\u00c4hnlicher Beitrag","link":""},"img":{"alt_text":"","src":"","width":0,"height":0},"classes":[]},{"id":1098,"url":"https:\/\/www.el-pan-alegre.org\/wordpress\/galerie\/2011-torneo-de-scrabble-medioambiental-la-habana\/","url_meta":{"origin":581,"position":5},"title":"2011: Torneo de Scrabble Medioambiental, La Habana","author":"Madeleine Porr","date":"2. November 2015","format":false,"excerpt":"SU INICIO EN CUBA \u00a0Pulse aqu\u00ed para conocer a sus ra\u00edces: 2011-Torneo_Scrabble","rel":"","context":"\u00c4hnlicher Beitrag","block_context":{"text":"\u00c4hnlicher Beitrag","link":""},"img":{"alt_text":"1a","src":"https:\/\/i0.wp.com\/www.el-pan-alegre.org\/wordpress\/wp-content\/uploads\/2015\/11\/1a-300x218.jpg?resize=350%2C200","width":350,"height":200},"classes":[]}],"_links":{"self":[{"href":"https:\/\/www.el-pan-alegre.org\/wordpress\/wp-json\/wp\/v2\/pages\/581","targetHints":{"allow":["GET"]}}],"collection":[{"href":"https:\/\/www.el-pan-alegre.org\/wordpress\/wp-json\/wp\/v2\/pages"}],"about":[{"href":"https:\/\/www.el-pan-alegre.org\/wordpress\/wp-json\/wp\/v2\/types\/page"}],"author":[{"embeddable":true,"href":"https:\/\/www.el-pan-alegre.org\/wordpress\/wp-json\/wp\/v2\/users\/1"}],"replies":[{"embeddable":true,"href":"https:\/\/www.el-pan-alegre.org\/wordpress\/wp-json\/wp\/v2\/comments?post=581"}],"version-history":[{"count":12,"href":"https:\/\/www.el-pan-alegre.org\/wordpress\/wp-json\/wp\/v2\/pages\/581\/revisions"}],"predecessor-version":[{"id":1882,"href":"https:\/\/www.el-pan-alegre.org\/wordpress\/wp-json\/wp\/v2\/pages\/581\/revisions\/1882"}],"up":[{"embeddable":true,"href":"https:\/\/www.el-pan-alegre.org\/wordpress\/wp-json\/wp\/v2\/pages\/486"}],"wp:attachment":[{"href":"https:\/\/www.el-pan-alegre.org\/wordpress\/wp-json\/wp\/v2\/media?parent=581"}],"curies":[{"name":"wp","href":"https:\/\/api.w.org\/{rel}","templated":true}]}}