{"id":573,"date":"2015-04-22T12:34:42","date_gmt":"2015-04-22T10:34:42","guid":{"rendered":"http:\/\/www.el-pan-alegre.org\/wordpress\/?page_id=573"},"modified":"2018-01-05T13:24:45","modified_gmt":"2018-01-05T12:24:45","slug":"laender","status":"publish","type":"page","link":"https:\/\/www.el-pan-alegre.org\/wordpress\/wissen\/themen\/laender\/","title":{"rendered":"&#8230; in den L\u00e4ndern \/ por pa\u00edses \/ in different countries"},"content":{"rendered":"<ul>\n<li><a href=\"http:\/\/www.alainet.org\/\">ALAI &#8211; Agencia Latinoamericana de Informaci\u00f3n<\/a><\/li>\n<li><a href=\"http:\/\/unirbolivia.org\/nuevo\/\">BOLIVIA (Esp) &#8211; Fundaci\u00f3n UNIR Bolivia<\/a><\/li>\n<li><a href=\"http:\/\/habitat.aq.upm.es\/bpal\/onu02\/bp240.html\">BRASIL: Curitiba &#8211; Programa exitoso de reciclaje colectivo de basura<\/a><\/li>\n<li><a href=\"http:\/\/www.zeit.de\/1998\/40\/199840.mosuo_.xml\">CHINA: Die Mosuo &#8211; Friedliche matriarchale Gesellschaft, die das Wort &#8222;Mord&#8220; nicht kennt<\/a><\/li>\n<li><a href=\"http:\/\/www.spiegel.de\/international\/zeitgeist\/0,1518,627363,00.html\">CHINA: The Mosuo &#8211; Pacific matriarcal society which doesn&#8217;t have a word for &#8222;murder&#8220;<\/a><\/li>\n<li><a href=\"http:\/\/www.analitica.com\/mujeranalitica\/organizacionesfemeninas\/7747868.asp\">CHINA: L@s Mosuo &#8211; Sociedad pac\u00edfica matrilineal que no conoce la palabra &#8222;asesinato&#8220;<\/a><\/li>\n<li><a href=\"http:\/\/www.youtube.com\/watch?v=np_rv5ZNGoQ&amp;feature=related\">COLOMBIA: Ecoaldea Villa Maga<\/a><\/li>\n<li><a href=\"http:\/\/www.zeit.de\/2006\/34\/Das_Oekoparadies_im_Hinterhof\">CUBA (D): &#8222;\u00d6koparadies im Hinterhof&#8220; \/ Urbane Landwirtschaft in Kuba &#8211; Hannover, J.<\/a><\/li>\n<li><a href=\"http:\/\/cc.bingj.com\/cache.aspx?q=pial+cuba&amp;d=4738435944482965&amp;mkt=de-DE&amp;w=4fa93245,42b83ef4\">CUBA: PIAL &#8211; Desarrollo local agropecuario<\/a><\/li>\n<li><a href=\"http:\/\/www.welthungerhilfe.de\/fileadmin\/media\/pdf\/Englische_Seite\/Projects\/CUB_1032-folleto.pdf\">CUBA: PIAL (folleto de la Agro Acci\u00f3n Alemana)<\/a><\/li>\n<li><a href=\"http:\/\/www.ipsnews.net\/news.asp?idnews=45480\">CUBA (Eng): PIAL &#8211; Women farmers bring innovation to the mountains<\/a><\/li>\n<li><a href=\"http:\/\/www.cubainformacion.tv\/index.php?option=com_content&amp;task=view&amp;id=6760&amp;Itemid=86\">CUBA: Proyecto Mujer Rural ANAP (pel\u00edcula 15 min.)<\/a><\/li>\n<li><a href=\"http:\/\/www.mma.es\/portal\/secciones\/formacion_educacion\/recursos\/rec_quien\/cigea.htm\">CUBA: CIGEA &#8211; Centro de Informaci\u00f3n, Gesti\u00f3n y Educaci\u00f3n Ambiental<\/a><\/li>\n<li><a href=\"http:\/\/www.solarenergy.org\/resources\/docs\/Alternatives34n5_6LG-Stone.pdf\">CUBA (Eng): Energetic Revolution \/ some facts about it &#8211; Laurie Guevara-Stone<\/a><\/li>\n<li><a href=\"http:\/\/www.agriculturesnetwork.org\/magazines\/global\/women-and-food-sovereignty\/cubas-success-story-further-developed\">CUBA (Eng): Urban agriculture &#8211; &#8222;A success story, further developed&#8220;<\/a><\/li>\n<li><a href=\"http:\/\/www.barum-energie.de\/Bio-Solar-Haus.4180.0.html\">DEUTSCHLAND. Bio-Solar-Haus<\/a><\/li>\n<li><a href=\"http:\/\/www.climate-couching.com\/Idee.html\">DEUTSCHLAND: Climate Couching<\/a><\/li>\n<li><a href=\"http:\/\/www.forum-fairer-handel.de\/index.php#2\">DEUTSCHLAND: Forum Fairer Handel<\/a><\/li>\n<li><a href=\"http:\/\/www.wdr.de\/tv\/ardheim\/sendungen\/2011\/mai\/110508_4.phtml\">DEUTSCHLAND: Interkulturelle G\u00e4rten in Berlin (Fernsehbeitrag WDR)<\/a><\/li>\n<li><a href=\"http:\/\/www.berlin.de\/imperia\/md\/content\/batreptowkoepenick\/verwaltungbzbm\/lokaleagenda21.pdf?start&amp;ts=1122894951&amp;file=lokaleagenda21.pdf\">DEUTSCHLAND &#8211; Lokale Agenda 21 Treptow-K\u00f6penick\/Berlin<\/a><\/li>\n<li><a href=\"http:\/\/www.mehr-wissen-mehr-tun.de\/index.php?id=wissenswert\">DEUTSCHLAND &#8211; Nachhaltigkeitsinitiative &#8222;Mehr wissen, mehr tun!&#8220;<\/a><\/li>\n<li><a href=\"http:\/\/www.bne-portal.de\/nationaler-aktionsplan\">DEUTSCHLAND &#8211; Nationaler Aktionsplan der UN-Weltdekade &#8222;Bildung f\u00fcr nachhaltige Entwicklung&#8220; 2005-14<\/a><\/li>\n<li><a href=\"http:\/\/www.ews-schoenau.de\/\">DEUTSCHLAND: \u00d6kostrom &#8211; EWS<\/a><\/li>\n<li><a href=\"http:\/\/www.lichtblick.de\/h\/index.php\">DEUTSCHLAND: \u00d6kostrom &#8211; Lichtblick<\/a><\/li>\n<li><a href=\"http:\/\/www.naturstrom.de\/\">DEUTSCHLAND: \u00d6kostrom &#8211; naturstrom<\/a><\/li>\n<li><a href=\"http:\/\/www.umweltinstitut.org\/\">DEUTSCHLAND: Umweltinstitut M\u00fcnchen e.V.<\/a><\/li>\n<li><a href=\"http:\/\/www.schrotundkorn.de\/2008\/200805b09.html\">DEUTSCHLAND: W\u00fcrmer, die produktivsten Bodenbearbeiter in der Landwirtschaft &#8211; Bioland-Hof Braun<\/a><\/li>\n<li><a href=\"http:\/\/www.regiogeld.de\/\">DEUTSCHLAND\/\u00d6STERREICH\/SCHWEIZ: Regiogeld e.V.<\/a><\/li>\n<li><a href=\"http:\/\/www.amjupre.org.ec\/quienes-somos\">ECUADOR &#8211; Lideresas Rurales AMJUPRE<\/a><\/li>\n<li><a href=\"http:\/\/www.glokal.org\/wordpress\/wp-content\/uploads\/2011\/05\/BroschuereReiseberichteundRassismus.pdf\">EUROPA: Reiseberichte und Rassismus &#8211; Brosch\u00fcre im Rahmen der (entwicklungs-)politischen Bildungsarbeit (glokal e.V.)<\/a><\/li>\n<li><a href=\"http:\/\/www.eco-tecnologia.com\/portal\/empresa.php\">HONDURAS: &#8222;Eco-Tec&#8220; Soluciones Ambientales (botellas pl\u00e1sticas+tierra+escombros+trabajo comunitario = construcci\u00f3n innovadora para el desarrollo local)<\/a><\/li>\n<li><a href=\"http:\/\/www.lafti.net\/about_us.html\">INDIA: Krishnammal Jagannathan &#8211; Land for Tiller&#8217;s Freedom<\/a><\/li>\n<li><a href=\"http:\/\/greenbeltmovement.org\/w.php?id=61\">KENYA: Wangari Maathai &#8211; The Green Belt Movement<\/a><\/li>\n<li><a href=\"http:\/\/www.acuaviva.org\/contacto.html\">M\u00c9XICO &#8211; Centro de Innovaci\u00f3n en Tecnolog\u00eda Alternativa (CITA)<\/a><\/li>\n<li><a href=\"http:\/\/www.thur.de\/philo\/juch.htm\">MEXIKO: Juchit\u00e1n &#8211; &#8222;Stadt der Frauen&#8220; \/ Lokale Eigenst\u00e4ndigkeit in der globalen Marktwirtschaft<\/a><\/li>\n<li><a href=\"http:\/\/matriarchy.info\/index.php?option=com_content&amp;task=view&amp;id=149&amp;Itemid=83\">MEXICO: Juchit\u00e1n &#8211; &#8222;City of women&#8220; \/ Local autonomy within global market economy<\/a><\/li>\n<li><a href=\"http:\/\/www.raco.cat\/index.php\/DUODA\/article\/view\/62653\/90716\">M\u00c9XICO: Juchit\u00e1n &#8211; &#8222;Ciudad de las mujeres&#8220; \/ Autonom\u00eda local en la econom\u00eda global<\/a><\/li>\n<li><a href=\"http:\/\/www.renamur.org.mx\/quehacemos.html\">M\u00c9XICO &#8211; Red nacional de mujeres rurales (RENAMUR)<\/a><\/li>\n<li><a href=\"http:\/\/greennigeria.wordpress.com\/2011\/08\/12\/nigeria-recycles-plastic-bottles-into-housing\/\">NIGERIA: Recycling of plastic bottles into housing<\/a><\/li>\n<li><a href=\"http:\/\/www.talentiert.at\/index.php?id=48\">\u00d6STERREICH: Regionalwirtschaft mit &#8222;Talenten&#8220;<\/a><\/li>\n<li><a href=\"http:\/\/ecomanos.wordpress.com\/about\/\">PER\u00da: Ecomanos (femeninas) &#8211; Productos de papel reciclado<\/a><\/li>\n<li><a href=\"http:\/\/tradicionesperu.org\/index.php?id=nuestro_directorio$tradiciones=4\">PERU: Red Respeta Tradiciones<\/a><\/li>\n<\/ul>\n<p>&nbsp;<\/p>\n<p>&nbsp;<\/p>\n<p>&nbsp;<\/p>\n","protected":false},"excerpt":{"rendered":"<p>ALAI &#8211; Agencia Latinoamericana de Informaci\u00f3n BOLIVIA (Esp) &#8211; Fundaci\u00f3n UNIR Bolivia BRASIL: Curitiba &#8211; Programa exitoso de reciclaje colectivo de basura CHINA: Die Mosuo &#8211; Friedliche matriarchale Gesellschaft, die das Wort &#8222;Mord&#8220; nicht kennt CHINA: The Mosuo &#8211; Pacific &hellip; <a href=\"https:\/\/www.el-pan-alegre.org\/wordpress\/wissen\/themen\/laender\/\">Weiterlesen <span class=\"meta-nav\">&rarr;<\/span><\/a><\/p>\n","protected":false},"author":1,"featured_media":0,"parent":523,"menu_order":6,"comment_status":"open","ping_status":"closed","template":"","meta":{"jetpack_post_was_ever_published":false,"footnotes":""},"class_list":["post-573","page","type-page","status-publish","hentry"],"yoast_head":"<!-- This site is optimized with the Yoast SEO plugin v27.5 - https:\/\/yoast.com\/product\/yoast-seo-wordpress\/ -->\n<title>... in den L\u00e4ndern \/ por pa\u00edses \/ in different countries - El Pan Alegre<\/title>\n<meta name=\"robots\" content=\"index, follow, max-snippet:-1, max-image-preview:large, max-video-preview:-1\" \/>\n<link rel=\"canonical\" href=\"https:\/\/www.el-pan-alegre.org\/wordpress\/wissen\/themen\/laender\/\" \/>\n<meta property=\"og:locale\" content=\"de_DE\" \/>\n<meta property=\"og:type\" content=\"article\" \/>\n<meta property=\"og:title\" content=\"... in den L\u00e4ndern \/ por pa\u00edses \/ in different countries - El Pan Alegre\" \/>\n<meta property=\"og:description\" content=\"ALAI &#8211; Agencia Latinoamericana de Informaci\u00f3n BOLIVIA (Esp) &#8211; Fundaci\u00f3n UNIR Bolivia BRASIL: Curitiba &#8211; Programa exitoso de reciclaje colectivo de basura CHINA: Die Mosuo &#8211; Friedliche matriarchale Gesellschaft, die das Wort &#8222;Mord&#8220; nicht kennt CHINA: The Mosuo &#8211; Pacific &hellip; Weiterlesen &rarr;\" \/>\n<meta property=\"og:url\" content=\"https:\/\/www.el-pan-alegre.org\/wordpress\/wissen\/themen\/laender\/\" \/>\n<meta property=\"og:site_name\" content=\"El Pan Alegre\" \/>\n<meta property=\"article:modified_time\" content=\"2018-01-05T12:24:45+00:00\" \/>\n<meta name=\"twitter:card\" content=\"summary_large_image\" \/>\n<meta name=\"twitter:label1\" content=\"Gesch\u00e4tzte Lesezeit\" \/>\n\t<meta name=\"twitter:data1\" content=\"2\u00a0Minuten\" \/>\n<script type=\"application\/ld+json\" class=\"yoast-schema-graph\">{\"@context\":\"https:\\\/\\\/schema.org\",\"@graph\":[{\"@type\":\"WebPage\",\"@id\":\"https:\\\/\\\/www.el-pan-alegre.org\\\/wordpress\\\/wissen\\\/themen\\\/laender\\\/\",\"url\":\"https:\\\/\\\/www.el-pan-alegre.org\\\/wordpress\\\/wissen\\\/themen\\\/laender\\\/\",\"name\":\"... in den L\u00e4ndern \\\/ por pa\u00edses \\\/ in different countries - El Pan Alegre\",\"isPartOf\":{\"@id\":\"https:\\\/\\\/www.el-pan-alegre.org\\\/wordpress\\\/#website\"},\"datePublished\":\"2015-04-22T10:34:42+00:00\",\"dateModified\":\"2018-01-05T12:24:45+00:00\",\"breadcrumb\":{\"@id\":\"https:\\\/\\\/www.el-pan-alegre.org\\\/wordpress\\\/wissen\\\/themen\\\/laender\\\/#breadcrumb\"},\"inLanguage\":\"de\",\"potentialAction\":[{\"@type\":\"ReadAction\",\"target\":[\"https:\\\/\\\/www.el-pan-alegre.org\\\/wordpress\\\/wissen\\\/themen\\\/laender\\\/\"]}]},{\"@type\":\"BreadcrumbList\",\"@id\":\"https:\\\/\\\/www.el-pan-alegre.org\\\/wordpress\\\/wissen\\\/themen\\\/laender\\\/#breadcrumb\",\"itemListElement\":[{\"@type\":\"ListItem\",\"position\":1,\"name\":\"Home\",\"item\":\"https:\\\/\\\/www.el-pan-alegre.org\\\/wordpress\\\/\"},{\"@type\":\"ListItem\",\"position\":2,\"name\":\"Wissen \\\/ Saber\",\"item\":\"https:\\\/\\\/www.el-pan-alegre.org\\\/wordpress\\\/wissen\\\/\"},{\"@type\":\"ListItem\",\"position\":3,\"name\":\"Themen \\\/ Temas\",\"item\":\"https:\\\/\\\/www.el-pan-alegre.org\\\/wordpress\\\/wissen\\\/themen\\\/\"},{\"@type\":\"ListItem\",\"position\":4,\"name\":\"&#8230; in den L\u00e4ndern \\\/ por pa\u00edses \\\/ in different countries\"}]},{\"@type\":\"WebSite\",\"@id\":\"https:\\\/\\\/www.el-pan-alegre.org\\\/wordpress\\\/#website\",\"url\":\"https:\\\/\\\/www.el-pan-alegre.org\\\/wordpress\\\/\",\"name\":\"El Pan Alegre\",\"description\":\"Das Fr\u00f6hliche Brot\",\"potentialAction\":[{\"@type\":\"SearchAction\",\"target\":{\"@type\":\"EntryPoint\",\"urlTemplate\":\"https:\\\/\\\/www.el-pan-alegre.org\\\/wordpress\\\/?s={search_term_string}\"},\"query-input\":{\"@type\":\"PropertyValueSpecification\",\"valueRequired\":true,\"valueName\":\"search_term_string\"}}],\"inLanguage\":\"de\"}]}<\/script>\n<!-- \/ Yoast SEO plugin. -->","yoast_head_json":{"title":"... in den L\u00e4ndern \/ por pa\u00edses \/ in different countries - El Pan Alegre","robots":{"index":"index","follow":"follow","max-snippet":"max-snippet:-1","max-image-preview":"max-image-preview:large","max-video-preview":"max-video-preview:-1"},"canonical":"https:\/\/www.el-pan-alegre.org\/wordpress\/wissen\/themen\/laender\/","og_locale":"de_DE","og_type":"article","og_title":"... in den L\u00e4ndern \/ por pa\u00edses \/ in different countries - El Pan Alegre","og_description":"ALAI &#8211; Agencia Latinoamericana de Informaci\u00f3n BOLIVIA (Esp) &#8211; Fundaci\u00f3n UNIR Bolivia BRASIL: Curitiba &#8211; Programa exitoso de reciclaje colectivo de basura CHINA: Die Mosuo &#8211; Friedliche matriarchale Gesellschaft, die das Wort &#8222;Mord&#8220; nicht kennt CHINA: The Mosuo &#8211; Pacific &hellip; Weiterlesen &rarr;","og_url":"https:\/\/www.el-pan-alegre.org\/wordpress\/wissen\/themen\/laender\/","og_site_name":"El Pan Alegre","article_modified_time":"2018-01-05T12:24:45+00:00","twitter_card":"summary_large_image","twitter_misc":{"Gesch\u00e4tzte Lesezeit":"2\u00a0Minuten"},"schema":{"@context":"https:\/\/schema.org","@graph":[{"@type":"WebPage","@id":"https:\/\/www.el-pan-alegre.org\/wordpress\/wissen\/themen\/laender\/","url":"https:\/\/www.el-pan-alegre.org\/wordpress\/wissen\/themen\/laender\/","name":"... in den L\u00e4ndern \/ por pa\u00edses \/ in different countries - El Pan Alegre","isPartOf":{"@id":"https:\/\/www.el-pan-alegre.org\/wordpress\/#website"},"datePublished":"2015-04-22T10:34:42+00:00","dateModified":"2018-01-05T12:24:45+00:00","breadcrumb":{"@id":"https:\/\/www.el-pan-alegre.org\/wordpress\/wissen\/themen\/laender\/#breadcrumb"},"inLanguage":"de","potentialAction":[{"@type":"ReadAction","target":["https:\/\/www.el-pan-alegre.org\/wordpress\/wissen\/themen\/laender\/"]}]},{"@type":"BreadcrumbList","@id":"https:\/\/www.el-pan-alegre.org\/wordpress\/wissen\/themen\/laender\/#breadcrumb","itemListElement":[{"@type":"ListItem","position":1,"name":"Home","item":"https:\/\/www.el-pan-alegre.org\/wordpress\/"},{"@type":"ListItem","position":2,"name":"Wissen \/ Saber","item":"https:\/\/www.el-pan-alegre.org\/wordpress\/wissen\/"},{"@type":"ListItem","position":3,"name":"Themen \/ Temas","item":"https:\/\/www.el-pan-alegre.org\/wordpress\/wissen\/themen\/"},{"@type":"ListItem","position":4,"name":"&#8230; in den L\u00e4ndern \/ por pa\u00edses \/ in different countries"}]},{"@type":"WebSite","@id":"https:\/\/www.el-pan-alegre.org\/wordpress\/#website","url":"https:\/\/www.el-pan-alegre.org\/wordpress\/","name":"El Pan Alegre","description":"Das Fr\u00f6hliche Brot","potentialAction":[{"@type":"SearchAction","target":{"@type":"EntryPoint","urlTemplate":"https:\/\/www.el-pan-alegre.org\/wordpress\/?s={search_term_string}"},"query-input":{"@type":"PropertyValueSpecification","valueRequired":true,"valueName":"search_term_string"}}],"inLanguage":"de"}]}},"jetpack_sharing_enabled":true,"jetpack_shortlink":"https:\/\/wp.me\/P62TDh-9f","jetpack-related-posts":[{"id":525,"url":"https:\/\/www.el-pan-alegre.org\/wordpress\/wissen\/themen\/amaranth\/","url_meta":{"origin":573,"position":0},"title":"Amaranth \/ Amaranto","author":"Anja Mocker","date":"22. April 2015","format":false,"excerpt":"Amaranth (D) - Pr\u00e4sentation (Landwirtschaft - Ern\u00e4hrung - Gastronomie - Medizin - Wellness) Amaranth (D) - \u00dcberblick Amaranth (D) - Vielfacher Nutzen (inkl. Glutenfreiheit) Amaranth (D) - Daten zum N\u00e4hrwert Amaranth (D) - Rezepte Amaranth (D) - Tee aus den Amaranth-Bl\u00e4ttern Amaranth (D) - Teil des Landwirtschaftssystems Milpa-Solar Amaranth (D)\u2026","rel":"","context":"\u00c4hnlicher Beitrag","block_context":{"text":"\u00c4hnlicher Beitrag","link":""},"img":{"alt_text":"","src":"","width":0,"height":0},"classes":[]},{"id":795,"url":"https:\/\/www.el-pan-alegre.org\/wordpress\/en-buenas-manos-e-v\/was-wollen-wir\/vereinssatzung\/","url_meta":{"origin":573,"position":1},"title":"Vereinssatzung","author":"Madeleine Porr","date":"30. August 2015","format":false,"excerpt":"\u00bbEN BUENAS MANOS\u00ab e.V. (dt.: \u00bbIn Guten H\u00e4nden\u00ab) \u00a7 1 Name, Rechtsform, Sitz, Gesch\u00e4ftsjahr Der Verein f\u00fchrt den Namen \u00bbEn Buenas Manos\u00ab e.V. Der Verein hat seinen Sitz in Berlin, Deutschland. Der Verein soll in das Vereinsregister eingetragen werden. Das Gesch\u00e4ftsjahr ist das Kalenderjahr. Das erste Rumpfgesch\u00e4ftsjahr endet am 31.12.2005.\u2026","rel":"","context":"\u00c4hnlicher Beitrag","block_context":{"text":"\u00c4hnlicher Beitrag","link":""},"img":{"alt_text":"","src":"","width":0,"height":0},"classes":[]},{"id":803,"url":"https:\/\/www.el-pan-alegre.org\/wordpress\/en-buenas-manos-e-v\/was-wollen-wir\/unsere-werte-und-ziele\/","url_meta":{"origin":573,"position":2},"title":"Unsere Werte und Ziele","author":"Madeleine Porr","date":"30. August 2015","format":false,"excerpt":"Der Projekttr\u00e4ger EN BUENAS MANOS (spanisch f\u00fcr: IN GUTEN H\u00c4NDEN) e.V. wurde im September 2005 von Mitgliedern des IKN International Knowledge Network for Sustainable Development (S\u00fcd-S\u00fcd-Nord-Wissensnetzwerk f\u00fcr nachhaltige Entwicklung) an der Technischen Universit\u00e4t Berlin gegr\u00fcndet und ist als gemeinn\u00fctziger Verein zur F\u00f6rderung der Kultur, der V\u00f6lkerverst\u00e4ndigung, der Natur und des\u2026","rel":"","context":"\u00c4hnlicher Beitrag","block_context":{"text":"\u00c4hnlicher Beitrag","link":""},"img":{"alt_text":"","src":"","width":0,"height":0},"classes":[]},{"id":517,"url":"https:\/\/www.el-pan-alegre.org\/wordpress\/en-buenas-manos-e-v\/zum-verein\/impressum\/","url_meta":{"origin":573,"position":3},"title":"Impressum","author":"Anja Mocker","date":"22. April 2015","format":false,"excerpt":"En Buenas Manos e.V. (dt.: \u00bbIn Guten H\u00e4nden\u00ab) \u2013 Gemeinn\u00fctziger Verein zur F\u00f6rderung der Kultur, der V\u00f6lkerverst\u00e4ndigung, der Natur und des Umweltschutzes und Tr\u00e4gerverein des Projekts \u201eEl Pan Alegre - Das Fr\u00f6hliche Brot\u201c \u2013 (Vorsitzender: R. Gummlich, Strausberger Stra\u00dfe 37 \/ D-10243 Berlin) E-Mail: kontakt (at) el-pan-alegre (dot) org Das\u2026","rel":"","context":"\u00c4hnlicher Beitrag","block_context":{"text":"\u00c4hnlicher Beitrag","link":""},"img":{"alt_text":"","src":"https:\/\/i0.wp.com\/www.el-pan-alegre.org\/wordpress\/wp-content\/uploads\/2009\/01\/pict-by.png?resize=350%2C200","width":350,"height":200},"classes":[]},{"id":501,"url":"https:\/\/www.el-pan-alegre.org\/wordpress\/en-buenas-manos-e-v\/mitmachen\/","url_meta":{"origin":573,"position":4},"title":"Unterst\u00fctzen \/ Mitmachen!","author":"Anja Mocker","date":"22. April 2015","format":false,"excerpt":"Mitarbeiten Vision und Konzept(bestandteile) weiterverbreiten Wissenschaftliche Begleitung Mitglied werden (bitte Formular ausdrucken, ausf\u00fcllen und an die Vereinsadresse schicken) Spenden (\u00fcber unser Konto bei der Triodos Bank) En Buenas Manos e. V. IBAN: DE35 5003 1000 1048 9560 05 BIC: TRODDEF1","rel":"","context":"\u00c4hnlicher Beitrag","block_context":{"text":"\u00c4hnlicher Beitrag","link":""},"img":{"alt_text":"","src":"","width":0,"height":0},"classes":[]},{"id":1851,"url":"https:\/\/www.el-pan-alegre.org\/wordpress\/machen\/aktivitaeten-in-kuba-und-mexiko\/","url_meta":{"origin":573,"position":5},"title":"Aktivit\u00e4ten in Kuba und Mexiko","author":"Madeleine Porr","date":"5. Januar 2018","format":false,"excerpt":"siehe BLOG-Beitr\u00e4ge: KUBA siehe BLOG-Beitr\u00e4ge: MEXIKO 19.-21.02.2013 Havanna\/Kuba: a) PR\u00c4SENTATION \u201eDas Tahiti-Projekt\/El Proyecto Tahit\u00ed\u201c bei der XXII Internationalen Buchmesse Havanna b) KOLLOQUIUM \u201eDie Zukunft gestalten mit lokaler Kraft\u201c in der Kubanischen Vertretung der Vereinten Nationen","rel":"","context":"\u00c4hnlicher Beitrag","block_context":{"text":"\u00c4hnlicher Beitrag","link":""},"img":{"alt_text":"","src":"","width":0,"height":0},"classes":[]}],"_links":{"self":[{"href":"https:\/\/www.el-pan-alegre.org\/wordpress\/wp-json\/wp\/v2\/pages\/573","targetHints":{"allow":["GET"]}}],"collection":[{"href":"https:\/\/www.el-pan-alegre.org\/wordpress\/wp-json\/wp\/v2\/pages"}],"about":[{"href":"https:\/\/www.el-pan-alegre.org\/wordpress\/wp-json\/wp\/v2\/types\/page"}],"author":[{"embeddable":true,"href":"https:\/\/www.el-pan-alegre.org\/wordpress\/wp-json\/wp\/v2\/users\/1"}],"replies":[{"embeddable":true,"href":"https:\/\/www.el-pan-alegre.org\/wordpress\/wp-json\/wp\/v2\/comments?post=573"}],"version-history":[{"count":9,"href":"https:\/\/www.el-pan-alegre.org\/wordpress\/wp-json\/wp\/v2\/pages\/573\/revisions"}],"predecessor-version":[{"id":1873,"href":"https:\/\/www.el-pan-alegre.org\/wordpress\/wp-json\/wp\/v2\/pages\/573\/revisions\/1873"}],"up":[{"embeddable":true,"href":"https:\/\/www.el-pan-alegre.org\/wordpress\/wp-json\/wp\/v2\/pages\/523"}],"wp:attachment":[{"href":"https:\/\/www.el-pan-alegre.org\/wordpress\/wp-json\/wp\/v2\/media?parent=573"}],"curies":[{"name":"wp","href":"https:\/\/api.w.org\/{rel}","templated":true}]}}