{"id":567,"date":"2015-04-22T12:31:44","date_gmt":"2015-04-22T10:31:44","guid":{"rendered":"http:\/\/www.el-pan-alegre.org\/wordpress\/?page_id=567"},"modified":"2018-01-05T12:29:50","modified_gmt":"2018-01-05T11:29:50","slug":"vernetzung","status":"publish","type":"page","link":"https:\/\/www.el-pan-alegre.org\/wordpress\/machen\/vernetzung\/","title":{"rendered":"Vernetzung"},"content":{"rendered":"<h2>Netzwerken in Deutschland und Kuba:<\/h2>\n<p>Ansprechpartnerin: Madeleine Porr, kontakt[at]el-pan-alegre.org<\/p>\n<h2>Vernetzung mit &#8230; \/ Enlace con &#8230;<\/h2>\n<ul>\n<li><a href=\"http:\/\/www.ackerdemia.de\/\">ackerdemia<\/a><\/li>\n<li><a href=\"http:\/\/www.visionautic.org\/?lang=de\">Akademie f\u00fcr Visionautik<\/a><\/li>\n<li><a href=\"https:\/\/www.aktion-mensch.de\/\">Aktion Mensch<\/a><\/li>\n<li><a href=\"http:\/\/www.anjamocker.de\">Anja Mocker<\/a><\/li>\n<li><a href=\"http:\/\/www.atb-potsdam.de\/\">ATB Leibniz-Institut f\u00fcr Agrartechnik Potsdam-Bornim<\/a><\/li>\n<li><a href=\"http:\/\/www.berlin21.net\/\">Berlin 21<\/a><\/li>\n<li><a href=\"https:\/\/de.groups.yahoo.com\/neo\/groups\/berliner-kreis\/info\" target=\"_blank\" rel=\"noopener\">Berliner Innovationskreis<\/a><\/li>\n<li><a href=\"http:\/\/de.slideshare.net\/InaMS\/blogpaten-projektvorstellung-3312628\">Blogpatenschaften<\/a><\/li>\n<li><a href=\"http:\/\/www.bpb.de\/die_bpb\/\">bpb &#8211; Bundeszentrale f\u00fcr politische Bildung<\/a><\/li>\n<li><a href=\"http:\/\/www.el-pan-alegre.org\/wordpress\/751-aufgenommen-im-paritaetischen-wohlfahrtsverband\/\" target=\"_blank\" rel=\"noopener\">Der Parit\u00e4tische Berlin <\/a><br \/>\n(<a href=\"http:\/\/www.paritaet-berlin.de\/\" target=\"_blank\" rel=\"noopener\">Deutscher Parit\u00e4tischer Wohlfahrtsverband<\/a>, Landesverband Berlin e. V.)<\/li>\n<li><a href=\"http:\/\/dkhw.de\/cms\/\">Deutsches Kinderhilfswerk<\/a><\/li>\n<li><a href=\"http:\/\/www.ecomujer.de\/\">EcoMujer e.V. Dtd. \/ Cuba<\/a><\/li>\n<li><a href=\"http:\/\/www.economista.de\/\">economista e.V.<\/a><\/li>\n<li><a href=\"http:\/\/www.epizberlin.de\/\">EPIZ e.V. &#8211; Entwicklungspolitisches Bildungs- und Informationszentrum<\/a><\/li>\n<li><a href=\"http:\/\/www.equilibrismus.de\/\">Equilibrismus e.V.<\/a><\/li>\n<li><a href=\"http:\/\/www.eurosolar.de\/\">EUROSOLAR e.V.<\/a><\/li>\n<li><a href=\"http:\/\/www.fez-berlin.de\/\">FEZ Berlin &#8211; Europas gr\u00f6\u00dftes gemeinn\u00fctziges Freizeit-, Bildungs- und Erholungszentrum f\u00fcr Kinder, Jugendliche und Familien<\/a><\/li>\n<li><a href=\"http:\/\/www.fnbb.de\/\">FnBB e.V. F\u00f6rdergesellschaft nachhaltige Biogas- und Bioenergienutzung<\/a><\/li>\n<li><a href=\"http:\/\/www.general-overnight.com\/de\/startseite\">GO! General Overnight und Express Logistik GmbH<\/a><\/li>\n<li><a href=\"http:\/\/www.haciendo-almas.org\/\">&#8222;Haciendo Almas&#8220; &#8211; Prop\u00f3sito Comunitario \/ Cuba<\/a><\/li>\n<li><a href=\"http:\/\/www.ikn-network.de\/doku.php\">IKN S\u00fcd-S\u00fcd-Nord-Wissensnetzwerk f\u00fcr nachhaltige Entwicklung<\/a><\/li>\n<li><a href=\"http:\/\/www.izt.de\/\">IZT Institut f\u00fcr Zukunftsstudien und Technologiebewertung<\/a><\/li>\n<li><a href=\"http:\/\/www.happybusiness.at\/\">Jenny Simanowitz &#8211; &#8222;Happy Business&#8220;<\/a><\/li>\n<li><a href=\"http:\/\/www.agenda21-treptow-koepenick.de\/\">Lokale Agenda 21 Treptow-K\u00f6penick<\/a><\/li>\n<li><a href=\"http:\/\/www.landbrot.de\/ueber-uns\/selbstdarstellung.html\">M\u00e4rkisches Landbrot GmbH<\/a><\/li>\n<li><a href=\"http:\/\/na-rememur.blogspot.de\/\">N\u00c1 &#8211; La marca para posicionar los productos de las mujeres integradas en la Red Mexicana de Mujeres REMEMUR<\/a><\/li>\n<li><a href=\"http:\/\/naturtipps.blogspot.com\/\">&#8222;Naturtipps&#8220;<\/a><\/li>\n<li><a href=\"http:\/\/www.schloss-tornow.de\/\">\u00d6kowerk Brandenburg Schloss Tornow<\/a><\/li>\n<li><a href=\"http:\/\/prinzessinnengarten.net\/\">Prinzessinnengarten Berlin \/ NOMADISCH GR\u00dcN<\/a><\/li>\n<li><a href=\"http:\/\/pro-wuhlheide.de\/\">Pro Wuhlheide e.V.<\/a><\/li>\n<li><a href=\"http:\/\/radijojo.org\/de\">RADIJOJO World Children&#8217;s Radio Network<\/a><\/li>\n<li><a href=\"http:\/\/www.regionaler-aufbruch.de\/\">Regionaler Aufbruch<\/a><\/li>\n<li><a href=\"http:\/\/www.solar-lifestyle.de\/\">Solar Lifestyle GmbH<\/a><\/li>\n<li><a href=\"http:\/\/www.stadtacker.net\/SitePages\/Homepage.aspx\">stadtacker.net<\/a><\/li>\n<li><a href=\"http:\/\/www.klikar.de\/index2.html\">stadt.menschen.berlin<\/a><\/li>\n<li><a href=\"http:\/\/www.theateramrand.de\/theater.htm\">Theater am Rand<\/a><\/li>\n<li><a href=\"http:\/\/www.theblueeconomy.org\/Home.html\">The Blue Economy<\/a> \/ Gunter Pauli<\/li>\n<li><a href=\"http:\/\/www.utopia.de\/\">UTOPIA.de<\/a><\/li>\n<li><a href=\"http:\/\/www.wakib.de\/index.php?site=wuhlmaeuse\">&#8222;WaKiB&#8220; &#8211; Waldkinder in Berlin<\/a><\/li>\n<li><a href=\"http:\/\/www.wiebkekoch.de\/\">Wiebke Koch<\/a><\/li>\n<\/ul>\n<p>&nbsp;<\/p>\n<p>&nbsp;<\/p>\n","protected":false},"excerpt":{"rendered":"<p>Netzwerken in Deutschland und Kuba: Ansprechpartnerin: Madeleine Porr, kontakt[at]el-pan-alegre.org Vernetzung mit &#8230; \/ Enlace con &#8230; ackerdemia Akademie f\u00fcr Visionautik Aktion Mensch Anja Mocker ATB Leibniz-Institut f\u00fcr Agrartechnik Potsdam-Bornim Berlin 21 Berliner Innovationskreis Blogpatenschaften bpb &#8211; Bundeszentrale f\u00fcr politische Bildung &hellip; <a href=\"https:\/\/www.el-pan-alegre.org\/wordpress\/machen\/vernetzung\/\">Weiterlesen <span class=\"meta-nav\">&rarr;<\/span><\/a><\/p>\n","protected":false},"author":1,"featured_media":0,"parent":486,"menu_order":4,"comment_status":"open","ping_status":"open","template":"","meta":{"footnotes":""},"class_list":["post-567","page","type-page","status-publish","hentry"],"yoast_head":"<!-- This site is optimized with the Yoast SEO plugin v27.6 - https:\/\/yoast.com\/product\/yoast-seo-wordpress\/ -->\n<title>Vernetzung - El Pan Alegre<\/title>\n<meta name=\"robots\" content=\"index, follow, max-snippet:-1, max-image-preview:large, max-video-preview:-1\" \/>\n<link rel=\"canonical\" href=\"https:\/\/www.el-pan-alegre.org\/wordpress\/machen\/vernetzung\/\" \/>\n<meta property=\"og:locale\" content=\"de_DE\" \/>\n<meta property=\"og:type\" content=\"article\" \/>\n<meta property=\"og:title\" content=\"Vernetzung - El Pan Alegre\" \/>\n<meta property=\"og:description\" content=\"Netzwerken in Deutschland und Kuba: Ansprechpartnerin: Madeleine Porr, kontakt[at]el-pan-alegre.org Vernetzung mit &#8230; \/ Enlace con &#8230; ackerdemia Akademie f\u00fcr Visionautik Aktion Mensch Anja Mocker ATB Leibniz-Institut f\u00fcr Agrartechnik Potsdam-Bornim Berlin 21 Berliner Innovationskreis Blogpatenschaften bpb &#8211; Bundeszentrale f\u00fcr politische Bildung &hellip; Weiterlesen &rarr;\" \/>\n<meta property=\"og:url\" content=\"https:\/\/www.el-pan-alegre.org\/wordpress\/machen\/vernetzung\/\" \/>\n<meta property=\"og:site_name\" content=\"El Pan Alegre\" \/>\n<meta property=\"article:modified_time\" content=\"2018-01-05T11:29:50+00:00\" \/>\n<meta name=\"twitter:card\" content=\"summary_large_image\" \/>\n<meta name=\"twitter:label1\" content=\"Gesch\u00e4tzte Lesezeit\" \/>\n\t<meta name=\"twitter:data1\" content=\"1\u00a0Minute\" \/>\n<script type=\"application\/ld+json\" class=\"yoast-schema-graph\">{\"@context\":\"https:\\\/\\\/schema.org\",\"@graph\":[{\"@type\":\"WebPage\",\"@id\":\"https:\\\/\\\/www.el-pan-alegre.org\\\/wordpress\\\/machen\\\/vernetzung\\\/\",\"url\":\"https:\\\/\\\/www.el-pan-alegre.org\\\/wordpress\\\/machen\\\/vernetzung\\\/\",\"name\":\"Vernetzung - El Pan Alegre\",\"isPartOf\":{\"@id\":\"https:\\\/\\\/www.el-pan-alegre.org\\\/wordpress\\\/#website\"},\"datePublished\":\"2015-04-22T10:31:44+00:00\",\"dateModified\":\"2018-01-05T11:29:50+00:00\",\"breadcrumb\":{\"@id\":\"https:\\\/\\\/www.el-pan-alegre.org\\\/wordpress\\\/machen\\\/vernetzung\\\/#breadcrumb\"},\"inLanguage\":\"de\",\"potentialAction\":[{\"@type\":\"ReadAction\",\"target\":[\"https:\\\/\\\/www.el-pan-alegre.org\\\/wordpress\\\/machen\\\/vernetzung\\\/\"]}]},{\"@type\":\"BreadcrumbList\",\"@id\":\"https:\\\/\\\/www.el-pan-alegre.org\\\/wordpress\\\/machen\\\/vernetzung\\\/#breadcrumb\",\"itemListElement\":[{\"@type\":\"ListItem\",\"position\":1,\"name\":\"Home\",\"item\":\"https:\\\/\\\/www.el-pan-alegre.org\\\/wordpress\\\/\"},{\"@type\":\"ListItem\",\"position\":2,\"name\":\"Machen \\\/ Hacer\",\"item\":\"https:\\\/\\\/www.el-pan-alegre.org\\\/wordpress\\\/machen\\\/\"},{\"@type\":\"ListItem\",\"position\":3,\"name\":\"Vernetzung\"}]},{\"@type\":\"WebSite\",\"@id\":\"https:\\\/\\\/www.el-pan-alegre.org\\\/wordpress\\\/#website\",\"url\":\"https:\\\/\\\/www.el-pan-alegre.org\\\/wordpress\\\/\",\"name\":\"El Pan Alegre\",\"description\":\"Das Fr\u00f6hliche Brot\",\"potentialAction\":[{\"@type\":\"SearchAction\",\"target\":{\"@type\":\"EntryPoint\",\"urlTemplate\":\"https:\\\/\\\/www.el-pan-alegre.org\\\/wordpress\\\/?s={search_term_string}\"},\"query-input\":{\"@type\":\"PropertyValueSpecification\",\"valueRequired\":true,\"valueName\":\"search_term_string\"}}],\"inLanguage\":\"de\"}]}<\/script>\n<!-- \/ Yoast SEO plugin. -->","yoast_head_json":{"title":"Vernetzung - El Pan Alegre","robots":{"index":"index","follow":"follow","max-snippet":"max-snippet:-1","max-image-preview":"max-image-preview:large","max-video-preview":"max-video-preview:-1"},"canonical":"https:\/\/www.el-pan-alegre.org\/wordpress\/machen\/vernetzung\/","og_locale":"de_DE","og_type":"article","og_title":"Vernetzung - El Pan Alegre","og_description":"Netzwerken in Deutschland und Kuba: Ansprechpartnerin: Madeleine Porr, kontakt[at]el-pan-alegre.org Vernetzung mit &#8230; \/ Enlace con &#8230; ackerdemia Akademie f\u00fcr Visionautik Aktion Mensch Anja Mocker ATB Leibniz-Institut f\u00fcr Agrartechnik Potsdam-Bornim Berlin 21 Berliner Innovationskreis Blogpatenschaften bpb &#8211; Bundeszentrale f\u00fcr politische Bildung &hellip; Weiterlesen &rarr;","og_url":"https:\/\/www.el-pan-alegre.org\/wordpress\/machen\/vernetzung\/","og_site_name":"El Pan Alegre","article_modified_time":"2018-01-05T11:29:50+00:00","twitter_card":"summary_large_image","twitter_misc":{"Gesch\u00e4tzte Lesezeit":"1\u00a0Minute"},"schema":{"@context":"https:\/\/schema.org","@graph":[{"@type":"WebPage","@id":"https:\/\/www.el-pan-alegre.org\/wordpress\/machen\/vernetzung\/","url":"https:\/\/www.el-pan-alegre.org\/wordpress\/machen\/vernetzung\/","name":"Vernetzung - El Pan Alegre","isPartOf":{"@id":"https:\/\/www.el-pan-alegre.org\/wordpress\/#website"},"datePublished":"2015-04-22T10:31:44+00:00","dateModified":"2018-01-05T11:29:50+00:00","breadcrumb":{"@id":"https:\/\/www.el-pan-alegre.org\/wordpress\/machen\/vernetzung\/#breadcrumb"},"inLanguage":"de","potentialAction":[{"@type":"ReadAction","target":["https:\/\/www.el-pan-alegre.org\/wordpress\/machen\/vernetzung\/"]}]},{"@type":"BreadcrumbList","@id":"https:\/\/www.el-pan-alegre.org\/wordpress\/machen\/vernetzung\/#breadcrumb","itemListElement":[{"@type":"ListItem","position":1,"name":"Home","item":"https:\/\/www.el-pan-alegre.org\/wordpress\/"},{"@type":"ListItem","position":2,"name":"Machen \/ Hacer","item":"https:\/\/www.el-pan-alegre.org\/wordpress\/machen\/"},{"@type":"ListItem","position":3,"name":"Vernetzung"}]},{"@type":"WebSite","@id":"https:\/\/www.el-pan-alegre.org\/wordpress\/#website","url":"https:\/\/www.el-pan-alegre.org\/wordpress\/","name":"El Pan Alegre","description":"Das Fr\u00f6hliche Brot","potentialAction":[{"@type":"SearchAction","target":{"@type":"EntryPoint","urlTemplate":"https:\/\/www.el-pan-alegre.org\/wordpress\/?s={search_term_string}"},"query-input":{"@type":"PropertyValueSpecification","valueRequired":true,"valueName":"search_term_string"}}],"inLanguage":"de"}]}},"jetpack_sharing_enabled":true,"jetpack_shortlink":"https:\/\/wp.me\/P62TDh-99","jetpack-related-posts":[{"id":486,"url":"https:\/\/www.el-pan-alegre.org\/wordpress\/machen\/","url_meta":{"origin":567,"position":0},"title":"Machen \/ Hacer","author":"Anja Mocker","date":"22. April 2015","format":false,"excerpt":"Projekte Deutschland Aktivit\u00e4ten in Kuba und Mexiko Actividades (Alemania, Cuba y M\u00e9xico) Vernetzung Kochen & Backen mit Amaranth","rel":"","context":"\u00c4hnlicher Beitrag","block_context":{"text":"\u00c4hnlicher Beitrag","link":""},"img":{"alt_text":"","src":"","width":0,"height":0},"classes":[]},{"id":803,"url":"https:\/\/www.el-pan-alegre.org\/wordpress\/en-buenas-manos-e-v\/was-wollen-wir\/unsere-werte-und-ziele\/","url_meta":{"origin":567,"position":1},"title":"Unsere Werte und Ziele","author":"Madeleine Porr","date":"30. August 2015","format":false,"excerpt":"Der Projekttr\u00e4ger EN BUENAS MANOS (spanisch f\u00fcr: IN GUTEN H\u00c4NDEN) e.V. wurde im September 2005 von Mitgliedern des IKN International Knowledge Network for Sustainable Development (S\u00fcd-S\u00fcd-Nord-Wissensnetzwerk f\u00fcr nachhaltige Entwicklung) an der Technischen Universit\u00e4t Berlin gegr\u00fcndet und ist als gemeinn\u00fctziger Verein zur F\u00f6rderung der Kultur, der V\u00f6lkerverst\u00e4ndigung, der Natur und des\u2026","rel":"","context":"\u00c4hnlicher Beitrag","block_context":{"text":"\u00c4hnlicher Beitrag","link":""},"img":{"alt_text":"","src":"","width":0,"height":0},"classes":[]},{"id":1133,"url":"https:\/\/www.el-pan-alegre.org\/wordpress\/machen\/projekte-de\/im-fez-berlin\/","url_meta":{"origin":567,"position":2},"title":"Im FEZ-Berlin 2010-15","author":"Madeleine Porr","date":"24. Januar 2016","format":false,"excerpt":"Referenzschreiben des FEZ-Berlin a)\u00a0 Amaranth-Workshops f\u00fcr Schulklassen: Start im FEZ \"Ein starkes Korn f\u00fcr starke Kinder!\" * Amaranth & Honig - ein starkes Team f\u00fcr starke Kinder! Amaranth-Reis-Woche b)\u00a0 Biogas-Workshops f\u00fcr Schulklassen: Der Schatz aus dem \"M\u00fcll\" c)\u00a0 Kreislauf-Workshops f\u00fcr Schulklassen: Die verborgenen Natursch\u00e4tze Sachbericht Foto-Dokumentation d)\u00a0 Kreislauf-Pr\u00e4sentationen bei Wochenendveranstaltungen\u2026","rel":"","context":"\u00c4hnlicher Beitrag","block_context":{"text":"\u00c4hnlicher Beitrag","link":""},"img":{"alt_text":"Team-1","src":"https:\/\/i0.wp.com\/www.el-pan-alegre.org\/wordpress\/wp-content\/uploads\/2016\/01\/Team-1-300x300.jpg?resize=350%2C200","width":350,"height":200},"classes":[]},{"id":2193,"url":"https:\/\/www.el-pan-alegre.org\/wordpress\/en-buenas-manos-e-v\/zum-verein\/","url_meta":{"origin":567,"position":3},"title":"Zum Verein","author":"Madeleine Porr","date":"14. September 2019","format":false,"excerpt":"gegr. 2005, Sitz: Berlin institutioneller Tr\u00e4ger des Regionalentwicklungskonzepts El Pan Alegre - Das Fr\u00f6hliche Brot, Beispiel f\u00fcr geschlossene optimierte Stoffstromkreisl\u00e4ufe mit den Komponenten Amaranth und Biogas aus organischen Hausabf\u00e4llen aktuell 10 Mitglieder + 1 Ehrenmitglied, davon 5 aktiv (Vorstand, Workshops); Aktivit\u00e4ten aktuell in Berlin und Havanna\/Kuba Finanzierung aktuell durch Mitgliedsbeitr\u00e4ge,\u2026","rel":"","context":"\u00c4hnlicher Beitrag","block_context":{"text":"\u00c4hnlicher Beitrag","link":""},"img":{"alt_text":"","src":"","width":0,"height":0},"classes":[]},{"id":1119,"url":"https:\/\/www.el-pan-alegre.org\/wordpress\/machen\/projekte-de\/paradies-wuhlheide\/","url_meta":{"origin":567,"position":4},"title":"PARADIES WUHLHEIDE","author":"Madeleine Porr","date":"24. Januar 2016","format":false,"excerpt":"2010-15\u00a0 Entwicklungsprozess PARADIES WUHLHEIDE \u00a0 2015\u00a0 Nachhaltigkeitsbewertung PARADIES WUHLHEIDE \/ Beuth-Hochschule f\u00fcr Technik Berlin \u00a0 \u00a02015\u00a0 Zeugnis f\u00fcr Madeleine Porr - PARADIES WUHLHEIDE \u00a0 \u00a0 \u00a0","rel":"","context":"\u00c4hnlicher Beitrag","block_context":{"text":"\u00c4hnlicher Beitrag","link":""},"img":{"alt_text":"Paradies_wuhlheide_vision_15Feb2011","src":"https:\/\/i0.wp.com\/www.el-pan-alegre.org\/wordpress\/wp-content\/uploads\/2016\/01\/Paradies_wuhlheide_vision_15Feb2011-1024x899.jpg?resize=350%2C200","width":350,"height":200,"srcset":"https:\/\/i0.wp.com\/www.el-pan-alegre.org\/wordpress\/wp-content\/uploads\/2016\/01\/Paradies_wuhlheide_vision_15Feb2011-1024x899.jpg?resize=350%2C200 1x, https:\/\/i0.wp.com\/www.el-pan-alegre.org\/wordpress\/wp-content\/uploads\/2016\/01\/Paradies_wuhlheide_vision_15Feb2011-1024x899.jpg?resize=525%2C300 1.5x"},"classes":[]},{"id":517,"url":"https:\/\/www.el-pan-alegre.org\/wordpress\/en-buenas-manos-e-v\/zum-verein\/impressum\/","url_meta":{"origin":567,"position":5},"title":"Impressum","author":"Anja Mocker","date":"22. April 2015","format":false,"excerpt":"En Buenas Manos e.V. (dt.: \u00bbIn Guten H\u00e4nden\u00ab) \u2013 Gemeinn\u00fctziger Verein zur F\u00f6rderung der Kultur, der V\u00f6lkerverst\u00e4ndigung, der Natur und des Umweltschutzes und Tr\u00e4gerverein des Projekts \u201eEl Pan Alegre - Das Fr\u00f6hliche Brot\u201c \u2013 (Vorsitzender: R. Gummlich, Strausberger Stra\u00dfe 37 \/ D-10243 Berlin) E-Mail: kontakt (at) el-pan-alegre (dot) org Das\u2026","rel":"","context":"\u00c4hnlicher Beitrag","block_context":{"text":"\u00c4hnlicher Beitrag","link":""},"img":{"alt_text":"","src":"https:\/\/i0.wp.com\/www.el-pan-alegre.org\/wordpress\/wp-content\/uploads\/2009\/01\/pict-by.png?resize=350%2C200","width":350,"height":200},"classes":[]}],"_links":{"self":[{"href":"https:\/\/www.el-pan-alegre.org\/wordpress\/wp-json\/wp\/v2\/pages\/567","targetHints":{"allow":["GET"]}}],"collection":[{"href":"https:\/\/www.el-pan-alegre.org\/wordpress\/wp-json\/wp\/v2\/pages"}],"about":[{"href":"https:\/\/www.el-pan-alegre.org\/wordpress\/wp-json\/wp\/v2\/types\/page"}],"author":[{"embeddable":true,"href":"https:\/\/www.el-pan-alegre.org\/wordpress\/wp-json\/wp\/v2\/users\/1"}],"replies":[{"embeddable":true,"href":"https:\/\/www.el-pan-alegre.org\/wordpress\/wp-json\/wp\/v2\/comments?post=567"}],"version-history":[{"count":27,"href":"https:\/\/www.el-pan-alegre.org\/wordpress\/wp-json\/wp\/v2\/pages\/567\/revisions"}],"predecessor-version":[{"id":1848,"href":"https:\/\/www.el-pan-alegre.org\/wordpress\/wp-json\/wp\/v2\/pages\/567\/revisions\/1848"}],"up":[{"embeddable":true,"href":"https:\/\/www.el-pan-alegre.org\/wordpress\/wp-json\/wp\/v2\/pages\/486"}],"wp:attachment":[{"href":"https:\/\/www.el-pan-alegre.org\/wordpress\/wp-json\/wp\/v2\/media?parent=567"}],"curies":[{"name":"wp","href":"https:\/\/api.w.org\/{rel}","templated":true}]}}