{"id":539,"date":"2015-04-22T11:49:09","date_gmt":"2015-04-22T09:49:09","guid":{"rendered":"http:\/\/www.el-pan-alegre.org\/wordpress\/?page_id=539"},"modified":"2022-10-03T15:34:27","modified_gmt":"2022-10-03T13:34:27","slug":"downloads","status":"publish","type":"page","link":"https:\/\/www.el-pan-alegre.org\/wordpress\/wissen\/downloads\/","title":{"rendered":"Downloads"},"content":{"rendered":"<p>Hier finden Sie alle Materialien von En Buenas Manos e.V. auf einen Blick \/<br \/>\na continuaci\u00f3n ustedes encontrar\u00e1n todos los materiales disponibles sobre el trabajo de En Buenas Manos:<\/p>\n<p><strong>Informationsmaterial \/ informaciones<br \/>\n<\/strong><\/p>\n<h3>BESCHREIBUNG \/ DESCRIPCI\u00d3N:<\/h3>\n<div id=\"LinkList7\" class=\"widget LinkList\">\n<div class=\"widget-content\">\n<ul>\n<li><a href=\"https:\/\/www.el-pan-alegre.org\/wordpress\/wp-content\/uploads\/2022\/10\/ERW-FLYER_Kreislauf-aussen_NEU-dt.pdf\">DAS FR\u00d6HLICHE BROT &#8211; Flyer auf Deutsch (Au\u00dfenseite)<\/a><\/li>\n<li><a href=\"https:\/\/www.el-pan-alegre.org\/wordpress\/wp-content\/uploads\/2022\/10\/ERW-FLYER_Kreislauf-innen_NEU-dt.pdf\">DAS FR\u00d6HLICHE BROT &#8211; Flyer auf Deutsch (Innenseite)<\/a><\/li>\n<li><a href=\"https:\/\/www.el-pan-alegre.org\/wordpress\/wp-content\/uploads\/2022\/10\/ERW-FLYER_Amaranth-aussen_NEU-dt.pdf\">AMARANTH- Flyer auf Deutsch (Au\u00dfenseite)<\/a><\/li>\n<li><a href=\"https:\/\/www.el-pan-alegre.org\/wordpress\/wp-content\/uploads\/2022\/10\/ERW-FLYER_Amaranth-innen_NEU-dt.pdf\">AMARANTH- Flyer auf Deutsch (Innenseite)<\/a><\/li>\n<li><a href=\"http:\/\/www.el-pan-alegre.org\/pan_beschreibung.html\">DAS FR\u00d6HLICHE BROT &#8211; deutsch (Webseite)<\/a><\/li>\n<li><a href=\"http:\/\/berlin21.net\/vielfalt\/projekte\/el-pan-alegre-das-froehliche-brot\">DAS FR\u00d6HLICHE BROT &#8211; deutsch (Berlin 21 e.V., &#8222;Vielf\u00e4ltig nachhaltig in Berlin&#8220;)<\/a><\/li>\n<li><a href=\"http:\/\/www.el-pan-alegre.org\/Wikipedia-Eintrag_EL-PAN-ALEGRE_dt.htm\">DAS FR\u00d6HLICHE BROT &#8211; deutsch (Wikipedia)<\/a><\/li>\n<li><a href=\"https:\/\/www.el-pan-alegre.org\/Praes_Bildungsarbeit_FEZ-Berlin.pdf\">DAS FR\u00d6HLICHE BROT &#8211; Bildungsarbeit im FEZ-Berlin 2010-15<\/a><\/li>\n<li><a href=\"http:\/\/www.el-pan-alegre.org\/EBM_Werkstatt-N_PRESSE.pdf\">EL PAN ALEGRE &#8211; DAS FR\u00d6HLICHE BROT (Pressemitteilung Mai 2011)<\/a><\/li>\n<li><a href=\"http:\/\/el-pan-alegre.org\/Flyer-Kreislauf1_span.pdf\">EL PAN ALEGRE &#8211; Plegable en <\/a><a href=\"http:\/\/www.el-pan-alegre.org\/pan_alegre_esp.html\">espa\u00f1ol<\/a><a href=\"http:\/\/www.issuu.com\/madeleine.porr\/docs\/kreislaufflyer_aussenseite\"> (parte exterior)<\/a><\/li>\n<li><a href=\"http:\/\/el-pan-alegre.org\/Flyer-Kreislauf2_span.pdf\">EL PAN ALEGRE &#8211; Plegable en <\/a><a href=\"http:\/\/www.el-pan-alegre.org\/pan_alegre_esp.html\">espa\u00f1ol<\/a><a href=\"http:\/\/www.issuu.com\/madeleine.porr\/docs\/kreislaufflyer_aussenseite\"> (parte interior)<\/a><\/li>\n<li><a href=\"http:\/\/www.el-pan-alegre.org\/pan_alegre_esp.html\">EL PAN ALEGRE &#8211; espa\u00f1ol (P\u00e1gina Web)<\/a><\/li>\n<li><a href=\"http:\/\/www.el-pan-alegre.org\/TRABAJO_DIPLOMA_RANGEL_FERNANDEZ_PEREZ.htm\">EL PAN ALEGRE &#8211; espa\u00f1ol (Trabajo de diploma)<\/a><\/li>\n<\/ul>\n<div class=\"clear\">\n<div id=\"LinkList7\" class=\"widget LinkList\">\n<div class=\"widget-content\">\n<p><span style=\"color: #ffffff;\"><strong>Informationsmaterial \/ informaciones<\/strong><\/span><\/p>\n<p>* * *<\/p>\n<h3>BESCHREIBUNG F\u00dcR KINDER UND VON KINDERN \/ descripci\u00f3n hecha por ni\u00f1@s<\/h3>\n<ul>\n<li><a href=\"http:\/\/www.el-pan-alegre.org\/Ausstellungsprojekt_Grenzenlos-gesund-essen.pdf\">Ausstellung &#8222;Grenzenlos gesund essen!&#8220; &#8211; Kinder aus verschiedenen Kulturen<br \/>\nerarbeiten eine Ausstellung zu gesunder Ern\u00e4hrung<\/a><\/li>\n<li><a href=\"http:\/\/trickfilmreporter.org\/archiv\/articles\/die-geschichte-des-amaranth.html\">&#8222;Die Geschichte vom Amaranth&#8220; &#8211; Trickfilmreporter in Zusammenarbeit<br \/>\nmit Radijojo und FEZitty<\/a><\/li>\n<li><a href=\"http:\/\/soundcloud.com\/enbuenasmanos\/das-amaranth-lied\">&#8222;Das Amaranth-Lied&#8220; (Musik + Text: Tobias Morgenstern; Gesang: Katarina Krolls<br \/>\nFEZi-Strolche; Aufnahme, Mix + Schnitt: Dirk Meier \/ gesponsert von der Landes-<br \/>\nmusikakademie im FEZ-Berlin)<\/a><\/li>\n<li><a href=\"http:\/\/www.el-pan-alegre.org\/Amaranthlied-Note_in_A.pdf\">&#8230; &#8211; Note in A<\/a><\/li>\n<li><a href=\"http:\/\/www.el-pan-alegre.org\/Amaranthlied-Note_in_C.pdf\">&#8230; &#8211; Note in C<\/a><\/li>\n<li><a href=\"http:\/\/www.el-pan-alegre.org\/Amaranthlied-Note_in_D.pdf\">&#8230; &#8211; Note in D<\/a><\/li>\n<li><a href=\"http:\/\/www.el-pan-alegre.org\/Amaranthlied-Note_in_G.pdf\">&#8230; &#8211; Note in G<\/a><\/li>\n<li><a href=\"http:\/\/www.el-pan-alegre.org\/1-INFO_Kindertheaterst%C3%BCckEL_PAN_ALEGRE.pdf\">Kindertheaterst\u00fcck &#8222;Das Fr\u00f6hliche Brot&#8220; &#8211; INFO<\/a><\/li>\n<li><a href=\"http:\/\/www.el-pan-alegre.org\/2-KindertheaterstueckEL-PAN-ALEGRE_deutsch-TITEL.pdf\">&#8230; &#8211; TITEL<\/a><\/li>\n<li><a href=\"http:\/\/www.el-pan-alegre.org\/3-KindertheaterstueckEL-PAN-ALEGRE_deutsch-SCRIPT_AKT1.pdf\">&#8230; &#8211; 1. AKT<\/a><\/li>\n<li><a href=\"http:\/\/www.el-pan-alegre.org\/3-KindertheaterstueckEL-PAN-ALEGRE_deutsch-SCRIPT_AKT2.pdf\">&#8230; &#8211; 2. AKT<\/a><\/li>\n<\/ul>\n<\/div>\n<\/div>\n<\/div>\n<div id=\"LinkList11\" class=\"widget LinkList\">\n<hr \/>\n<\/div>\n<p><strong>Vereinsdokumente \/ documentos En Buenas Manos<br \/>\n<\/strong><\/p>\n<div id=\"LinkList7\" class=\"widget LinkList\">\n<div class=\"widget-content\">\n<ul>\n<li><a href=\"http:\/\/www.el-pan-alegre.org\/En_Buenas_Manos-dt.pdf\">Wer sind wir und welche Ziele hat unsere Projektarbeit?<\/a><\/li>\n<li><a href=\"http:\/\/www.el-pan-alegre.org\/En_Buenas_Manos-esp.pdf\">\u00bfQui\u00e9nes somos y cu\u00e1les son los objetivos de nuestro trabajo?<\/a><\/li>\n<li><a href=\"http:\/\/www.el-pan-alegre.org\/wordpress\/verein\/was-wollen-wir\/vereinssatzung\/\">Satzung<\/a><\/li>\n<li><a href=\"https:\/\/www.el-pan-alegre.org\/MITGLIEDSANTRAG.pdf\">Mitgliedsantrag<\/a><\/li>\n<li>Arbeitsberichte, Auszeichnungen, F\u00f6rderungen, Referenzen &amp; Schirmherrschaft(en) \/<br \/>\ninformes de trabajo, reconocimientos, apoyos financieros &amp; patrocinio(s):<br \/>\nsiehe\/v\u00e9ase <a href=\"http:\/\/www.el-pan-alegre.org\/wordpress\/verein\/was-machen-wir\/\">Was machen wir?<\/a><\/li>\n<\/ul>\n<\/div>\n<\/div>\n<\/div>\n<\/div>\n","protected":false},"excerpt":{"rendered":"<p>Hier finden Sie alle Materialien von En Buenas Manos e.V. auf einen Blick \/ a continuaci\u00f3n ustedes encontrar\u00e1n todos los materiales disponibles sobre el trabajo de En Buenas Manos: Informationsmaterial \/ informaciones BESCHREIBUNG \/ DESCRIPCI\u00d3N: DAS FR\u00d6HLICHE BROT &#8211; Flyer &hellip; <a href=\"https:\/\/www.el-pan-alegre.org\/wordpress\/wissen\/downloads\/\">Weiterlesen <span class=\"meta-nav\">&rarr;<\/span><\/a><\/p>\n","protected":false},"author":1,"featured_media":0,"parent":482,"menu_order":5,"comment_status":"closed","ping_status":"closed","template":"","meta":{"footnotes":""},"class_list":["post-539","page","type-page","status-publish","hentry"],"yoast_head":"<!-- This site is optimized with the Yoast SEO plugin v27.6 - https:\/\/yoast.com\/product\/yoast-seo-wordpress\/ -->\n<title>Downloads - El Pan Alegre<\/title>\n<meta name=\"robots\" content=\"index, follow, max-snippet:-1, max-image-preview:large, max-video-preview:-1\" \/>\n<link rel=\"canonical\" href=\"https:\/\/www.el-pan-alegre.org\/wordpress\/wissen\/downloads\/\" \/>\n<meta property=\"og:locale\" content=\"de_DE\" \/>\n<meta property=\"og:type\" content=\"article\" \/>\n<meta property=\"og:title\" content=\"Downloads - El Pan Alegre\" \/>\n<meta property=\"og:description\" content=\"Hier finden Sie alle Materialien von En Buenas Manos e.V. auf einen Blick \/ a continuaci\u00f3n ustedes encontrar\u00e1n todos los materiales disponibles sobre el trabajo de En Buenas Manos: Informationsmaterial \/ informaciones BESCHREIBUNG \/ DESCRIPCI\u00d3N: DAS FR\u00d6HLICHE BROT &#8211; Flyer &hellip; Weiterlesen &rarr;\" \/>\n<meta property=\"og:url\" content=\"https:\/\/www.el-pan-alegre.org\/wordpress\/wissen\/downloads\/\" \/>\n<meta property=\"og:site_name\" content=\"El Pan Alegre\" \/>\n<meta property=\"article:modified_time\" content=\"2022-10-03T13:34:27+00:00\" \/>\n<meta name=\"twitter:card\" content=\"summary_large_image\" \/>\n<meta name=\"twitter:label1\" content=\"Gesch\u00e4tzte Lesezeit\" \/>\n\t<meta name=\"twitter:data1\" content=\"2\u00a0Minuten\" \/>\n<script type=\"application\/ld+json\" class=\"yoast-schema-graph\">{\"@context\":\"https:\\\/\\\/schema.org\",\"@graph\":[{\"@type\":\"WebPage\",\"@id\":\"https:\\\/\\\/www.el-pan-alegre.org\\\/wordpress\\\/wissen\\\/downloads\\\/\",\"url\":\"https:\\\/\\\/www.el-pan-alegre.org\\\/wordpress\\\/wissen\\\/downloads\\\/\",\"name\":\"Downloads - El Pan Alegre\",\"isPartOf\":{\"@id\":\"https:\\\/\\\/www.el-pan-alegre.org\\\/wordpress\\\/#website\"},\"datePublished\":\"2015-04-22T09:49:09+00:00\",\"dateModified\":\"2022-10-03T13:34:27+00:00\",\"breadcrumb\":{\"@id\":\"https:\\\/\\\/www.el-pan-alegre.org\\\/wordpress\\\/wissen\\\/downloads\\\/#breadcrumb\"},\"inLanguage\":\"de\",\"potentialAction\":[{\"@type\":\"ReadAction\",\"target\":[\"https:\\\/\\\/www.el-pan-alegre.org\\\/wordpress\\\/wissen\\\/downloads\\\/\"]}]},{\"@type\":\"BreadcrumbList\",\"@id\":\"https:\\\/\\\/www.el-pan-alegre.org\\\/wordpress\\\/wissen\\\/downloads\\\/#breadcrumb\",\"itemListElement\":[{\"@type\":\"ListItem\",\"position\":1,\"name\":\"Home\",\"item\":\"https:\\\/\\\/www.el-pan-alegre.org\\\/wordpress\\\/\"},{\"@type\":\"ListItem\",\"position\":2,\"name\":\"Wissen \\\/ Saber\",\"item\":\"https:\\\/\\\/www.el-pan-alegre.org\\\/wordpress\\\/wissen\\\/\"},{\"@type\":\"ListItem\",\"position\":3,\"name\":\"Downloads\"}]},{\"@type\":\"WebSite\",\"@id\":\"https:\\\/\\\/www.el-pan-alegre.org\\\/wordpress\\\/#website\",\"url\":\"https:\\\/\\\/www.el-pan-alegre.org\\\/wordpress\\\/\",\"name\":\"El Pan Alegre\",\"description\":\"Das Fr\u00f6hliche Brot\",\"potentialAction\":[{\"@type\":\"SearchAction\",\"target\":{\"@type\":\"EntryPoint\",\"urlTemplate\":\"https:\\\/\\\/www.el-pan-alegre.org\\\/wordpress\\\/?s={search_term_string}\"},\"query-input\":{\"@type\":\"PropertyValueSpecification\",\"valueRequired\":true,\"valueName\":\"search_term_string\"}}],\"inLanguage\":\"de\"}]}<\/script>\n<!-- \/ Yoast SEO plugin. -->","yoast_head_json":{"title":"Downloads - El Pan Alegre","robots":{"index":"index","follow":"follow","max-snippet":"max-snippet:-1","max-image-preview":"max-image-preview:large","max-video-preview":"max-video-preview:-1"},"canonical":"https:\/\/www.el-pan-alegre.org\/wordpress\/wissen\/downloads\/","og_locale":"de_DE","og_type":"article","og_title":"Downloads - El Pan Alegre","og_description":"Hier finden Sie alle Materialien von En Buenas Manos e.V. auf einen Blick \/ a continuaci\u00f3n ustedes encontrar\u00e1n todos los materiales disponibles sobre el trabajo de En Buenas Manos: Informationsmaterial \/ informaciones BESCHREIBUNG \/ DESCRIPCI\u00d3N: DAS FR\u00d6HLICHE BROT &#8211; Flyer &hellip; Weiterlesen &rarr;","og_url":"https:\/\/www.el-pan-alegre.org\/wordpress\/wissen\/downloads\/","og_site_name":"El Pan Alegre","article_modified_time":"2022-10-03T13:34:27+00:00","twitter_card":"summary_large_image","twitter_misc":{"Gesch\u00e4tzte Lesezeit":"2\u00a0Minuten"},"schema":{"@context":"https:\/\/schema.org","@graph":[{"@type":"WebPage","@id":"https:\/\/www.el-pan-alegre.org\/wordpress\/wissen\/downloads\/","url":"https:\/\/www.el-pan-alegre.org\/wordpress\/wissen\/downloads\/","name":"Downloads - El Pan Alegre","isPartOf":{"@id":"https:\/\/www.el-pan-alegre.org\/wordpress\/#website"},"datePublished":"2015-04-22T09:49:09+00:00","dateModified":"2022-10-03T13:34:27+00:00","breadcrumb":{"@id":"https:\/\/www.el-pan-alegre.org\/wordpress\/wissen\/downloads\/#breadcrumb"},"inLanguage":"de","potentialAction":[{"@type":"ReadAction","target":["https:\/\/www.el-pan-alegre.org\/wordpress\/wissen\/downloads\/"]}]},{"@type":"BreadcrumbList","@id":"https:\/\/www.el-pan-alegre.org\/wordpress\/wissen\/downloads\/#breadcrumb","itemListElement":[{"@type":"ListItem","position":1,"name":"Home","item":"https:\/\/www.el-pan-alegre.org\/wordpress\/"},{"@type":"ListItem","position":2,"name":"Wissen \/ Saber","item":"https:\/\/www.el-pan-alegre.org\/wordpress\/wissen\/"},{"@type":"ListItem","position":3,"name":"Downloads"}]},{"@type":"WebSite","@id":"https:\/\/www.el-pan-alegre.org\/wordpress\/#website","url":"https:\/\/www.el-pan-alegre.org\/wordpress\/","name":"El Pan Alegre","description":"Das Fr\u00f6hliche Brot","potentialAction":[{"@type":"SearchAction","target":{"@type":"EntryPoint","urlTemplate":"https:\/\/www.el-pan-alegre.org\/wordpress\/?s={search_term_string}"},"query-input":{"@type":"PropertyValueSpecification","valueRequired":true,"valueName":"search_term_string"}}],"inLanguage":"de"}]}},"jetpack_sharing_enabled":true,"jetpack_shortlink":"https:\/\/wp.me\/P62TDh-8H","jetpack-related-posts":[{"id":774,"url":"https:\/\/www.el-pan-alegre.org\/wordpress\/wissen\/konzepte\/das-froehliche-brot-el-pan-alegre\/","url_meta":{"origin":539,"position":0},"title":"Das Fr\u00f6hliche Brot","author":"Madeleine Porr","date":"14. Juli 2015","format":false,"excerpt":"DAS FR\u00d6HLICHE BROT - Flyer auf Deutsch (Au\u00dfenseite) DAS FR\u00d6HLICHE BROT - Flyer auf Deutsch (Innenseite) DAS FR\u00d6HLICHE BROT - deutsch DAS FR\u00d6HLICHE BROT - deutsch (Wikipedia) DAS FR\u00d6HLICHE BROT - Bildungsarbeit am Beispiel des Amaranth EL PAN ALEGRE - DAS FR\u00d6HLICHE BROT (Pressemitteilung Mai 2011)","rel":"","context":"\u00c4hnlicher Beitrag","block_context":{"text":"\u00c4hnlicher Beitrag","link":""},"img":{"alt_text":"","src":"","width":0,"height":0},"classes":[]},{"id":2193,"url":"https:\/\/www.el-pan-alegre.org\/wordpress\/en-buenas-manos-e-v\/zum-verein\/","url_meta":{"origin":539,"position":1},"title":"Zum Verein","author":"Madeleine Porr","date":"14. September 2019","format":false,"excerpt":"gegr. 2005, Sitz: Berlin institutioneller Tr\u00e4ger des Regionalentwicklungskonzepts El Pan Alegre - Das Fr\u00f6hliche Brot, Beispiel f\u00fcr geschlossene optimierte Stoffstromkreisl\u00e4ufe mit den Komponenten Amaranth und Biogas aus organischen Hausabf\u00e4llen aktuell 10 Mitglieder + 1 Ehrenmitglied, davon 5 aktiv (Vorstand, Workshops); Aktivit\u00e4ten aktuell in Berlin und Havanna\/Kuba Finanzierung aktuell durch Mitgliedsbeitr\u00e4ge,\u2026","rel":"","context":"\u00c4hnlicher Beitrag","block_context":{"text":"\u00c4hnlicher Beitrag","link":""},"img":{"alt_text":"","src":"","width":0,"height":0},"classes":[]},{"id":517,"url":"https:\/\/www.el-pan-alegre.org\/wordpress\/en-buenas-manos-e-v\/zum-verein\/impressum\/","url_meta":{"origin":539,"position":2},"title":"Impressum","author":"Anja Mocker","date":"22. April 2015","format":false,"excerpt":"En Buenas Manos e.V. (dt.: \u00bbIn Guten H\u00e4nden\u00ab) \u2013 Gemeinn\u00fctziger Verein zur F\u00f6rderung der Kultur, der V\u00f6lkerverst\u00e4ndigung, der Natur und des Umweltschutzes und Tr\u00e4gerverein des Projekts \u201eEl Pan Alegre - Das Fr\u00f6hliche Brot\u201c \u2013 (Vorsitzender: R. Gummlich, Strausberger Stra\u00dfe 37 \/ D-10243 Berlin) E-Mail: kontakt (at) el-pan-alegre (dot) org Das\u2026","rel":"","context":"\u00c4hnlicher Beitrag","block_context":{"text":"\u00c4hnlicher Beitrag","link":""},"img":{"alt_text":"","src":"https:\/\/i0.wp.com\/www.el-pan-alegre.org\/wordpress\/wp-content\/uploads\/2009\/01\/pict-by.png?resize=350%2C200","width":350,"height":200},"classes":[]},{"id":803,"url":"https:\/\/www.el-pan-alegre.org\/wordpress\/en-buenas-manos-e-v\/was-wollen-wir\/unsere-werte-und-ziele\/","url_meta":{"origin":539,"position":3},"title":"Unsere Werte und Ziele","author":"Madeleine Porr","date":"30. August 2015","format":false,"excerpt":"Der Projekttr\u00e4ger EN BUENAS MANOS (spanisch f\u00fcr: IN GUTEN H\u00c4NDEN) e.V. wurde im September 2005 von Mitgliedern des IKN International Knowledge Network for Sustainable Development (S\u00fcd-S\u00fcd-Nord-Wissensnetzwerk f\u00fcr nachhaltige Entwicklung) an der Technischen Universit\u00e4t Berlin gegr\u00fcndet und ist als gemeinn\u00fctziger Verein zur F\u00f6rderung der Kultur, der V\u00f6lkerverst\u00e4ndigung, der Natur und des\u2026","rel":"","context":"\u00c4hnlicher Beitrag","block_context":{"text":"\u00c4hnlicher Beitrag","link":""},"img":{"alt_text":"","src":"","width":0,"height":0},"classes":[]},{"id":1179,"url":"https:\/\/www.el-pan-alegre.org\/wordpress\/machen\/projekte-de\/im-theater-am-rand-oderbruch\/","url_meta":{"origin":539,"position":4},"title":"Im Theater am Rand \/ Oderbruch","author":"Madeleine Porr","date":"25. Januar 2016","format":false,"excerpt":"A.\u00a0 Kindertheaterst\u00fcck \"Das Fr\u00f6hliche Brot\" Hintergrund-Info Titel 1. Akt 2. Akt Auff\u00fchrung B.\u00a0 Amaranth-Kinderlied \"Das Amaranth-Lied\" (Musik + Text: Tobias Morgenster; Gesang: Katarina Krolls FEZi-Strolche; Aufnahme, Mix + Schnitt: Dirk Meier \/ gesponsert von der Landesmusikakademie im FEZ-Berlin) Note in A Note in C Note in D Note in G\u2026","rel":"","context":"\u00c4hnlicher Beitrag","block_context":{"text":"\u00c4hnlicher Beitrag","link":""},"img":{"alt_text":"Kindertheaterstueck","src":"https:\/\/i0.wp.com\/www.el-pan-alegre.org\/wordpress\/wp-content\/uploads\/2016\/01\/Kindertheaterstueck-1024x768.jpg?resize=350%2C200","width":350,"height":200,"srcset":"https:\/\/i0.wp.com\/www.el-pan-alegre.org\/wordpress\/wp-content\/uploads\/2016\/01\/Kindertheaterstueck-1024x768.jpg?resize=350%2C200 1x, https:\/\/i0.wp.com\/www.el-pan-alegre.org\/wordpress\/wp-content\/uploads\/2016\/01\/Kindertheaterstueck-1024x768.jpg?resize=525%2C300 1.5x"},"classes":[]},{"id":579,"url":"https:\/\/www.el-pan-alegre.org\/wordpress\/machen\/projekte-de\/","url_meta":{"origin":539,"position":5},"title":"Projekte Deutschland","author":"Anja Mocker","date":"22. April 2015","format":false,"excerpt":"Im FEZ-Berlin 2010-15 PARADIES WUHLHEIDE Im Prinzessinnengarten Berlin Im Theater am Rand \/ Oderbruch -\u00a0 Kindertheaterst\u00fcck \"Das Fr\u00f6hliche Brot\" -\u00a0 Amaranth-Kinderlied Im \u00d6kowerk Tornow Bei der Jahreskonferenz des Deutschen Nachhaltigkeitsrates Bei den Geschmackstagen in der Berliner Markthalle IX Beim Familienrenntag im Pferdesportpark Berlin-Karlshorst Beim Weihnachts-Lichtermarkt Berlin-Lichtenrade Beim Tag der Offenen\u2026","rel":"","context":"\u00c4hnlicher Beitrag","block_context":{"text":"\u00c4hnlicher Beitrag","link":""},"img":{"alt_text":"2013-Bundeskanzleramt","src":"https:\/\/i0.wp.com\/www.el-pan-alegre.org\/wordpress\/wp-content\/uploads\/2015\/04\/2013-Bundeskanzleramt-150x150.jpg?resize=350%2C200","width":350,"height":200},"classes":[]}],"_links":{"self":[{"href":"https:\/\/www.el-pan-alegre.org\/wordpress\/wp-json\/wp\/v2\/pages\/539","targetHints":{"allow":["GET"]}}],"collection":[{"href":"https:\/\/www.el-pan-alegre.org\/wordpress\/wp-json\/wp\/v2\/pages"}],"about":[{"href":"https:\/\/www.el-pan-alegre.org\/wordpress\/wp-json\/wp\/v2\/types\/page"}],"author":[{"embeddable":true,"href":"https:\/\/www.el-pan-alegre.org\/wordpress\/wp-json\/wp\/v2\/users\/1"}],"replies":[{"embeddable":true,"href":"https:\/\/www.el-pan-alegre.org\/wordpress\/wp-json\/wp\/v2\/comments?post=539"}],"version-history":[{"count":37,"href":"https:\/\/www.el-pan-alegre.org\/wordpress\/wp-json\/wp\/v2\/pages\/539\/revisions"}],"predecessor-version":[{"id":2784,"href":"https:\/\/www.el-pan-alegre.org\/wordpress\/wp-json\/wp\/v2\/pages\/539\/revisions\/2784"}],"up":[{"embeddable":true,"href":"https:\/\/www.el-pan-alegre.org\/wordpress\/wp-json\/wp\/v2\/pages\/482"}],"wp:attachment":[{"href":"https:\/\/www.el-pan-alegre.org\/wordpress\/wp-json\/wp\/v2\/media?parent=539"}],"curies":[{"name":"wp","href":"https:\/\/api.w.org\/{rel}","templated":true}]}}