{"id":533,"date":"2015-04-22T11:43:31","date_gmt":"2015-04-22T09:43:31","guid":{"rendered":"http:\/\/www.el-pan-alegre.org\/wordpress\/?page_id=533"},"modified":"2018-01-05T13:00:27","modified_gmt":"2018-01-05T12:00:27","slug":"oekonomie","status":"publish","type":"page","link":"https:\/\/www.el-pan-alegre.org\/wordpress\/wissen\/themen\/oekonomie\/","title":{"rendered":"\u00d6konomie \/ Econom\u00eda \/ Economy"},"content":{"rendered":"<ul>\n<li><a href=\"http:\/\/www.caring-economics.org\/\">Caring economics<\/a><\/li>\n<li><a href=\"http:\/\/thenextsystem.org\/wp-content\/uploads\/2016\/03\/NewSystems_RianeEisler.pdf\">Whole Systems Change &#8211; Riane Eisler<\/a><\/li>\n<li><a href=\"http:\/\/www.taz.de\/1\/archiv\/archiv\/?dig=2011\/06\/11\/a0030\">Blue Economy (D) &#8211; Artikel in der taz (Jensen, A. und Scheub, U.)<\/a><\/li>\n<li><a href=\"http:\/\/www.blueeconomy.de\/100-ideen\/\">Blue Economy (D) &#8211; &#8222;100 Blaue Ideen&#8220;<\/a><\/li>\n<li><a href=\"http:\/\/www.theblueeconomy.org\/cases-1-to-100.html\">Blue Economy (Eng) &#8211; &#8222;Nature&#8217;s 100 Best&#8220;<\/a><\/li>\n<li><a href=\"http:\/\/www.unep.org\/PDF\/PressReleases\/sp\/2008May28_Nature100_sp.pdf\">Blue Economy \/ Econom\u00eda Azul (Esp) &#8211; &#8222;Nature&#8217;s 100 Best \/ Los mejores 100 de la naturaleza&#8220;<\/a><\/li>\n<li><a href=\"http:\/\/www.heise.de\/tp\/artikel\/30\/30665\/1.html\">Geb\u00fchr auf Geld \/ Raus aus der Zinsspiralenfalle &#8211; Klaus Popp<\/a><\/li>\n<li><a href=\"http:\/\/www.grundeinkommenbonn.de\/wiki\/images\/Katalog_A4_k.pdf\">Grundeinkommen &#8211; Motor f\u00fcr Entwicklung (Beispiel Namibia\/Fotoausstellung)<\/a><\/li>\n<li><a href=\"http:\/\/www.egon-w-kreutzer.de\/Petschow\/Einleitung.html\">Kassensturz \/ Auch die Zahlen fordern den sofortigen Wandel in Politik und Wirtschaft &#8211; Petschow, D.<\/a><\/li>\n<\/ul>\n<p>&nbsp;<\/p>\n<p>&nbsp;<\/p>\n","protected":false},"excerpt":{"rendered":"<p>Caring economics Whole Systems Change &#8211; Riane Eisler Blue Economy (D) &#8211; Artikel in der taz (Jensen, A. und Scheub, U.) Blue Economy (D) &#8211; &#8222;100 Blaue Ideen&#8220; Blue Economy (Eng) &#8211; &#8222;Nature&#8217;s 100 Best&#8220; Blue Economy \/ Econom\u00eda Azul &hellip; <a href=\"https:\/\/www.el-pan-alegre.org\/wordpress\/wissen\/themen\/oekonomie\/\">Weiterlesen <span class=\"meta-nav\">&rarr;<\/span><\/a><\/p>\n","protected":false},"author":1,"featured_media":0,"parent":523,"menu_order":0,"comment_status":"open","ping_status":"open","template":"","meta":{"footnotes":""},"class_list":["post-533","page","type-page","status-publish","hentry"],"yoast_head":"<!-- This site is optimized with the Yoast SEO plugin v27.6 - https:\/\/yoast.com\/product\/yoast-seo-wordpress\/ -->\n<title>\u00d6konomie \/ Econom\u00eda \/ Economy - El Pan Alegre<\/title>\n<meta name=\"robots\" content=\"index, follow, max-snippet:-1, max-image-preview:large, max-video-preview:-1\" \/>\n<link rel=\"canonical\" href=\"https:\/\/www.el-pan-alegre.org\/wordpress\/wissen\/themen\/oekonomie\/\" \/>\n<meta property=\"og:locale\" content=\"de_DE\" \/>\n<meta property=\"og:type\" content=\"article\" \/>\n<meta property=\"og:title\" content=\"\u00d6konomie \/ Econom\u00eda \/ Economy - El Pan Alegre\" \/>\n<meta property=\"og:description\" content=\"Caring economics Whole Systems Change &#8211; Riane Eisler Blue Economy (D) &#8211; Artikel in der taz (Jensen, A. und Scheub, U.) Blue Economy (D) &#8211; &#8222;100 Blaue Ideen&#8220; Blue Economy (Eng) &#8211; &#8222;Nature&#8217;s 100 Best&#8220; Blue Economy \/ Econom\u00eda Azul &hellip; Weiterlesen &rarr;\" \/>\n<meta property=\"og:url\" content=\"https:\/\/www.el-pan-alegre.org\/wordpress\/wissen\/themen\/oekonomie\/\" \/>\n<meta property=\"og:site_name\" content=\"El Pan Alegre\" \/>\n<meta property=\"article:modified_time\" content=\"2018-01-05T12:00:27+00:00\" \/>\n<meta name=\"twitter:card\" content=\"summary_large_image\" \/>\n<script type=\"application\/ld+json\" class=\"yoast-schema-graph\">{\"@context\":\"https:\\\/\\\/schema.org\",\"@graph\":[{\"@type\":\"WebPage\",\"@id\":\"https:\\\/\\\/www.el-pan-alegre.org\\\/wordpress\\\/wissen\\\/themen\\\/oekonomie\\\/\",\"url\":\"https:\\\/\\\/www.el-pan-alegre.org\\\/wordpress\\\/wissen\\\/themen\\\/oekonomie\\\/\",\"name\":\"\u00d6konomie \\\/ Econom\u00eda \\\/ Economy - El Pan Alegre\",\"isPartOf\":{\"@id\":\"https:\\\/\\\/www.el-pan-alegre.org\\\/wordpress\\\/#website\"},\"datePublished\":\"2015-04-22T09:43:31+00:00\",\"dateModified\":\"2018-01-05T12:00:27+00:00\",\"breadcrumb\":{\"@id\":\"https:\\\/\\\/www.el-pan-alegre.org\\\/wordpress\\\/wissen\\\/themen\\\/oekonomie\\\/#breadcrumb\"},\"inLanguage\":\"de\",\"potentialAction\":[{\"@type\":\"ReadAction\",\"target\":[\"https:\\\/\\\/www.el-pan-alegre.org\\\/wordpress\\\/wissen\\\/themen\\\/oekonomie\\\/\"]}]},{\"@type\":\"BreadcrumbList\",\"@id\":\"https:\\\/\\\/www.el-pan-alegre.org\\\/wordpress\\\/wissen\\\/themen\\\/oekonomie\\\/#breadcrumb\",\"itemListElement\":[{\"@type\":\"ListItem\",\"position\":1,\"name\":\"Home\",\"item\":\"https:\\\/\\\/www.el-pan-alegre.org\\\/wordpress\\\/\"},{\"@type\":\"ListItem\",\"position\":2,\"name\":\"Wissen \\\/ Saber\",\"item\":\"https:\\\/\\\/www.el-pan-alegre.org\\\/wordpress\\\/wissen\\\/\"},{\"@type\":\"ListItem\",\"position\":3,\"name\":\"Themen \\\/ Temas\",\"item\":\"https:\\\/\\\/www.el-pan-alegre.org\\\/wordpress\\\/wissen\\\/themen\\\/\"},{\"@type\":\"ListItem\",\"position\":4,\"name\":\"\u00d6konomie \\\/ Econom\u00eda \\\/ Economy\"}]},{\"@type\":\"WebSite\",\"@id\":\"https:\\\/\\\/www.el-pan-alegre.org\\\/wordpress\\\/#website\",\"url\":\"https:\\\/\\\/www.el-pan-alegre.org\\\/wordpress\\\/\",\"name\":\"El Pan Alegre\",\"description\":\"Das Fr\u00f6hliche Brot\",\"potentialAction\":[{\"@type\":\"SearchAction\",\"target\":{\"@type\":\"EntryPoint\",\"urlTemplate\":\"https:\\\/\\\/www.el-pan-alegre.org\\\/wordpress\\\/?s={search_term_string}\"},\"query-input\":{\"@type\":\"PropertyValueSpecification\",\"valueRequired\":true,\"valueName\":\"search_term_string\"}}],\"inLanguage\":\"de\"}]}<\/script>\n<!-- \/ Yoast SEO plugin. -->","yoast_head_json":{"title":"\u00d6konomie \/ Econom\u00eda \/ Economy - El Pan Alegre","robots":{"index":"index","follow":"follow","max-snippet":"max-snippet:-1","max-image-preview":"max-image-preview:large","max-video-preview":"max-video-preview:-1"},"canonical":"https:\/\/www.el-pan-alegre.org\/wordpress\/wissen\/themen\/oekonomie\/","og_locale":"de_DE","og_type":"article","og_title":"\u00d6konomie \/ Econom\u00eda \/ Economy - El Pan Alegre","og_description":"Caring economics Whole Systems Change &#8211; Riane Eisler Blue Economy (D) &#8211; Artikel in der taz (Jensen, A. und Scheub, U.) Blue Economy (D) &#8211; &#8222;100 Blaue Ideen&#8220; Blue Economy (Eng) &#8211; &#8222;Nature&#8217;s 100 Best&#8220; Blue Economy \/ Econom\u00eda Azul &hellip; Weiterlesen &rarr;","og_url":"https:\/\/www.el-pan-alegre.org\/wordpress\/wissen\/themen\/oekonomie\/","og_site_name":"El Pan Alegre","article_modified_time":"2018-01-05T12:00:27+00:00","twitter_card":"summary_large_image","schema":{"@context":"https:\/\/schema.org","@graph":[{"@type":"WebPage","@id":"https:\/\/www.el-pan-alegre.org\/wordpress\/wissen\/themen\/oekonomie\/","url":"https:\/\/www.el-pan-alegre.org\/wordpress\/wissen\/themen\/oekonomie\/","name":"\u00d6konomie \/ Econom\u00eda \/ Economy - El Pan Alegre","isPartOf":{"@id":"https:\/\/www.el-pan-alegre.org\/wordpress\/#website"},"datePublished":"2015-04-22T09:43:31+00:00","dateModified":"2018-01-05T12:00:27+00:00","breadcrumb":{"@id":"https:\/\/www.el-pan-alegre.org\/wordpress\/wissen\/themen\/oekonomie\/#breadcrumb"},"inLanguage":"de","potentialAction":[{"@type":"ReadAction","target":["https:\/\/www.el-pan-alegre.org\/wordpress\/wissen\/themen\/oekonomie\/"]}]},{"@type":"BreadcrumbList","@id":"https:\/\/www.el-pan-alegre.org\/wordpress\/wissen\/themen\/oekonomie\/#breadcrumb","itemListElement":[{"@type":"ListItem","position":1,"name":"Home","item":"https:\/\/www.el-pan-alegre.org\/wordpress\/"},{"@type":"ListItem","position":2,"name":"Wissen \/ Saber","item":"https:\/\/www.el-pan-alegre.org\/wordpress\/wissen\/"},{"@type":"ListItem","position":3,"name":"Themen \/ Temas","item":"https:\/\/www.el-pan-alegre.org\/wordpress\/wissen\/themen\/"},{"@type":"ListItem","position":4,"name":"\u00d6konomie \/ Econom\u00eda \/ Economy"}]},{"@type":"WebSite","@id":"https:\/\/www.el-pan-alegre.org\/wordpress\/#website","url":"https:\/\/www.el-pan-alegre.org\/wordpress\/","name":"El Pan Alegre","description":"Das Fr\u00f6hliche Brot","potentialAction":[{"@type":"SearchAction","target":{"@type":"EntryPoint","urlTemplate":"https:\/\/www.el-pan-alegre.org\/wordpress\/?s={search_term_string}"},"query-input":{"@type":"PropertyValueSpecification","valueRequired":true,"valueName":"search_term_string"}}],"inLanguage":"de"}]}},"jetpack_sharing_enabled":true,"jetpack_shortlink":"https:\/\/wp.me\/P62TDh-8B","jetpack-related-posts":[{"id":523,"url":"https:\/\/www.el-pan-alegre.org\/wordpress\/wissen\/themen\/","url_meta":{"origin":533,"position":0},"title":"Themen \/ Temas","author":"Anja Mocker","date":"22. April 2015","format":false,"excerpt":"Amaranth \/ Amaranto Biogas & Biokohle \/ Carb\u00f3n vegetal \/ Biochar \u00d6konomie \/ Econom\u00eda \/ Economy Kreisl\u00e4ufe & Permakultur \/ Ciclos & Permacultura \/ Permaculture Au\u00dferdem \/ Adem\u00e1s \/ Additionally ... ... in den L\u00e4ndern \/ por pa\u00edses \/ in different countries","rel":"","context":"\u00c4hnlicher Beitrag","block_context":{"text":"\u00c4hnlicher Beitrag","link":""},"img":{"alt_text":"","src":"","width":0,"height":0},"classes":[]},{"id":573,"url":"https:\/\/www.el-pan-alegre.org\/wordpress\/wissen\/themen\/laender\/","url_meta":{"origin":533,"position":1},"title":"&#8230; in den L\u00e4ndern \/ por pa\u00edses \/ in different countries","author":"Anja Mocker","date":"22. April 2015","format":false,"excerpt":"ALAI - Agencia Latinoamericana de Informaci\u00f3n BOLIVIA (Esp) - Fundaci\u00f3n UNIR Bolivia BRASIL: Curitiba - Programa exitoso de reciclaje colectivo de basura CHINA: Die Mosuo - Friedliche matriarchale Gesellschaft, die das Wort \"Mord\" nicht kennt CHINA: The Mosuo - Pacific matriarcal society which doesn't have a word for \"murder\" CHINA:\u2026","rel":"","context":"\u00c4hnlicher Beitrag","block_context":{"text":"\u00c4hnlicher Beitrag","link":""},"img":{"alt_text":"","src":"","width":0,"height":0},"classes":[]},{"id":567,"url":"https:\/\/www.el-pan-alegre.org\/wordpress\/machen\/vernetzung\/","url_meta":{"origin":533,"position":2},"title":"Vernetzung","author":"Anja Mocker","date":"22. April 2015","format":false,"excerpt":"Netzwerken in Deutschland und Kuba: Ansprechpartnerin: Madeleine Porr, kontakt[at]el-pan-alegre.org Vernetzung mit ... \/ Enlace con ... ackerdemia Akademie f\u00fcr Visionautik Aktion Mensch Anja Mocker ATB Leibniz-Institut f\u00fcr Agrartechnik Potsdam-Bornim Berlin 21 Berliner Innovationskreis Blogpatenschaften bpb - Bundeszentrale f\u00fcr politische Bildung Der Parit\u00e4tische Berlin (Deutscher Parit\u00e4tischer Wohlfahrtsverband, Landesverband Berlin e. V.)\u2026","rel":"","context":"Mit 1 Kommentar","block_context":{"text":"Mit 1 Kommentar","link":"https:\/\/www.el-pan-alegre.org\/wordpress\/machen\/vernetzung\/#comments"},"img":{"alt_text":"","src":"","width":0,"height":0},"classes":[]},{"id":803,"url":"https:\/\/www.el-pan-alegre.org\/wordpress\/en-buenas-manos-e-v\/was-wollen-wir\/unsere-werte-und-ziele\/","url_meta":{"origin":533,"position":3},"title":"Unsere Werte und Ziele","author":"Madeleine Porr","date":"30. August 2015","format":false,"excerpt":"Der Projekttr\u00e4ger EN BUENAS MANOS (spanisch f\u00fcr: IN GUTEN H\u00c4NDEN) e.V. wurde im September 2005 von Mitgliedern des IKN International Knowledge Network for Sustainable Development (S\u00fcd-S\u00fcd-Nord-Wissensnetzwerk f\u00fcr nachhaltige Entwicklung) an der Technischen Universit\u00e4t Berlin gegr\u00fcndet und ist als gemeinn\u00fctziger Verein zur F\u00f6rderung der Kultur, der V\u00f6lkerverst\u00e4ndigung, der Natur und des\u2026","rel":"","context":"\u00c4hnlicher Beitrag","block_context":{"text":"\u00c4hnlicher Beitrag","link":""},"img":{"alt_text":"","src":"","width":0,"height":0},"classes":[]},{"id":1133,"url":"https:\/\/www.el-pan-alegre.org\/wordpress\/machen\/projekte-de\/im-fez-berlin\/","url_meta":{"origin":533,"position":4},"title":"Im FEZ-Berlin 2010-15","author":"Madeleine Porr","date":"24. Januar 2016","format":false,"excerpt":"Referenzschreiben des FEZ-Berlin a)\u00a0 Amaranth-Workshops f\u00fcr Schulklassen: Start im FEZ \"Ein starkes Korn f\u00fcr starke Kinder!\" * Amaranth & Honig - ein starkes Team f\u00fcr starke Kinder! Amaranth-Reis-Woche b)\u00a0 Biogas-Workshops f\u00fcr Schulklassen: Der Schatz aus dem \"M\u00fcll\" c)\u00a0 Kreislauf-Workshops f\u00fcr Schulklassen: Die verborgenen Natursch\u00e4tze Sachbericht Foto-Dokumentation d)\u00a0 Kreislauf-Pr\u00e4sentationen bei Wochenendveranstaltungen\u2026","rel":"","context":"\u00c4hnlicher Beitrag","block_context":{"text":"\u00c4hnlicher Beitrag","link":""},"img":{"alt_text":"Team-1","src":"https:\/\/i0.wp.com\/www.el-pan-alegre.org\/wordpress\/wp-content\/uploads\/2016\/01\/Team-1-300x300.jpg?resize=350%2C200","width":350,"height":200},"classes":[]},{"id":517,"url":"https:\/\/www.el-pan-alegre.org\/wordpress\/en-buenas-manos-e-v\/zum-verein\/impressum\/","url_meta":{"origin":533,"position":5},"title":"Impressum","author":"Anja Mocker","date":"22. April 2015","format":false,"excerpt":"En Buenas Manos e.V. (dt.: \u00bbIn Guten H\u00e4nden\u00ab) \u2013 Gemeinn\u00fctziger Verein zur F\u00f6rderung der Kultur, der V\u00f6lkerverst\u00e4ndigung, der Natur und des Umweltschutzes und Tr\u00e4gerverein des Projekts \u201eEl Pan Alegre - Das Fr\u00f6hliche Brot\u201c \u2013 (Vorsitzender: R. Gummlich, Strausberger Stra\u00dfe 37 \/ D-10243 Berlin) E-Mail: kontakt (at) el-pan-alegre (dot) org Das\u2026","rel":"","context":"\u00c4hnlicher Beitrag","block_context":{"text":"\u00c4hnlicher Beitrag","link":""},"img":{"alt_text":"","src":"https:\/\/i0.wp.com\/www.el-pan-alegre.org\/wordpress\/wp-content\/uploads\/2009\/01\/pict-by.png?resize=350%2C200","width":350,"height":200},"classes":[]}],"_links":{"self":[{"href":"https:\/\/www.el-pan-alegre.org\/wordpress\/wp-json\/wp\/v2\/pages\/533","targetHints":{"allow":["GET"]}}],"collection":[{"href":"https:\/\/www.el-pan-alegre.org\/wordpress\/wp-json\/wp\/v2\/pages"}],"about":[{"href":"https:\/\/www.el-pan-alegre.org\/wordpress\/wp-json\/wp\/v2\/types\/page"}],"author":[{"embeddable":true,"href":"https:\/\/www.el-pan-alegre.org\/wordpress\/wp-json\/wp\/v2\/users\/1"}],"replies":[{"embeddable":true,"href":"https:\/\/www.el-pan-alegre.org\/wordpress\/wp-json\/wp\/v2\/comments?post=533"}],"version-history":[{"count":15,"href":"https:\/\/www.el-pan-alegre.org\/wordpress\/wp-json\/wp\/v2\/pages\/533\/revisions"}],"predecessor-version":[{"id":1862,"href":"https:\/\/www.el-pan-alegre.org\/wordpress\/wp-json\/wp\/v2\/pages\/533\/revisions\/1862"}],"up":[{"embeddable":true,"href":"https:\/\/www.el-pan-alegre.org\/wordpress\/wp-json\/wp\/v2\/pages\/523"}],"wp:attachment":[{"href":"https:\/\/www.el-pan-alegre.org\/wordpress\/wp-json\/wp\/v2\/media?parent=533"}],"curies":[{"name":"wp","href":"https:\/\/api.w.org\/{rel}","templated":true}]}}