{"id":529,"date":"2015-04-22T11:41:46","date_gmt":"2015-04-22T09:41:46","guid":{"rendered":"http:\/\/www.el-pan-alegre.org\/wordpress\/?page_id=529"},"modified":"2016-03-21T01:52:03","modified_gmt":"2016-03-21T00:52:03","slug":"permakultur","status":"publish","type":"page","link":"https:\/\/www.el-pan-alegre.org\/wordpress\/wissen\/themen\/permakultur\/","title":{"rendered":"Kreisl\u00e4ufe &#038; Permakultur"},"content":{"rendered":"<ul>\n<li><a href=\"http:\/\/esac.laneta.apc.org\/citaing.htm\">Center of Innovation in Alternative Technologies (CITA) \/ Mexico<\/a><\/li>\n<li><a href=\"http:\/\/esac.laneta.apc.org\/citaesp.htm\">Centro de Innovaci\u00f3n en Tecnolog\u00eda Alternativa (CITA) \/ M\u00e9xico<\/a><\/li>\n<li>Permakultur &#8211; <a href=\"http:\/\/www.permakultur-institut.de\/800.2\/index.html\">deutsch<\/a><\/li>\n<li>Permaculture &#8211; <a href=\"http:\/\/www.holmgren.com.au\/\">english<\/a><\/li>\n<li>Permacultura &#8211; <a href=\"http:\/\/www.madeleine-porr.de\/Permacultura.pdf\">espa\u00f1ol<\/a><\/li>\n<\/ul>\n<p>&nbsp;<\/p>\n<p>&nbsp;<\/p>\n<p>&nbsp;<\/p>\n<p>&nbsp;<\/p>\n<p>&nbsp;<\/p>\n","protected":false},"excerpt":{"rendered":"<p>Center of Innovation in Alternative Technologies (CITA) \/ Mexico Centro de Innovaci\u00f3n en Tecnolog\u00eda Alternativa (CITA) \/ M\u00e9xico Permakultur &#8211; deutsch Permaculture &#8211; english Permacultura &#8211; espa\u00f1ol &nbsp; &nbsp; &nbsp; &nbsp; &nbsp;<\/p>\n","protected":false},"author":1,"featured_media":0,"parent":523,"menu_order":0,"comment_status":"open","ping_status":"open","template":"","meta":{"jetpack_post_was_ever_published":false,"footnotes":""},"class_list":["post-529","page","type-page","status-publish","hentry"],"yoast_head":"<!-- This site is optimized with the Yoast SEO plugin v27.3 - https:\/\/yoast.com\/product\/yoast-seo-wordpress\/ -->\n<title>Kreisl\u00e4ufe &amp; Permakultur - El Pan Alegre<\/title>\n<meta name=\"robots\" content=\"index, follow, max-snippet:-1, max-image-preview:large, max-video-preview:-1\" \/>\n<link rel=\"canonical\" href=\"https:\/\/www.el-pan-alegre.org\/wordpress\/wissen\/themen\/permakultur\/\" \/>\n<meta property=\"og:locale\" content=\"de_DE\" \/>\n<meta property=\"og:type\" content=\"article\" \/>\n<meta property=\"og:title\" content=\"Kreisl\u00e4ufe &amp; Permakultur - El Pan Alegre\" \/>\n<meta property=\"og:description\" content=\"Center of Innovation in Alternative Technologies (CITA) \/ Mexico Centro de Innovaci\u00f3n en Tecnolog\u00eda Alternativa (CITA) \/ M\u00e9xico Permakultur &#8211; deutsch Permaculture &#8211; english Permacultura &#8211; espa\u00f1ol &nbsp; &nbsp; &nbsp; &nbsp; &nbsp;\" \/>\n<meta property=\"og:url\" content=\"https:\/\/www.el-pan-alegre.org\/wordpress\/wissen\/themen\/permakultur\/\" \/>\n<meta property=\"og:site_name\" content=\"El Pan Alegre\" \/>\n<meta property=\"article:modified_time\" content=\"2016-03-21T00:52:03+00:00\" \/>\n<meta name=\"twitter:card\" content=\"summary_large_image\" \/>\n<script type=\"application\/ld+json\" class=\"yoast-schema-graph\">{\"@context\":\"https:\\\/\\\/schema.org\",\"@graph\":[{\"@type\":\"WebPage\",\"@id\":\"https:\\\/\\\/www.el-pan-alegre.org\\\/wordpress\\\/wissen\\\/themen\\\/permakultur\\\/\",\"url\":\"https:\\\/\\\/www.el-pan-alegre.org\\\/wordpress\\\/wissen\\\/themen\\\/permakultur\\\/\",\"name\":\"Kreisl\u00e4ufe & Permakultur - El Pan Alegre\",\"isPartOf\":{\"@id\":\"https:\\\/\\\/www.el-pan-alegre.org\\\/wordpress\\\/#website\"},\"datePublished\":\"2015-04-22T09:41:46+00:00\",\"dateModified\":\"2016-03-21T00:52:03+00:00\",\"breadcrumb\":{\"@id\":\"https:\\\/\\\/www.el-pan-alegre.org\\\/wordpress\\\/wissen\\\/themen\\\/permakultur\\\/#breadcrumb\"},\"inLanguage\":\"de\",\"potentialAction\":[{\"@type\":\"ReadAction\",\"target\":[\"https:\\\/\\\/www.el-pan-alegre.org\\\/wordpress\\\/wissen\\\/themen\\\/permakultur\\\/\"]}]},{\"@type\":\"BreadcrumbList\",\"@id\":\"https:\\\/\\\/www.el-pan-alegre.org\\\/wordpress\\\/wissen\\\/themen\\\/permakultur\\\/#breadcrumb\",\"itemListElement\":[{\"@type\":\"ListItem\",\"position\":1,\"name\":\"Home\",\"item\":\"https:\\\/\\\/www.el-pan-alegre.org\\\/wordpress\\\/\"},{\"@type\":\"ListItem\",\"position\":2,\"name\":\"Wissen \\\/ Saber\",\"item\":\"https:\\\/\\\/www.el-pan-alegre.org\\\/wordpress\\\/wissen\\\/\"},{\"@type\":\"ListItem\",\"position\":3,\"name\":\"Themen \\\/ Temas\",\"item\":\"https:\\\/\\\/www.el-pan-alegre.org\\\/wordpress\\\/wissen\\\/themen\\\/\"},{\"@type\":\"ListItem\",\"position\":4,\"name\":\"Kreisl\u00e4ufe &#038; Permakultur\"}]},{\"@type\":\"WebSite\",\"@id\":\"https:\\\/\\\/www.el-pan-alegre.org\\\/wordpress\\\/#website\",\"url\":\"https:\\\/\\\/www.el-pan-alegre.org\\\/wordpress\\\/\",\"name\":\"El Pan Alegre\",\"description\":\"Das Fr\u00f6hliche Brot\",\"potentialAction\":[{\"@type\":\"SearchAction\",\"target\":{\"@type\":\"EntryPoint\",\"urlTemplate\":\"https:\\\/\\\/www.el-pan-alegre.org\\\/wordpress\\\/?s={search_term_string}\"},\"query-input\":{\"@type\":\"PropertyValueSpecification\",\"valueRequired\":true,\"valueName\":\"search_term_string\"}}],\"inLanguage\":\"de\"}]}<\/script>\n<!-- \/ Yoast SEO plugin. -->","yoast_head_json":{"title":"Kreisl\u00e4ufe & Permakultur - El Pan Alegre","robots":{"index":"index","follow":"follow","max-snippet":"max-snippet:-1","max-image-preview":"max-image-preview:large","max-video-preview":"max-video-preview:-1"},"canonical":"https:\/\/www.el-pan-alegre.org\/wordpress\/wissen\/themen\/permakultur\/","og_locale":"de_DE","og_type":"article","og_title":"Kreisl\u00e4ufe & Permakultur - El Pan Alegre","og_description":"Center of Innovation in Alternative Technologies (CITA) \/ Mexico Centro de Innovaci\u00f3n en Tecnolog\u00eda Alternativa (CITA) \/ M\u00e9xico Permakultur &#8211; deutsch Permaculture &#8211; english Permacultura &#8211; espa\u00f1ol &nbsp; &nbsp; &nbsp; &nbsp; &nbsp;","og_url":"https:\/\/www.el-pan-alegre.org\/wordpress\/wissen\/themen\/permakultur\/","og_site_name":"El Pan Alegre","article_modified_time":"2016-03-21T00:52:03+00:00","twitter_card":"summary_large_image","schema":{"@context":"https:\/\/schema.org","@graph":[{"@type":"WebPage","@id":"https:\/\/www.el-pan-alegre.org\/wordpress\/wissen\/themen\/permakultur\/","url":"https:\/\/www.el-pan-alegre.org\/wordpress\/wissen\/themen\/permakultur\/","name":"Kreisl\u00e4ufe & Permakultur - El Pan Alegre","isPartOf":{"@id":"https:\/\/www.el-pan-alegre.org\/wordpress\/#website"},"datePublished":"2015-04-22T09:41:46+00:00","dateModified":"2016-03-21T00:52:03+00:00","breadcrumb":{"@id":"https:\/\/www.el-pan-alegre.org\/wordpress\/wissen\/themen\/permakultur\/#breadcrumb"},"inLanguage":"de","potentialAction":[{"@type":"ReadAction","target":["https:\/\/www.el-pan-alegre.org\/wordpress\/wissen\/themen\/permakultur\/"]}]},{"@type":"BreadcrumbList","@id":"https:\/\/www.el-pan-alegre.org\/wordpress\/wissen\/themen\/permakultur\/#breadcrumb","itemListElement":[{"@type":"ListItem","position":1,"name":"Home","item":"https:\/\/www.el-pan-alegre.org\/wordpress\/"},{"@type":"ListItem","position":2,"name":"Wissen \/ Saber","item":"https:\/\/www.el-pan-alegre.org\/wordpress\/wissen\/"},{"@type":"ListItem","position":3,"name":"Themen \/ Temas","item":"https:\/\/www.el-pan-alegre.org\/wordpress\/wissen\/themen\/"},{"@type":"ListItem","position":4,"name":"Kreisl\u00e4ufe &#038; Permakultur"}]},{"@type":"WebSite","@id":"https:\/\/www.el-pan-alegre.org\/wordpress\/#website","url":"https:\/\/www.el-pan-alegre.org\/wordpress\/","name":"El Pan Alegre","description":"Das Fr\u00f6hliche Brot","potentialAction":[{"@type":"SearchAction","target":{"@type":"EntryPoint","urlTemplate":"https:\/\/www.el-pan-alegre.org\/wordpress\/?s={search_term_string}"},"query-input":{"@type":"PropertyValueSpecification","valueRequired":true,"valueName":"search_term_string"}}],"inLanguage":"de"}]}},"jetpack_sharing_enabled":true,"jetpack_shortlink":"https:\/\/wp.me\/P62TDh-8x","jetpack-related-posts":[{"id":523,"url":"https:\/\/www.el-pan-alegre.org\/wordpress\/wissen\/themen\/","url_meta":{"origin":529,"position":0},"title":"Themen \/ Temas","author":"Anja Mocker","date":"22. April 2015","format":false,"excerpt":"Amaranth \/ Amaranto Biogas & Biokohle \/ Carb\u00f3n vegetal \/ Biochar \u00d6konomie \/ Econom\u00eda \/ Economy Kreisl\u00e4ufe & Permakultur \/ Ciclos & Permacultura \/ Permaculture Au\u00dferdem \/ Adem\u00e1s \/ Additionally ... ... in den L\u00e4ndern \/ por pa\u00edses \/ in different countries","rel":"","context":"\u00c4hnlicher Beitrag","block_context":{"text":"\u00c4hnlicher Beitrag","link":""},"img":{"alt_text":"","src":"","width":0,"height":0},"classes":[]},{"id":573,"url":"https:\/\/www.el-pan-alegre.org\/wordpress\/wissen\/themen\/laender\/","url_meta":{"origin":529,"position":1},"title":"&#8230; in den L\u00e4ndern \/ por pa\u00edses \/ in different countries","author":"Anja Mocker","date":"22. April 2015","format":false,"excerpt":"ALAI - Agencia Latinoamericana de Informaci\u00f3n BOLIVIA (Esp) - Fundaci\u00f3n UNIR Bolivia BRASIL: Curitiba - Programa exitoso de reciclaje colectivo de basura CHINA: Die Mosuo - Friedliche matriarchale Gesellschaft, die das Wort \"Mord\" nicht kennt CHINA: The Mosuo - Pacific matriarcal society which doesn't have a word for \"murder\" CHINA:\u2026","rel":"","context":"\u00c4hnlicher Beitrag","block_context":{"text":"\u00c4hnlicher Beitrag","link":""},"img":{"alt_text":"","src":"","width":0,"height":0},"classes":[]},{"id":581,"url":"https:\/\/www.el-pan-alegre.org\/wordpress\/machen\/actividades\/","url_meta":{"origin":529,"position":2},"title":"Actividades (Alemania, Cuba y M\u00e9xico)","author":"Anja Mocker","date":"22. April 2015","format":false,"excerpt":"v\u00e9anse comentarios BLOG en espa\u00f1ol v\u00e9anse comentarios BLOG: CUBA v\u00e9anse comentarios BLOG: M\u00c9XICO v\u00e9ase sitio web HACIENDO ALMAS 19 hasta 21 de febrero de 2013: a) Presentaci\u00f3n \"El Proyecto Tahit\u00ed\" en la XXII Feria Internacional del Libro de La Habana b) Coloquio \"HACIENDO EL FUTURO CON FUERZA LOCAL\" en la\u2026","rel":"","context":"\u00c4hnlicher Beitrag","block_context":{"text":"\u00c4hnlicher Beitrag","link":""},"img":{"alt_text":"","src":"","width":0,"height":0},"classes":[]},{"id":486,"url":"https:\/\/www.el-pan-alegre.org\/wordpress\/machen\/","url_meta":{"origin":529,"position":3},"title":"Machen \/ Hacer","author":"Anja Mocker","date":"22. April 2015","format":false,"excerpt":"Projekte Deutschland Aktivit\u00e4ten in Kuba und Mexiko Actividades (Alemania, Cuba y M\u00e9xico) Vernetzung Kochen & Backen mit Amaranth","rel":"","context":"\u00c4hnlicher Beitrag","block_context":{"text":"\u00c4hnlicher Beitrag","link":""},"img":{"alt_text":"","src":"","width":0,"height":0},"classes":[]},{"id":525,"url":"https:\/\/www.el-pan-alegre.org\/wordpress\/wissen\/themen\/amaranth\/","url_meta":{"origin":529,"position":4},"title":"Amaranth \/ Amaranto","author":"Anja Mocker","date":"22. April 2015","format":false,"excerpt":"Amaranth (D) - Pr\u00e4sentation (Landwirtschaft - Ern\u00e4hrung - Gastronomie - Medizin - Wellness) Amaranth (D) - \u00dcberblick Amaranth (D) - Vielfacher Nutzen (inkl. Glutenfreiheit) Amaranth (D) - Daten zum N\u00e4hrwert Amaranth (D) - Rezepte Amaranth (D) - Tee aus den Amaranth-Bl\u00e4ttern Amaranth (D) - Teil des Landwirtschaftssystems Milpa-Solar Amaranth (D)\u2026","rel":"","context":"\u00c4hnlicher Beitrag","block_context":{"text":"\u00c4hnlicher Beitrag","link":""},"img":{"alt_text":"","src":"","width":0,"height":0},"classes":[]}],"_links":{"self":[{"href":"https:\/\/www.el-pan-alegre.org\/wordpress\/wp-json\/wp\/v2\/pages\/529","targetHints":{"allow":["GET"]}}],"collection":[{"href":"https:\/\/www.el-pan-alegre.org\/wordpress\/wp-json\/wp\/v2\/pages"}],"about":[{"href":"https:\/\/www.el-pan-alegre.org\/wordpress\/wp-json\/wp\/v2\/types\/page"}],"author":[{"embeddable":true,"href":"https:\/\/www.el-pan-alegre.org\/wordpress\/wp-json\/wp\/v2\/users\/1"}],"replies":[{"embeddable":true,"href":"https:\/\/www.el-pan-alegre.org\/wordpress\/wp-json\/wp\/v2\/comments?post=529"}],"version-history":[{"count":9,"href":"https:\/\/www.el-pan-alegre.org\/wordpress\/wp-json\/wp\/v2\/pages\/529\/revisions"}],"predecessor-version":[{"id":1350,"href":"https:\/\/www.el-pan-alegre.org\/wordpress\/wp-json\/wp\/v2\/pages\/529\/revisions\/1350"}],"up":[{"embeddable":true,"href":"https:\/\/www.el-pan-alegre.org\/wordpress\/wp-json\/wp\/v2\/pages\/523"}],"wp:attachment":[{"href":"https:\/\/www.el-pan-alegre.org\/wordpress\/wp-json\/wp\/v2\/media?parent=529"}],"curies":[{"name":"wp","href":"https:\/\/api.w.org\/{rel}","templated":true}]}}