{"id":525,"date":"2015-04-22T11:41:12","date_gmt":"2015-04-22T09:41:12","guid":{"rendered":"http:\/\/www.el-pan-alegre.org\/wordpress\/?page_id=525"},"modified":"2024-10-06T17:07:12","modified_gmt":"2024-10-06T15:07:12","slug":"amaranth","status":"publish","type":"page","link":"https:\/\/www.el-pan-alegre.org\/wordpress\/wissen\/themen\/amaranth\/","title":{"rendered":"Amaranth \/ Amaranto"},"content":{"rendered":"<ul>\n<li>Amaranth (D) &#8211; <a href=\"https:\/\/el-pan-alegre.org\/Amaranth_Praesentation-dt.pdf\">Pr\u00e4sentation<\/a> (Landwirtschaft &#8211; Ern\u00e4hrung &#8211; Gastronomie &#8211; Medizin &#8211; Wellness)<\/li>\n<li>Amaranth (D) &#8211; <a href=\"http:\/\/www.el-pan-alegre.org\/Amaranth-Projekt_GENRES.pdf\">\u00dcberblick<\/a><\/li>\n<li>Amaranth (D) &#8211; <a href=\"http:\/\/www.el-pan-alegre.org\/01Vielfacher_Nutzen.pdf\">Vielfacher Nutzen<\/a> (inkl. Glutenfreiheit)<\/li>\n<li>Amaranth (D) &#8211; <a href=\"http:\/\/www.el-pan-alegre.org\/AMARANTH.pdf\">Daten zum N\u00e4hrwert<\/a><\/li>\n<li>Amaranth (D) &#8211; <a href=\"http:\/\/www.el-pan-alegre.org\/Rezepte.pdf\">Rezepte<\/a><\/li>\n<li>Amaranth (D) &#8211; <a href=\"http:\/\/www.el-pan-alegre.org\/Amarant-Tee.pdf\">Tee aus den Amaranth-Bl\u00e4ttern<\/a><\/li>\n<li>Amaranth (D) &#8211; <a href=\"http:\/\/de.wikipedia.org\/wiki\/Milpa\">Teil des Landwirtschaftssystems Milpa-Solar<\/a><\/li>\n<li>Amaranth (D) &#8211; <a href=\"https:\/\/www.researchgate.net\/publication\/249444296_Korner-Amarant_Amaranthus_ssp_Anbau_Zuchtung_und_Werteigenschaften_einer_alten_Indio-Pflanze\">Anbau &#8211; Z\u00fcchtung &#8211; Werteigenschaften<\/a><\/li>\n<li>Amaranth (D) &#8211; <a href=\"http:\/\/www.amarant.de\/\">B\u00e4rnkrafft \/ Deutschland<\/a><\/li>\n<li>Amaranth (D) &#8211; <a href=\"https:\/\/www.hofladen-bauernladen.info\/adressen\/josefgut-zwiefalten__908.php\">Schw\u00e4bische Alb \/ Deutschland<\/a><\/li>\n<li>Amaranth (Eng) &#8211; <a href=\"http:\/\/eap.mcgill.ca\/CPAT_1.htm\">Compositions, properties and applications<\/a><\/li>\n<li>Amaranth (Eng) &#8211; <a href=\"http:\/\/www.el-pan-alegre.org\/Amaranth_Grain-and-Vegetable_Types.pdf\">Grain and vegetable types<\/a><\/li>\n<li>Amaranth (Eng) &#8211; <a href=\"https:\/\/ourworld.unu.edu\/en\/rethinking-a-weed-the-truth-about-amaranth\" target=\"_blank\" rel=\"noopener\">Rethinking a Weed<\/a> (United Nations University)<\/li>\n<li>Amaranth (Eng) &#8211; <a href=\"https:\/\/cordis.europa.eu\/project\/id\/32263\/reporting\" target=\"_blank\" rel=\"noopener\">Future Food: Key tools for its exploitation<\/a><\/li>\n<li>Amaranth (Eng) &#8211; <a href=\"https:\/\/www.researchgate.net\/figure\/Common-amaranth-vegetables-in-Kenya-and-Tanzania_fig2_361403903\" target=\"_blank\" rel=\"noopener\">Kenya and Tanzania<\/a><\/li>\n<li>Amaranth (Eng) &#8211; <a href=\"https:\/\/africa-rising.net\/amaranth-tanzania\/\" target=\"_blank\" rel=\"noopener\">How Amaranth farming has transformed the life of a woman farmer in Tanzania<\/a><\/li>\n<li>Amaranth (Eng) &#8211; <a href=\"https:\/\/www.academia.edu\/62444504\/Efforts_to_Promote_Amaranth_Production_and_Consumption_in_Uganda_to_Fight_Malnutrition\" target=\"_blank\" rel=\"noopener\">Uganda: Amaranth production and consumption to fight malnutrition<\/a><\/li>\n<li>Amaranto (Esp) &#8211; <a href=\"https:\/\/www.alanrevista.org\/ediciones\/2007\/1\/art-10\/\">Composici\u00f3n y aporte potencial de hierro, calcio y zinc de panes y fideos elaborados con harinas de trigo y amaranto (Archivos Latinoamericanos de Nutrici\u00f3n)<\/a><\/li>\n<li>Amaranto (Esp) &#8211; <a href=\"http:\/\/www.scielo.org.ve\/scielo.php?script=sci_arttext&amp;pid=S0004-06222002000200008&amp;lng=en&amp;nrm=iso&amp;tlng=es\">Distribuci\u00f3n de la prote\u00edna en fracciones f\u00edsicas de la molienda y tamizado del grano de amaranto (Archivos Latinoamericanos de Nutrici\u00f3n)<\/a><\/li>\n<li>Amaranto (Esp) &#8211; <a href=\"http:\/\/www.scielo.org.ve\/scielo.php?script=sci_arttext&amp;pid=S0004-06222010000200012&amp;lng=en&amp;nrm=iso&amp;tlng=es\">Propiedades fisicoqu\u00edmicas y sensoriales de harinas para preparar atole de amaranto (Archivos Latinoamericanos de Nutrici\u00f3n)<\/a><\/li>\n<li>Amaranto (Esp) &#8211; <a href=\"http:\/\/www.alanrevista.org\/ediciones\/2014\/1\/art-7\/\">Capacidad antioxidante (Archivos Latinoamericanos de Nutrici\u00f3n)<\/a><\/li>\n<li>Amaranto (Esp) &#8211; <a href=\"http:\/\/www.fao.org\/search\/es\/?cx=018170620143701104933%3Apvqiwqrhhhq&amp;q=amaranto&amp;x=14&amp;y=5&amp;cof=FORID%3A9\">Cultivo \/ FAO<\/a><\/li>\n<li>Amaranto (Esp) &#8211; <a href=\"https:\/\/www.youtube.com\/watch?v=8ZLEJFrWX7o\" target=\"_blank\" rel=\"noopener\">Cultivo y cosecha de la planta<\/a> (videoclip, 4&#8242;)<\/li>\n<li>Amaranto (Esp) &#8211; <a href=\"https:\/\/www.youtube.com\/watch?v=WJ1zmD_YsGc\" target=\"_blank\" rel=\"noopener\">Preparaci\u00f3n de la ALEGR\u00cdA<\/a> (videoclip, 5&#8217;38&#8220;)<\/li>\n<li>Amaranto (Esp) &#8211; <a href=\"http:\/\/www.el-pan-alegre.org\/Guia_Amaranto.pdf\">Informaciones b\u00e1sicas para su introducci\u00f3n<\/a><\/li>\n<li>Amaranto (Esp) &#8211; <a href=\"http:\/\/www.guiadelemprendedor.com.ar\/Amaranto.htm\" target=\"_blank\" rel=\"noopener\">Rendimiento econ\u00f3mico<\/a><\/li>\n<li>Amaranto (Esp) &#8211; <a href=\"https:\/\/www.fao.org\/fileadmin\/user_upload\/rlc\/utf017arg\/valles_calchaquies\/08.pdf\" target=\"_blank\" rel=\"noopener\">Desarollo institucional para la inversi\u00f3n<\/a> (Argentina)<\/li>\n<li>Amaranto (Esp) &#8211; <a href=\"https:\/\/alimentosargentinos.magyp.gob.ar\/contenido\/sectores\/farinaceos\/Productos\/2014\/01Ene_quinoaamaranto.pdf\" target=\"_blank\" rel=\"noopener\">Cadena Quinoa y Amaranto<\/a> (Argentina)<\/li>\n<li>Amaranto (Esp) &#8211; <a href=\"https:\/\/www.youtube.com\/watch?v=6i5ihJyF_lw\" target=\"_blank\" rel=\"noopener\">Cultivo en cooperativa \/ Argentina <\/a>(videoclip, 5&#8242;, y contacto)<\/li>\n<li>Amaranto (Esp) &#8211; <a href=\"https:\/\/www.youtube.com\/watch?v=QXiWxeZEfm4\" target=\"_blank\" rel=\"noopener\">Cultivo en Bolivia<\/a> (videoclip, 1&#8242;, y contacto)<\/li>\n<li>Amaranto (Esp) &#8211; <a href=\"http:\/\/www.amaranto.com.mx\/menucorp\/somos\/somos.htm\">M\u00e9xico &#8211; Asociaci\u00f3n Mexicana del Amaranto<\/a>; aqu\u00ed tambi\u00e9n: <em><a href=\"http:\/\/www.amaranto.com.mx\/elamaranto\/historia\/historia.htm\" target=\"_blank\" rel=\"noopener\">Historia del amaranto<\/a> <\/em>[de resistencia y rebeld\u00eda]<\/li>\n<li>Amaranto (Esp) &#8211; <a href=\"https:\/\/www.gob.mx\/agricultura\/es\/articulos\/todo-sobre-el-amaranto\" target=\"_blank\" rel=\"noopener\">&#8222;Todo sobre el amaranto&#8220;<\/a> (p\u00e1gina del Gobierno de M\u00e9xico, m\u00e1s art\u00edculos all\u00ed en la &#8222;b\u00fasqueda&#8220; \/ palabra clave &#8222;amaranto&#8220;)<\/li>\n<li>Amaranto (Esp) &#8211; <a href=\"http:\/\/es.wikipedia.org\/wiki\/Milpa\">Parte del sistema agr\u00edcola Milpa Solar<\/a><\/li>\n<\/ul>\n","protected":false},"excerpt":{"rendered":"<p>Amaranth (D) &#8211; Pr\u00e4sentation (Landwirtschaft &#8211; Ern\u00e4hrung &#8211; Gastronomie &#8211; Medizin &#8211; Wellness) Amaranth (D) &#8211; \u00dcberblick Amaranth (D) &#8211; Vielfacher Nutzen (inkl. Glutenfreiheit) Amaranth (D) &#8211; Daten zum N\u00e4hrwert Amaranth (D) &#8211; Rezepte Amaranth (D) &#8211; Tee aus den &hellip; <a href=\"https:\/\/www.el-pan-alegre.org\/wordpress\/wissen\/themen\/amaranth\/\">Weiterlesen <span class=\"meta-nav\">&rarr;<\/span><\/a><\/p>\n","protected":false},"author":1,"featured_media":0,"parent":523,"menu_order":0,"comment_status":"open","ping_status":"open","template":"","meta":{"footnotes":""},"class_list":["post-525","page","type-page","status-publish","hentry"],"yoast_head":"<!-- This site is optimized with the Yoast SEO plugin v27.6 - https:\/\/yoast.com\/product\/yoast-seo-wordpress\/ -->\n<title>Amaranth \/ Amaranto - El Pan Alegre<\/title>\n<meta name=\"robots\" content=\"index, follow, max-snippet:-1, max-image-preview:large, max-video-preview:-1\" \/>\n<link rel=\"canonical\" href=\"https:\/\/www.el-pan-alegre.org\/wordpress\/wissen\/themen\/amaranth\/\" \/>\n<meta property=\"og:locale\" content=\"de_DE\" \/>\n<meta property=\"og:type\" content=\"article\" \/>\n<meta property=\"og:title\" content=\"Amaranth \/ Amaranto - El Pan Alegre\" \/>\n<meta property=\"og:description\" content=\"Amaranth (D) &#8211; Pr\u00e4sentation (Landwirtschaft &#8211; Ern\u00e4hrung &#8211; Gastronomie &#8211; Medizin &#8211; Wellness) Amaranth (D) &#8211; \u00dcberblick Amaranth (D) &#8211; Vielfacher Nutzen (inkl. Glutenfreiheit) Amaranth (D) &#8211; Daten zum N\u00e4hrwert Amaranth (D) &#8211; Rezepte Amaranth (D) &#8211; Tee aus den &hellip; Weiterlesen &rarr;\" \/>\n<meta property=\"og:url\" content=\"https:\/\/www.el-pan-alegre.org\/wordpress\/wissen\/themen\/amaranth\/\" \/>\n<meta property=\"og:site_name\" content=\"El Pan Alegre\" \/>\n<meta property=\"article:modified_time\" content=\"2024-10-06T15:07:12+00:00\" \/>\n<meta name=\"twitter:card\" content=\"summary_large_image\" \/>\n<meta name=\"twitter:label1\" content=\"Gesch\u00e4tzte Lesezeit\" \/>\n\t<meta name=\"twitter:data1\" content=\"2\u00a0Minuten\" \/>\n<script type=\"application\/ld+json\" class=\"yoast-schema-graph\">{\"@context\":\"https:\\\/\\\/schema.org\",\"@graph\":[{\"@type\":\"WebPage\",\"@id\":\"https:\\\/\\\/www.el-pan-alegre.org\\\/wordpress\\\/wissen\\\/themen\\\/amaranth\\\/\",\"url\":\"https:\\\/\\\/www.el-pan-alegre.org\\\/wordpress\\\/wissen\\\/themen\\\/amaranth\\\/\",\"name\":\"Amaranth \\\/ Amaranto - El Pan Alegre\",\"isPartOf\":{\"@id\":\"https:\\\/\\\/www.el-pan-alegre.org\\\/wordpress\\\/#website\"},\"datePublished\":\"2015-04-22T09:41:12+00:00\",\"dateModified\":\"2024-10-06T15:07:12+00:00\",\"breadcrumb\":{\"@id\":\"https:\\\/\\\/www.el-pan-alegre.org\\\/wordpress\\\/wissen\\\/themen\\\/amaranth\\\/#breadcrumb\"},\"inLanguage\":\"de\",\"potentialAction\":[{\"@type\":\"ReadAction\",\"target\":[\"https:\\\/\\\/www.el-pan-alegre.org\\\/wordpress\\\/wissen\\\/themen\\\/amaranth\\\/\"]}]},{\"@type\":\"BreadcrumbList\",\"@id\":\"https:\\\/\\\/www.el-pan-alegre.org\\\/wordpress\\\/wissen\\\/themen\\\/amaranth\\\/#breadcrumb\",\"itemListElement\":[{\"@type\":\"ListItem\",\"position\":1,\"name\":\"Home\",\"item\":\"https:\\\/\\\/www.el-pan-alegre.org\\\/wordpress\\\/\"},{\"@type\":\"ListItem\",\"position\":2,\"name\":\"Wissen \\\/ Saber\",\"item\":\"https:\\\/\\\/www.el-pan-alegre.org\\\/wordpress\\\/wissen\\\/\"},{\"@type\":\"ListItem\",\"position\":3,\"name\":\"Themen \\\/ Temas\",\"item\":\"https:\\\/\\\/www.el-pan-alegre.org\\\/wordpress\\\/wissen\\\/themen\\\/\"},{\"@type\":\"ListItem\",\"position\":4,\"name\":\"Amaranth \\\/ Amaranto\"}]},{\"@type\":\"WebSite\",\"@id\":\"https:\\\/\\\/www.el-pan-alegre.org\\\/wordpress\\\/#website\",\"url\":\"https:\\\/\\\/www.el-pan-alegre.org\\\/wordpress\\\/\",\"name\":\"El Pan Alegre\",\"description\":\"Das Fr\u00f6hliche Brot\",\"potentialAction\":[{\"@type\":\"SearchAction\",\"target\":{\"@type\":\"EntryPoint\",\"urlTemplate\":\"https:\\\/\\\/www.el-pan-alegre.org\\\/wordpress\\\/?s={search_term_string}\"},\"query-input\":{\"@type\":\"PropertyValueSpecification\",\"valueRequired\":true,\"valueName\":\"search_term_string\"}}],\"inLanguage\":\"de\"}]}<\/script>\n<!-- \/ Yoast SEO plugin. -->","yoast_head_json":{"title":"Amaranth \/ Amaranto - El Pan Alegre","robots":{"index":"index","follow":"follow","max-snippet":"max-snippet:-1","max-image-preview":"max-image-preview:large","max-video-preview":"max-video-preview:-1"},"canonical":"https:\/\/www.el-pan-alegre.org\/wordpress\/wissen\/themen\/amaranth\/","og_locale":"de_DE","og_type":"article","og_title":"Amaranth \/ Amaranto - El Pan Alegre","og_description":"Amaranth (D) &#8211; Pr\u00e4sentation (Landwirtschaft &#8211; Ern\u00e4hrung &#8211; Gastronomie &#8211; Medizin &#8211; Wellness) Amaranth (D) &#8211; \u00dcberblick Amaranth (D) &#8211; Vielfacher Nutzen (inkl. Glutenfreiheit) Amaranth (D) &#8211; Daten zum N\u00e4hrwert Amaranth (D) &#8211; Rezepte Amaranth (D) &#8211; Tee aus den &hellip; Weiterlesen &rarr;","og_url":"https:\/\/www.el-pan-alegre.org\/wordpress\/wissen\/themen\/amaranth\/","og_site_name":"El Pan Alegre","article_modified_time":"2024-10-06T15:07:12+00:00","twitter_card":"summary_large_image","twitter_misc":{"Gesch\u00e4tzte Lesezeit":"2\u00a0Minuten"},"schema":{"@context":"https:\/\/schema.org","@graph":[{"@type":"WebPage","@id":"https:\/\/www.el-pan-alegre.org\/wordpress\/wissen\/themen\/amaranth\/","url":"https:\/\/www.el-pan-alegre.org\/wordpress\/wissen\/themen\/amaranth\/","name":"Amaranth \/ Amaranto - El Pan Alegre","isPartOf":{"@id":"https:\/\/www.el-pan-alegre.org\/wordpress\/#website"},"datePublished":"2015-04-22T09:41:12+00:00","dateModified":"2024-10-06T15:07:12+00:00","breadcrumb":{"@id":"https:\/\/www.el-pan-alegre.org\/wordpress\/wissen\/themen\/amaranth\/#breadcrumb"},"inLanguage":"de","potentialAction":[{"@type":"ReadAction","target":["https:\/\/www.el-pan-alegre.org\/wordpress\/wissen\/themen\/amaranth\/"]}]},{"@type":"BreadcrumbList","@id":"https:\/\/www.el-pan-alegre.org\/wordpress\/wissen\/themen\/amaranth\/#breadcrumb","itemListElement":[{"@type":"ListItem","position":1,"name":"Home","item":"https:\/\/www.el-pan-alegre.org\/wordpress\/"},{"@type":"ListItem","position":2,"name":"Wissen \/ Saber","item":"https:\/\/www.el-pan-alegre.org\/wordpress\/wissen\/"},{"@type":"ListItem","position":3,"name":"Themen \/ Temas","item":"https:\/\/www.el-pan-alegre.org\/wordpress\/wissen\/themen\/"},{"@type":"ListItem","position":4,"name":"Amaranth \/ Amaranto"}]},{"@type":"WebSite","@id":"https:\/\/www.el-pan-alegre.org\/wordpress\/#website","url":"https:\/\/www.el-pan-alegre.org\/wordpress\/","name":"El Pan Alegre","description":"Das Fr\u00f6hliche Brot","potentialAction":[{"@type":"SearchAction","target":{"@type":"EntryPoint","urlTemplate":"https:\/\/www.el-pan-alegre.org\/wordpress\/?s={search_term_string}"},"query-input":{"@type":"PropertyValueSpecification","valueRequired":true,"valueName":"search_term_string"}}],"inLanguage":"de"}]}},"jetpack_sharing_enabled":true,"jetpack_shortlink":"https:\/\/wp.me\/P62TDh-8t","jetpack-related-posts":[{"id":1133,"url":"https:\/\/www.el-pan-alegre.org\/wordpress\/machen\/projekte-de\/im-fez-berlin\/","url_meta":{"origin":525,"position":0},"title":"Im FEZ-Berlin 2010-15","author":"Madeleine Porr","date":"24. Januar 2016","format":false,"excerpt":"Referenzschreiben des FEZ-Berlin a)\u00a0 Amaranth-Workshops f\u00fcr Schulklassen: Start im FEZ \"Ein starkes Korn f\u00fcr starke Kinder!\" * Amaranth & Honig - ein starkes Team f\u00fcr starke Kinder! Amaranth-Reis-Woche b)\u00a0 Biogas-Workshops f\u00fcr Schulklassen: Der Schatz aus dem \"M\u00fcll\" c)\u00a0 Kreislauf-Workshops f\u00fcr Schulklassen: Die verborgenen Natursch\u00e4tze Sachbericht Foto-Dokumentation d)\u00a0 Kreislauf-Pr\u00e4sentationen bei Wochenendveranstaltungen\u2026","rel":"","context":"\u00c4hnlicher Beitrag","block_context":{"text":"\u00c4hnlicher Beitrag","link":""},"img":{"alt_text":"Team-1","src":"https:\/\/i0.wp.com\/www.el-pan-alegre.org\/wordpress\/wp-content\/uploads\/2016\/01\/Team-1-300x300.jpg?resize=350%2C200","width":350,"height":200},"classes":[]},{"id":876,"url":"https:\/\/www.el-pan-alegre.org\/wordpress\/galerie\/2010-amaranth-kindertheaterstueck\/","url_meta":{"origin":525,"position":1},"title":"2010: AMARANTH-Kindertheaterst\u00fcck","author":"Madeleine Porr","date":"30. August 2015","format":false,"excerpt":"\u00a0 \u00a0 \u00a0","rel":"","context":"\u00c4hnlicher Beitrag","block_context":{"text":"\u00c4hnlicher Beitrag","link":""},"img":{"alt_text":"","src":"","width":0,"height":0},"classes":[]},{"id":886,"url":"https:\/\/www.el-pan-alegre.org\/wordpress\/galerie\/2012-abschlussfest-amaranth-kinderbaeckerei\/","url_meta":{"origin":525,"position":2},"title":"2012: Abschlussfest AMARANTH-Kinderb\u00e4ckerei","author":"Madeleine Porr","date":"30. August 2015","format":false,"excerpt":"\u00a0 * * *","rel":"","context":"\u00c4hnlicher Beitrag","block_context":{"text":"\u00c4hnlicher Beitrag","link":""},"img":{"alt_text":"","src":"","width":0,"height":0},"classes":[]},{"id":907,"url":"https:\/\/www.el-pan-alegre.org\/wordpress\/galerie\/2010-amaranth-im-prinzessinnengartenberlin\/","url_meta":{"origin":525,"position":3},"title":"2010: Amaranth im Prinzessinnengarten\/Berlin","author":"Madeleine Porr","date":"6. September 2015","format":false,"excerpt":"\u00a0 \u00a0 \u00a0 \u00a0","rel":"","context":"\u00c4hnlicher Beitrag","block_context":{"text":"\u00c4hnlicher Beitrag","link":""},"img":{"alt_text":"","src":"","width":0,"height":0},"classes":[]},{"id":488,"url":"https:\/\/www.el-pan-alegre.org\/wordpress\/galerie\/","url_meta":{"origin":525,"position":4},"title":"Film-\/Fotogalerie","author":"Anja Mocker","date":"22. April 2015","format":false,"excerpt":"+ + +\u00a0 s. auch Blogspot\u00a0 + + + FILM \"Nachhaltig stark und schlau!\" (7:44 Min.) Bildung f\u00fcr nachhaltige Entwicklung; En Buenas Manos e. V. & FEZ-Berlin, 2012 FOTOSHOWS 2009: Probeworkshop im FEZ - \"Abenteuer Gesundheit\" 2010: Start im FEZ-Berlin 2010: AMARANTH-Thementag in der FEZitty, der Sommerferien-Kinderhauptstadt 2010: AMARANTH im\u2026","rel":"","context":"\u00c4hnlicher Beitrag","block_context":{"text":"\u00c4hnlicher Beitrag","link":""},"img":{"alt_text":"","src":"","width":0,"height":0},"classes":[]},{"id":855,"url":"https:\/\/www.el-pan-alegre.org\/wordpress\/galerie\/2010-amaranth-thementag-in-der-fezitty\/","url_meta":{"origin":525,"position":5},"title":"2010: AMARANTH-Thementag in der FEZitty","author":"Madeleine Porr","date":"30. August 2015","format":false,"excerpt":"\u00a0 * * *","rel":"","context":"\u00c4hnlicher Beitrag","block_context":{"text":"\u00c4hnlicher Beitrag","link":""},"img":{"alt_text":"","src":"","width":0,"height":0},"classes":[]}],"_links":{"self":[{"href":"https:\/\/www.el-pan-alegre.org\/wordpress\/wp-json\/wp\/v2\/pages\/525","targetHints":{"allow":["GET"]}}],"collection":[{"href":"https:\/\/www.el-pan-alegre.org\/wordpress\/wp-json\/wp\/v2\/pages"}],"about":[{"href":"https:\/\/www.el-pan-alegre.org\/wordpress\/wp-json\/wp\/v2\/types\/page"}],"author":[{"embeddable":true,"href":"https:\/\/www.el-pan-alegre.org\/wordpress\/wp-json\/wp\/v2\/users\/1"}],"replies":[{"embeddable":true,"href":"https:\/\/www.el-pan-alegre.org\/wordpress\/wp-json\/wp\/v2\/comments?post=525"}],"version-history":[{"count":75,"href":"https:\/\/www.el-pan-alegre.org\/wordpress\/wp-json\/wp\/v2\/pages\/525\/revisions"}],"predecessor-version":[{"id":3086,"href":"https:\/\/www.el-pan-alegre.org\/wordpress\/wp-json\/wp\/v2\/pages\/525\/revisions\/3086"}],"up":[{"embeddable":true,"href":"https:\/\/www.el-pan-alegre.org\/wordpress\/wp-json\/wp\/v2\/pages\/523"}],"wp:attachment":[{"href":"https:\/\/www.el-pan-alegre.org\/wordpress\/wp-json\/wp\/v2\/media?parent=525"}],"curies":[{"name":"wp","href":"https:\/\/api.w.org\/{rel}","templated":true}]}}