{"id":517,"date":"2015-04-22T11:34:03","date_gmt":"2015-04-22T09:34:03","guid":{"rendered":"http:\/\/www.el-pan-alegre.org\/wordpress\/?page_id=517"},"modified":"2020-05-12T16:33:41","modified_gmt":"2020-05-12T14:33:41","slug":"impressum","status":"publish","type":"page","link":"https:\/\/www.el-pan-alegre.org\/wordpress\/en-buenas-manos-e-v\/zum-verein\/impressum\/","title":{"rendered":"Impressum"},"content":{"rendered":"<div>En Buenas Manos e.V. (dt.: \u00bbIn Guten H\u00e4nden\u00ab) \u2013 Gemeinn\u00fctziger Verein zur F\u00f6rderung der Kultur, der V\u00f6lkerverst\u00e4ndigung, der Natur und des Umweltschutzes und Tr\u00e4gerverein des Projekts \u201eEl Pan Alegre &#8211; Das Fr\u00f6hliche Brot\u201c \u2013<\/div>\n<h4>(Vorsitzender: R. Gummlich, Strausberger Stra\u00dfe 37 \/ D-10243 Berlin)<\/h4>\n<h2><\/h2>\n<h2><strong>E-Mail:<\/strong> kontakt (at) el-pan-alegre (dot) org<\/h2>\n<h1><\/h1>\n<div>\n<p><strong>Das Impressum gilt f\u00fcr:<br \/>\n<\/strong>www.el-pan-alegre.org<\/p>\n<\/div>\n<div><strong>En Buenas Manos e.V. ist registriert:<\/strong><\/div>\n<div>im Vereinsregister VR 24993 B , Amtsgericht Berlin &#8211; Charlottenburg<br \/>\nals gemeinn\u00fctzig anerkannt beim Finanzamt f\u00fcr K\u00f6rperschaften I Berlin mit der Steuer-Nr. 27\/664\/52814<\/div>\n<div><\/div>\n<div><strong>Der Verein wird vertreten durch den Vorstand:<\/strong><\/div>\n<div>Robert Gummlich (Vorsitzender)<br \/>\nMadeleine Porr (stellv. Vorsitzende)<br \/>\nDr. Jan Jacobs (stellv. Vorsitzender)<br \/>\nAnja Mocker (Kassenwartin)<\/div>\n<div><\/div>\n<div><strong>V.i.S.d.P.:<\/strong><\/div>\n<div>Vorstand En Buenas Manos e. V.<\/div>\n<div><\/div>\n<div><strong>Inhaltlich Verantwortliche gem\u00e4\u00df \u00a7 6 MDStV:<\/strong><\/div>\n<div>Madeleine Porr &amp; Anja Mocker (Anschrift \u00fcber den Verein)<\/div>\n<p><strong>Haftungshinweis<\/strong><br \/>\nTrotz sorgf\u00e4ltiger inhaltlicher Kontrolle \u00fcbernimmt En Buenas Manos e.V. keine Haftung f\u00fcr die Inhalte externer Links. F\u00fcr den Inhalt der verlinkten Seiten sind ausschlie\u00dflich deren BetreiberInnen verantwortlich.<\/p>\n<p><strong>Zur Verf\u00fcgung gestellte Informationen<\/strong><br \/>\nEn Buenas Manos e.V. \u00fcbernimmt keine Haftung oder Garantie f\u00fcr die Richtigkeit, Vollst\u00e4ndigkeit, Qualit\u00e4t oder Aktualit\u00e4t dieser zur Verf\u00fcgung gestellten Informationen. Nat\u00fcrlich pr\u00fcfen wir die Aktualit\u00e4t der Informationen auf den verlinkten externen Seiten. Wir behalten uns das Recht vor, jederzeit Erg\u00e4nzungen oder \u00c4nderungen an den bereitgestellten Informationen durchzuf\u00fchren.<\/p>\n<p><strong>Urheberrecht &#8211; Creative Commons\/Copyleft<\/strong><br \/>\nJede*r darf die von uns zusammengetragenen und erstellten Informationen unter Quellenangabe nehmen und benutzen, solange sie\/er die Ergebnisse ihrer\/seiner Arbeit wieder der \u00d6ffentlichkeit zur Verf\u00fcgung stellt.<br \/>\n<a href=\"http:\/\/www.el-pan-alegre.org\/wordpress\/wp-content\/uploads\/2009\/01\/pict-by.png\"><img loading=\"lazy\" decoding=\"async\" class=\"alignnone size-full wp-image-439\" src=\"http:\/\/www.el-pan-alegre.org\/wordpress\/wp-content\/uploads\/2009\/01\/pict-by.png\" alt=\"\" width=\"32\" height=\"32\" \/><\/a><a href=\"http:\/\/www.el-pan-alegre.org\/wordpress\/wp-content\/uploads\/2009\/01\/pict-nc.png\"><img loading=\"lazy\" decoding=\"async\" class=\"alignnone size-full wp-image-440\" src=\"http:\/\/www.el-pan-alegre.org\/wordpress\/wp-content\/uploads\/2009\/01\/pict-nc.png\" alt=\"\" width=\"32\" height=\"32\" \/><\/a><a href=\"http:\/\/www.el-pan-alegre.org\/wordpress\/wp-content\/uploads\/2009\/01\/pict-nd.png\"><img loading=\"lazy\" decoding=\"async\" class=\"alignnone size-full wp-image-441\" src=\"http:\/\/www.el-pan-alegre.org\/wordpress\/wp-content\/uploads\/2009\/01\/pict-nd.png\" alt=\"\" width=\"32\" height=\"32\" \/><\/a><br \/>\nAlle von En Buenas Manos e.V. erstellten Grafiken und Inhalte sind nur unter Nennung des Projektnamens und der Quellenangabe benutzbar. Sie d\u00fcrfen nicht kommerziell verwendet werden. Die Grafiken (Logo, Kernelemente des Kreislaufes) und der Projektname \u201eEl Pan Alegre\u201c &#8211; \u201eDas Fr\u00f6hliche Brot\u201c d\u00fcrfen nicht bearbeitet, abgewandelt oder in anderer Weise ver\u00e4ndert werden.<br \/>\nNach unserem Motto: Wir alle tragen zu einem St\u00fcck besserer Welt bei.<\/p>\n<div>\u201eDurch das Copyleft wird also das Recht zum Kopieren grunds\u00e4tzlich \u00fcberlassen, w\u00e4hrend es durch das Copyright grunds\u00e4tzlich verboten wird.\u201c (Wikipedia 2009)<\/div>\n","protected":false},"excerpt":{"rendered":"<p>En Buenas Manos e.V. (dt.: \u00bbIn Guten H\u00e4nden\u00ab) \u2013 Gemeinn\u00fctziger Verein zur F\u00f6rderung der Kultur, der V\u00f6lkerverst\u00e4ndigung, der Natur und des Umweltschutzes und Tr\u00e4gerverein des Projekts \u201eEl Pan Alegre &#8211; Das Fr\u00f6hliche Brot\u201c \u2013 (Vorsitzender: R. Gummlich, Strausberger Stra\u00dfe 37 &hellip; <a href=\"https:\/\/www.el-pan-alegre.org\/wordpress\/en-buenas-manos-e-v\/zum-verein\/impressum\/\">Weiterlesen <span class=\"meta-nav\">&rarr;<\/span><\/a><\/p>\n","protected":false},"author":1,"featured_media":0,"parent":2193,"menu_order":3,"comment_status":"closed","ping_status":"closed","template":"","meta":{"footnotes":""},"class_list":["post-517","page","type-page","status-publish","hentry"],"yoast_head":"<!-- This site is optimized with the Yoast SEO plugin v27.6 - https:\/\/yoast.com\/product\/yoast-seo-wordpress\/ -->\n<title>Impressum - El Pan Alegre<\/title>\n<meta name=\"robots\" content=\"index, follow, max-snippet:-1, max-image-preview:large, max-video-preview:-1\" \/>\n<link rel=\"canonical\" href=\"https:\/\/www.el-pan-alegre.org\/wordpress\/en-buenas-manos-e-v\/zum-verein\/impressum\/\" \/>\n<meta property=\"og:locale\" content=\"de_DE\" \/>\n<meta property=\"og:type\" content=\"article\" \/>\n<meta property=\"og:title\" content=\"Impressum - El Pan Alegre\" \/>\n<meta property=\"og:description\" content=\"En Buenas Manos e.V. (dt.: \u00bbIn Guten H\u00e4nden\u00ab) \u2013 Gemeinn\u00fctziger Verein zur F\u00f6rderung der Kultur, der V\u00f6lkerverst\u00e4ndigung, der Natur und des Umweltschutzes und Tr\u00e4gerverein des Projekts \u201eEl Pan Alegre &#8211; Das Fr\u00f6hliche Brot\u201c \u2013 (Vorsitzender: R. Gummlich, Strausberger Stra\u00dfe 37 &hellip; Weiterlesen &rarr;\" \/>\n<meta property=\"og:url\" content=\"https:\/\/www.el-pan-alegre.org\/wordpress\/en-buenas-manos-e-v\/zum-verein\/impressum\/\" \/>\n<meta property=\"og:site_name\" content=\"El Pan Alegre\" \/>\n<meta property=\"article:modified_time\" content=\"2020-05-12T14:33:41+00:00\" \/>\n<meta property=\"og:image\" content=\"https:\/\/www.el-pan-alegre.org\/wordpress\/wp-content\/uploads\/2009\/01\/pict-by.png\" \/>\n\t<meta property=\"og:image:width\" content=\"32\" \/>\n\t<meta property=\"og:image:height\" content=\"32\" \/>\n\t<meta property=\"og:image:type\" content=\"image\/png\" \/>\n<meta name=\"twitter:card\" content=\"summary_large_image\" \/>\n<meta name=\"twitter:label1\" content=\"Gesch\u00e4tzte Lesezeit\" \/>\n\t<meta name=\"twitter:data1\" content=\"2\u00a0Minuten\" \/>\n<script type=\"application\/ld+json\" class=\"yoast-schema-graph\">{\"@context\":\"https:\\\/\\\/schema.org\",\"@graph\":[{\"@type\":\"WebPage\",\"@id\":\"https:\\\/\\\/www.el-pan-alegre.org\\\/wordpress\\\/en-buenas-manos-e-v\\\/zum-verein\\\/impressum\\\/\",\"url\":\"https:\\\/\\\/www.el-pan-alegre.org\\\/wordpress\\\/en-buenas-manos-e-v\\\/zum-verein\\\/impressum\\\/\",\"name\":\"Impressum - El Pan Alegre\",\"isPartOf\":{\"@id\":\"https:\\\/\\\/www.el-pan-alegre.org\\\/wordpress\\\/#website\"},\"primaryImageOfPage\":{\"@id\":\"https:\\\/\\\/www.el-pan-alegre.org\\\/wordpress\\\/en-buenas-manos-e-v\\\/zum-verein\\\/impressum\\\/#primaryimage\"},\"image\":{\"@id\":\"https:\\\/\\\/www.el-pan-alegre.org\\\/wordpress\\\/en-buenas-manos-e-v\\\/zum-verein\\\/impressum\\\/#primaryimage\"},\"thumbnailUrl\":\"http:\\\/\\\/www.el-pan-alegre.org\\\/wordpress\\\/wp-content\\\/uploads\\\/2009\\\/01\\\/pict-by.png\",\"datePublished\":\"2015-04-22T09:34:03+00:00\",\"dateModified\":\"2020-05-12T14:33:41+00:00\",\"breadcrumb\":{\"@id\":\"https:\\\/\\\/www.el-pan-alegre.org\\\/wordpress\\\/en-buenas-manos-e-v\\\/zum-verein\\\/impressum\\\/#breadcrumb\"},\"inLanguage\":\"de\",\"potentialAction\":[{\"@type\":\"ReadAction\",\"target\":[\"https:\\\/\\\/www.el-pan-alegre.org\\\/wordpress\\\/en-buenas-manos-e-v\\\/zum-verein\\\/impressum\\\/\"]}]},{\"@type\":\"ImageObject\",\"inLanguage\":\"de\",\"@id\":\"https:\\\/\\\/www.el-pan-alegre.org\\\/wordpress\\\/en-buenas-manos-e-v\\\/zum-verein\\\/impressum\\\/#primaryimage\",\"url\":\"http:\\\/\\\/www.el-pan-alegre.org\\\/wordpress\\\/wp-content\\\/uploads\\\/2009\\\/01\\\/pict-by.png\",\"contentUrl\":\"http:\\\/\\\/www.el-pan-alegre.org\\\/wordpress\\\/wp-content\\\/uploads\\\/2009\\\/01\\\/pict-by.png\"},{\"@type\":\"BreadcrumbList\",\"@id\":\"https:\\\/\\\/www.el-pan-alegre.org\\\/wordpress\\\/en-buenas-manos-e-v\\\/zum-verein\\\/impressum\\\/#breadcrumb\",\"itemListElement\":[{\"@type\":\"ListItem\",\"position\":1,\"name\":\"Home\",\"item\":\"https:\\\/\\\/www.el-pan-alegre.org\\\/wordpress\\\/\"},{\"@type\":\"ListItem\",\"position\":2,\"name\":\"En Buenas Manos e. V.\",\"item\":\"https:\\\/\\\/www.el-pan-alegre.org\\\/wordpress\\\/en-buenas-manos-e-v\\\/\"},{\"@type\":\"ListItem\",\"position\":3,\"name\":\"Zum Verein\",\"item\":\"https:\\\/\\\/www.el-pan-alegre.org\\\/wordpress\\\/en-buenas-manos-e-v\\\/zum-verein\\\/\"},{\"@type\":\"ListItem\",\"position\":4,\"name\":\"Impressum\"}]},{\"@type\":\"WebSite\",\"@id\":\"https:\\\/\\\/www.el-pan-alegre.org\\\/wordpress\\\/#website\",\"url\":\"https:\\\/\\\/www.el-pan-alegre.org\\\/wordpress\\\/\",\"name\":\"El Pan Alegre\",\"description\":\"Das Fr\u00f6hliche Brot\",\"potentialAction\":[{\"@type\":\"SearchAction\",\"target\":{\"@type\":\"EntryPoint\",\"urlTemplate\":\"https:\\\/\\\/www.el-pan-alegre.org\\\/wordpress\\\/?s={search_term_string}\"},\"query-input\":{\"@type\":\"PropertyValueSpecification\",\"valueRequired\":true,\"valueName\":\"search_term_string\"}}],\"inLanguage\":\"de\"}]}<\/script>\n<!-- \/ Yoast SEO plugin. -->","yoast_head_json":{"title":"Impressum - El Pan Alegre","robots":{"index":"index","follow":"follow","max-snippet":"max-snippet:-1","max-image-preview":"max-image-preview:large","max-video-preview":"max-video-preview:-1"},"canonical":"https:\/\/www.el-pan-alegre.org\/wordpress\/en-buenas-manos-e-v\/zum-verein\/impressum\/","og_locale":"de_DE","og_type":"article","og_title":"Impressum - El Pan Alegre","og_description":"En Buenas Manos e.V. (dt.: \u00bbIn Guten H\u00e4nden\u00ab) \u2013 Gemeinn\u00fctziger Verein zur F\u00f6rderung der Kultur, der V\u00f6lkerverst\u00e4ndigung, der Natur und des Umweltschutzes und Tr\u00e4gerverein des Projekts \u201eEl Pan Alegre &#8211; Das Fr\u00f6hliche Brot\u201c \u2013 (Vorsitzender: R. Gummlich, Strausberger Stra\u00dfe 37 &hellip; Weiterlesen &rarr;","og_url":"https:\/\/www.el-pan-alegre.org\/wordpress\/en-buenas-manos-e-v\/zum-verein\/impressum\/","og_site_name":"El Pan Alegre","article_modified_time":"2020-05-12T14:33:41+00:00","og_image":[{"width":32,"height":32,"url":"https:\/\/www.el-pan-alegre.org\/wordpress\/wp-content\/uploads\/2009\/01\/pict-by.png","type":"image\/png"}],"twitter_card":"summary_large_image","twitter_misc":{"Gesch\u00e4tzte Lesezeit":"2\u00a0Minuten"},"schema":{"@context":"https:\/\/schema.org","@graph":[{"@type":"WebPage","@id":"https:\/\/www.el-pan-alegre.org\/wordpress\/en-buenas-manos-e-v\/zum-verein\/impressum\/","url":"https:\/\/www.el-pan-alegre.org\/wordpress\/en-buenas-manos-e-v\/zum-verein\/impressum\/","name":"Impressum - El Pan Alegre","isPartOf":{"@id":"https:\/\/www.el-pan-alegre.org\/wordpress\/#website"},"primaryImageOfPage":{"@id":"https:\/\/www.el-pan-alegre.org\/wordpress\/en-buenas-manos-e-v\/zum-verein\/impressum\/#primaryimage"},"image":{"@id":"https:\/\/www.el-pan-alegre.org\/wordpress\/en-buenas-manos-e-v\/zum-verein\/impressum\/#primaryimage"},"thumbnailUrl":"http:\/\/www.el-pan-alegre.org\/wordpress\/wp-content\/uploads\/2009\/01\/pict-by.png","datePublished":"2015-04-22T09:34:03+00:00","dateModified":"2020-05-12T14:33:41+00:00","breadcrumb":{"@id":"https:\/\/www.el-pan-alegre.org\/wordpress\/en-buenas-manos-e-v\/zum-verein\/impressum\/#breadcrumb"},"inLanguage":"de","potentialAction":[{"@type":"ReadAction","target":["https:\/\/www.el-pan-alegre.org\/wordpress\/en-buenas-manos-e-v\/zum-verein\/impressum\/"]}]},{"@type":"ImageObject","inLanguage":"de","@id":"https:\/\/www.el-pan-alegre.org\/wordpress\/en-buenas-manos-e-v\/zum-verein\/impressum\/#primaryimage","url":"http:\/\/www.el-pan-alegre.org\/wordpress\/wp-content\/uploads\/2009\/01\/pict-by.png","contentUrl":"http:\/\/www.el-pan-alegre.org\/wordpress\/wp-content\/uploads\/2009\/01\/pict-by.png"},{"@type":"BreadcrumbList","@id":"https:\/\/www.el-pan-alegre.org\/wordpress\/en-buenas-manos-e-v\/zum-verein\/impressum\/#breadcrumb","itemListElement":[{"@type":"ListItem","position":1,"name":"Home","item":"https:\/\/www.el-pan-alegre.org\/wordpress\/"},{"@type":"ListItem","position":2,"name":"En Buenas Manos e. V.","item":"https:\/\/www.el-pan-alegre.org\/wordpress\/en-buenas-manos-e-v\/"},{"@type":"ListItem","position":3,"name":"Zum Verein","item":"https:\/\/www.el-pan-alegre.org\/wordpress\/en-buenas-manos-e-v\/zum-verein\/"},{"@type":"ListItem","position":4,"name":"Impressum"}]},{"@type":"WebSite","@id":"https:\/\/www.el-pan-alegre.org\/wordpress\/#website","url":"https:\/\/www.el-pan-alegre.org\/wordpress\/","name":"El Pan Alegre","description":"Das Fr\u00f6hliche Brot","potentialAction":[{"@type":"SearchAction","target":{"@type":"EntryPoint","urlTemplate":"https:\/\/www.el-pan-alegre.org\/wordpress\/?s={search_term_string}"},"query-input":{"@type":"PropertyValueSpecification","valueRequired":true,"valueName":"search_term_string"}}],"inLanguage":"de"}]}},"jetpack_sharing_enabled":true,"jetpack_shortlink":"https:\/\/wp.me\/P62TDh-8l","jetpack-related-posts":[{"id":2193,"url":"https:\/\/www.el-pan-alegre.org\/wordpress\/en-buenas-manos-e-v\/zum-verein\/","url_meta":{"origin":517,"position":0},"title":"Zum Verein","author":"Madeleine Porr","date":"14. September 2019","format":false,"excerpt":"gegr. 2005, Sitz: Berlin institutioneller Tr\u00e4ger des Regionalentwicklungskonzepts El Pan Alegre - Das Fr\u00f6hliche Brot, Beispiel f\u00fcr geschlossene optimierte Stoffstromkreisl\u00e4ufe mit den Komponenten Amaranth und Biogas aus organischen Hausabf\u00e4llen aktuell 10 Mitglieder + 1 Ehrenmitglied, davon 5 aktiv (Vorstand, Workshops); Aktivit\u00e4ten aktuell in Berlin und Havanna\/Kuba Finanzierung aktuell durch Mitgliedsbeitr\u00e4ge,\u2026","rel":"","context":"\u00c4hnlicher Beitrag","block_context":{"text":"\u00c4hnlicher Beitrag","link":""},"img":{"alt_text":"","src":"","width":0,"height":0},"classes":[]},{"id":795,"url":"https:\/\/www.el-pan-alegre.org\/wordpress\/en-buenas-manos-e-v\/was-wollen-wir\/vereinssatzung\/","url_meta":{"origin":517,"position":1},"title":"Vereinssatzung","author":"Madeleine Porr","date":"30. August 2015","format":false,"excerpt":"\u00bbEN BUENAS MANOS\u00ab e.V. (dt.: \u00bbIn Guten H\u00e4nden\u00ab) \u00a7 1 Name, Rechtsform, Sitz, Gesch\u00e4ftsjahr Der Verein f\u00fchrt den Namen \u00bbEn Buenas Manos\u00ab e.V. Der Verein hat seinen Sitz in Berlin, Deutschland. Der Verein soll in das Vereinsregister eingetragen werden. Das Gesch\u00e4ftsjahr ist das Kalenderjahr. Das erste Rumpfgesch\u00e4ftsjahr endet am 31.12.2005.\u2026","rel":"","context":"\u00c4hnlicher Beitrag","block_context":{"text":"\u00c4hnlicher Beitrag","link":""},"img":{"alt_text":"","src":"","width":0,"height":0},"classes":[]},{"id":803,"url":"https:\/\/www.el-pan-alegre.org\/wordpress\/en-buenas-manos-e-v\/was-wollen-wir\/unsere-werte-und-ziele\/","url_meta":{"origin":517,"position":2},"title":"Unsere Werte und Ziele","author":"Madeleine Porr","date":"30. August 2015","format":false,"excerpt":"Der Projekttr\u00e4ger EN BUENAS MANOS (spanisch f\u00fcr: IN GUTEN H\u00c4NDEN) e.V. wurde im September 2005 von Mitgliedern des IKN International Knowledge Network for Sustainable Development (S\u00fcd-S\u00fcd-Nord-Wissensnetzwerk f\u00fcr nachhaltige Entwicklung) an der Technischen Universit\u00e4t Berlin gegr\u00fcndet und ist als gemeinn\u00fctziger Verein zur F\u00f6rderung der Kultur, der V\u00f6lkerverst\u00e4ndigung, der Natur und des\u2026","rel":"","context":"\u00c4hnlicher Beitrag","block_context":{"text":"\u00c4hnlicher Beitrag","link":""},"img":{"alt_text":"","src":"","width":0,"height":0},"classes":[]},{"id":1889,"url":"https:\/\/www.el-pan-alegre.org\/wordpress\/en-buenas-manos-e-v\/zum-verein\/datenschutz\/","url_meta":{"origin":517,"position":3},"title":"Datenschutz","author":"Madeleine Porr","date":"22. Mai 2018","format":false,"excerpt":"Datenschutzerkl\u00e4rung Verantwortlich: Madeleine Porr & Anja Mocker (s. Impressum) Wer sich als Follower auf dem Wordpress-Blog von El Pan Alegre eintr\u00e4gt, ist auch nur mit dem verwendeten Internetnutzernamen bzw. der Emailadresse gespeichert. Dar\u00fcber hinaus erheben und speichern wir keine weiteren Daten und nutzen die angegebenen Namen bzw. Adressen auch nicht\u2026","rel":"","context":"\u00c4hnlicher Beitrag","block_context":{"text":"\u00c4hnlicher Beitrag","link":""},"img":{"alt_text":"","src":"","width":0,"height":0},"classes":[]},{"id":539,"url":"https:\/\/www.el-pan-alegre.org\/wordpress\/wissen\/downloads\/","url_meta":{"origin":517,"position":4},"title":"Downloads","author":"Anja Mocker","date":"22. April 2015","format":false,"excerpt":"Hier finden Sie alle Materialien von En Buenas Manos e.V. auf einen Blick \/ a continuaci\u00f3n ustedes encontrar\u00e1n todos los materiales disponibles sobre el trabajo de En Buenas Manos: Informationsmaterial \/ informaciones BESCHREIBUNG \/ DESCRIPCI\u00d3N: DAS FR\u00d6HLICHE BROT - Flyer auf Deutsch (Au\u00dfenseite) DAS FR\u00d6HLICHE BROT - Flyer auf Deutsch\u2026","rel":"","context":"\u00c4hnlicher Beitrag","block_context":{"text":"\u00c4hnlicher Beitrag","link":""},"img":{"alt_text":"","src":"","width":0,"height":0},"classes":[]},{"id":478,"url":"https:\/\/www.el-pan-alegre.org\/wordpress\/en-buenas-manos-e-v\/wir\/","url_meta":{"origin":517,"position":5},"title":"Vereinsmitglieder","author":"Madeleine Porr","date":"21. April 2015","format":false,"excerpt":"Vorstand Robert Gummlich Dr. Jan Jacobs Anja Mocker Madeleine Porr Mitglieder Stefanie Balk Udo Blum Angelika Cummerow Evelyn Echeverria Ivonn Kramm-Hengari Claudia Mocker Monika Schierenberg (EcoMujer e. V.) Roland Schnell (F\u00f6rdergesellschaft f\u00fcr nachhaltige Biogas- und Bioenergienutzung e. V.) Angela Valdes Silvia Wolf Dr. Stefan Wolf Dr. Doris Wollgien IMPRESSUM KONTAKT","rel":"","context":"\u00c4hnlicher Beitrag","block_context":{"text":"\u00c4hnlicher Beitrag","link":""},"img":{"alt_text":"","src":"","width":0,"height":0},"classes":[]}],"_links":{"self":[{"href":"https:\/\/www.el-pan-alegre.org\/wordpress\/wp-json\/wp\/v2\/pages\/517","targetHints":{"allow":["GET"]}}],"collection":[{"href":"https:\/\/www.el-pan-alegre.org\/wordpress\/wp-json\/wp\/v2\/pages"}],"about":[{"href":"https:\/\/www.el-pan-alegre.org\/wordpress\/wp-json\/wp\/v2\/types\/page"}],"author":[{"embeddable":true,"href":"https:\/\/www.el-pan-alegre.org\/wordpress\/wp-json\/wp\/v2\/users\/1"}],"replies":[{"embeddable":true,"href":"https:\/\/www.el-pan-alegre.org\/wordpress\/wp-json\/wp\/v2\/comments?post=517"}],"version-history":[{"count":18,"href":"https:\/\/www.el-pan-alegre.org\/wordpress\/wp-json\/wp\/v2\/pages\/517\/revisions"}],"predecessor-version":[{"id":2371,"href":"https:\/\/www.el-pan-alegre.org\/wordpress\/wp-json\/wp\/v2\/pages\/517\/revisions\/2371"}],"up":[{"embeddable":true,"href":"https:\/\/www.el-pan-alegre.org\/wordpress\/wp-json\/wp\/v2\/pages\/2193"}],"wp:attachment":[{"href":"https:\/\/www.el-pan-alegre.org\/wordpress\/wp-json\/wp\/v2\/media?parent=517"}],"curies":[{"name":"wp","href":"https:\/\/api.w.org\/{rel}","templated":true}]}}