{"id":488,"date":"2015-04-22T10:56:39","date_gmt":"2015-04-22T08:56:39","guid":{"rendered":"http:\/\/www.el-pan-alegre.org\/wordpress\/?page_id=488"},"modified":"2017-11-07T13:17:38","modified_gmt":"2017-11-07T12:17:38","slug":"galerie","status":"publish","type":"page","link":"https:\/\/www.el-pan-alegre.org\/wordpress\/galerie\/","title":{"rendered":"Film-\/Fotogalerie"},"content":{"rendered":"<p style=\"text-align: center;\"><strong>+ + +\u00a0 s. auch <a href=\"http:\/\/www.elpanalegre.blogspot.de\/\" target=\"_blank\" rel=\"noopener\">Blogspot<\/a>\u00a0 + + +<\/strong><\/p>\n<hr \/>\n<h2>FILM<\/h2>\n<p><a href=\"https:\/\/www.youtube.com\/watch?v=R0SJi0d9ybY\">&#8222;Nachhaltig stark und schlau!&#8220;<\/a> (7:44 Min.)<br \/>\nBildung f\u00fcr nachhaltige Entwicklung; En Buenas Manos e. V. &amp; FEZ-Berlin, 2012<\/p>\n<h2>FOTOSHOWS<\/h2>\n<ul>\n<li><a href=\"http:\/\/www.el-pan-alegre.org\/wordpress\/galerie\/2009-probeworkshop-im-fez-berlin-abenteuer-gesundheit\/\">2009: Probeworkshop im FEZ &#8211; &#8222;Abenteuer Gesundheit&#8220;<\/a><\/li>\n<li><a href=\"http:\/\/www.el-pan-alegre.org\/wordpress\/galerie\/2010-start-im-fez-berlin\/\">2010: Start im FEZ-Berlin<\/a><\/li>\n<li><a href=\"http:\/\/www.el-pan-alegre.org\/wordpress\/galerie\/2010-amaranth-thementag-in-der-fezitty\/\">2010: AMARANTH-Thementag in der FEZitty, der Sommerferien-Kinderhauptstadt<\/a><\/li>\n<li><a href=\"http:\/\/www.el-pan-alegre.org\/wordpress\/galerie\/2010-amaranth-im-prinzessinnengartenberlin\/\">2010: AMARANTH im Prinzessinnengarten\/Berlin<\/a><\/li>\n<li><a href=\"http:\/\/www.el-pan-alegre.org\/wordpress\/galerie\/2010-amaranth-kindertheaterstueck\/\">2010: AMARANTH-Kindertheaterst\u00fcck im Theater am Rand\/Zollbr\u00fccke<\/a><\/li>\n<li><a href=\"http:\/\/www.el-pan-alegre.org\/wordpress\/galerie\/2011-umwelt-scrabbleturnier-havanna-berlin\/\">2011: Umwelt-Scrabbleturnier Havanna-Berlin<\/a><\/li>\n<li><a href=\"http:\/\/www.el-pan-alegre.org\/wordpress\/galerie\/2011-das-jahr-in-fotos-berlin-kuba-mexiko\/\">2011: das Jahr in Fotos (Deutschland, Kuba, Mexiko)<\/a><\/li>\n<li><a href=\"http:\/\/www.el-pan-alegre.org\/wordpress\/galerie\/2012-eroeffnung-der-amaranth-kinderbaeckerei\/\">2012 (Juni): Er\u00f6ffnung der &#8222;Fr\u00f6hlichen AMARANTH-Kinderb\u00e4ckerei&#8220;<\/a><\/li>\n<li><a href=\"http:\/\/www.el-pan-alegre.org\/wordpress\/galerie\/2012-abschlussfest-amaranth-kinderbaeckerei\/\">2012 (Sept.): Abschlussfest der &#8222;Fr\u00f6hlichen AMARANTH-Kinderb\u00e4ckerei&#8220;<\/a><\/li>\n<li><a href=\"http:\/\/www.el-pan-alegre.org\/wordpress\/galerie\/2016-mexiko\/\" target=\"_blank\" rel=\"noopener\">2016 (Juni): Besuch in der Region Bosque de Agua, Mexiko<\/a><\/li>\n<\/ul>\n<p>&nbsp;<\/p>\n<p>&nbsp;<\/p>\n<p>&nbsp;<\/p>\n","protected":false},"excerpt":{"rendered":"<p>+ + +\u00a0 s. auch Blogspot\u00a0 + + + FILM &#8222;Nachhaltig stark und schlau!&#8220; (7:44 Min.) Bildung f\u00fcr nachhaltige Entwicklung; En Buenas Manos e. V. &amp; FEZ-Berlin, 2012 FOTOSHOWS 2009: Probeworkshop im FEZ &#8211; &#8222;Abenteuer Gesundheit&#8220; 2010: Start im FEZ-Berlin &hellip; <a href=\"https:\/\/www.el-pan-alegre.org\/wordpress\/galerie\/\">Weiterlesen <span class=\"meta-nav\">&rarr;<\/span><\/a><\/p>\n","protected":false},"author":1,"featured_media":0,"parent":0,"menu_order":4,"comment_status":"closed","ping_status":"closed","template":"","meta":{"footnotes":""},"class_list":["post-488","page","type-page","status-publish","hentry"],"yoast_head":"<!-- This site is optimized with the Yoast SEO plugin v27.6 - https:\/\/yoast.com\/product\/yoast-seo-wordpress\/ -->\n<title>Film-\/Fotogalerie - El Pan Alegre<\/title>\n<meta name=\"robots\" content=\"index, follow, max-snippet:-1, max-image-preview:large, max-video-preview:-1\" \/>\n<link rel=\"canonical\" href=\"https:\/\/www.el-pan-alegre.org\/wordpress\/galerie\/\" \/>\n<meta property=\"og:locale\" content=\"de_DE\" \/>\n<meta property=\"og:type\" content=\"article\" \/>\n<meta property=\"og:title\" content=\"Film-\/Fotogalerie - El Pan Alegre\" \/>\n<meta property=\"og:description\" content=\"+ + +\u00a0 s. auch Blogspot\u00a0 + + + FILM &#8222;Nachhaltig stark und schlau!&#8220; (7:44 Min.) Bildung f\u00fcr nachhaltige Entwicklung; En Buenas Manos e. V. &amp; FEZ-Berlin, 2012 FOTOSHOWS 2009: Probeworkshop im FEZ &#8211; &#8222;Abenteuer Gesundheit&#8220; 2010: Start im FEZ-Berlin &hellip; Weiterlesen &rarr;\" \/>\n<meta property=\"og:url\" content=\"https:\/\/www.el-pan-alegre.org\/wordpress\/galerie\/\" \/>\n<meta property=\"og:site_name\" content=\"El Pan Alegre\" \/>\n<meta property=\"article:modified_time\" content=\"2017-11-07T12:17:38+00:00\" \/>\n<meta name=\"twitter:card\" content=\"summary_large_image\" \/>\n<script type=\"application\/ld+json\" class=\"yoast-schema-graph\">{\"@context\":\"https:\\\/\\\/schema.org\",\"@graph\":[{\"@type\":\"WebPage\",\"@id\":\"https:\\\/\\\/www.el-pan-alegre.org\\\/wordpress\\\/galerie\\\/\",\"url\":\"https:\\\/\\\/www.el-pan-alegre.org\\\/wordpress\\\/galerie\\\/\",\"name\":\"Film-\\\/Fotogalerie - El Pan Alegre\",\"isPartOf\":{\"@id\":\"https:\\\/\\\/www.el-pan-alegre.org\\\/wordpress\\\/#website\"},\"datePublished\":\"2015-04-22T08:56:39+00:00\",\"dateModified\":\"2017-11-07T12:17:38+00:00\",\"breadcrumb\":{\"@id\":\"https:\\\/\\\/www.el-pan-alegre.org\\\/wordpress\\\/galerie\\\/#breadcrumb\"},\"inLanguage\":\"de\",\"potentialAction\":[{\"@type\":\"ReadAction\",\"target\":[\"https:\\\/\\\/www.el-pan-alegre.org\\\/wordpress\\\/galerie\\\/\"]}]},{\"@type\":\"BreadcrumbList\",\"@id\":\"https:\\\/\\\/www.el-pan-alegre.org\\\/wordpress\\\/galerie\\\/#breadcrumb\",\"itemListElement\":[{\"@type\":\"ListItem\",\"position\":1,\"name\":\"Home\",\"item\":\"https:\\\/\\\/www.el-pan-alegre.org\\\/wordpress\\\/\"},{\"@type\":\"ListItem\",\"position\":2,\"name\":\"Film-\\\/Fotogalerie\"}]},{\"@type\":\"WebSite\",\"@id\":\"https:\\\/\\\/www.el-pan-alegre.org\\\/wordpress\\\/#website\",\"url\":\"https:\\\/\\\/www.el-pan-alegre.org\\\/wordpress\\\/\",\"name\":\"El Pan Alegre\",\"description\":\"Das Fr\u00f6hliche Brot\",\"potentialAction\":[{\"@type\":\"SearchAction\",\"target\":{\"@type\":\"EntryPoint\",\"urlTemplate\":\"https:\\\/\\\/www.el-pan-alegre.org\\\/wordpress\\\/?s={search_term_string}\"},\"query-input\":{\"@type\":\"PropertyValueSpecification\",\"valueRequired\":true,\"valueName\":\"search_term_string\"}}],\"inLanguage\":\"de\"}]}<\/script>\n<!-- \/ Yoast SEO plugin. -->","yoast_head_json":{"title":"Film-\/Fotogalerie - El Pan Alegre","robots":{"index":"index","follow":"follow","max-snippet":"max-snippet:-1","max-image-preview":"max-image-preview:large","max-video-preview":"max-video-preview:-1"},"canonical":"https:\/\/www.el-pan-alegre.org\/wordpress\/galerie\/","og_locale":"de_DE","og_type":"article","og_title":"Film-\/Fotogalerie - El Pan Alegre","og_description":"+ + +\u00a0 s. auch Blogspot\u00a0 + + + FILM &#8222;Nachhaltig stark und schlau!&#8220; (7:44 Min.) Bildung f\u00fcr nachhaltige Entwicklung; En Buenas Manos e. V. &amp; FEZ-Berlin, 2012 FOTOSHOWS 2009: Probeworkshop im FEZ &#8211; &#8222;Abenteuer Gesundheit&#8220; 2010: Start im FEZ-Berlin &hellip; Weiterlesen &rarr;","og_url":"https:\/\/www.el-pan-alegre.org\/wordpress\/galerie\/","og_site_name":"El Pan Alegre","article_modified_time":"2017-11-07T12:17:38+00:00","twitter_card":"summary_large_image","schema":{"@context":"https:\/\/schema.org","@graph":[{"@type":"WebPage","@id":"https:\/\/www.el-pan-alegre.org\/wordpress\/galerie\/","url":"https:\/\/www.el-pan-alegre.org\/wordpress\/galerie\/","name":"Film-\/Fotogalerie - El Pan Alegre","isPartOf":{"@id":"https:\/\/www.el-pan-alegre.org\/wordpress\/#website"},"datePublished":"2015-04-22T08:56:39+00:00","dateModified":"2017-11-07T12:17:38+00:00","breadcrumb":{"@id":"https:\/\/www.el-pan-alegre.org\/wordpress\/galerie\/#breadcrumb"},"inLanguage":"de","potentialAction":[{"@type":"ReadAction","target":["https:\/\/www.el-pan-alegre.org\/wordpress\/galerie\/"]}]},{"@type":"BreadcrumbList","@id":"https:\/\/www.el-pan-alegre.org\/wordpress\/galerie\/#breadcrumb","itemListElement":[{"@type":"ListItem","position":1,"name":"Home","item":"https:\/\/www.el-pan-alegre.org\/wordpress\/"},{"@type":"ListItem","position":2,"name":"Film-\/Fotogalerie"}]},{"@type":"WebSite","@id":"https:\/\/www.el-pan-alegre.org\/wordpress\/#website","url":"https:\/\/www.el-pan-alegre.org\/wordpress\/","name":"El Pan Alegre","description":"Das Fr\u00f6hliche Brot","potentialAction":[{"@type":"SearchAction","target":{"@type":"EntryPoint","urlTemplate":"https:\/\/www.el-pan-alegre.org\/wordpress\/?s={search_term_string}"},"query-input":{"@type":"PropertyValueSpecification","valueRequired":true,"valueName":"search_term_string"}}],"inLanguage":"de"}]}},"jetpack_sharing_enabled":true,"jetpack_shortlink":"https:\/\/wp.me\/P62TDh-7S","jetpack-related-posts":[{"id":1133,"url":"https:\/\/www.el-pan-alegre.org\/wordpress\/machen\/projekte-de\/im-fez-berlin\/","url_meta":{"origin":488,"position":0},"title":"Im FEZ-Berlin 2010-15","author":"Madeleine Porr","date":"24. Januar 2016","format":false,"excerpt":"Referenzschreiben des FEZ-Berlin a)\u00a0 Amaranth-Workshops f\u00fcr Schulklassen: Start im FEZ \"Ein starkes Korn f\u00fcr starke Kinder!\" * Amaranth & Honig - ein starkes Team f\u00fcr starke Kinder! Amaranth-Reis-Woche b)\u00a0 Biogas-Workshops f\u00fcr Schulklassen: Der Schatz aus dem \"M\u00fcll\" c)\u00a0 Kreislauf-Workshops f\u00fcr Schulklassen: Die verborgenen Natursch\u00e4tze Sachbericht Foto-Dokumentation d)\u00a0 Kreislauf-Pr\u00e4sentationen bei Wochenendveranstaltungen\u2026","rel":"","context":"\u00c4hnlicher Beitrag","block_context":{"text":"\u00c4hnlicher Beitrag","link":""},"img":{"alt_text":"Team-1","src":"https:\/\/i0.wp.com\/www.el-pan-alegre.org\/wordpress\/wp-content\/uploads\/2016\/01\/Team-1-300x300.jpg?resize=350%2C200","width":350,"height":200},"classes":[]},{"id":579,"url":"https:\/\/www.el-pan-alegre.org\/wordpress\/machen\/projekte-de\/","url_meta":{"origin":488,"position":1},"title":"Projekte Deutschland","author":"Anja Mocker","date":"22. April 2015","format":false,"excerpt":"Im FEZ-Berlin 2010-15 PARADIES WUHLHEIDE Im Prinzessinnengarten Berlin Im Theater am Rand \/ Oderbruch -\u00a0 Kindertheaterst\u00fcck \"Das Fr\u00f6hliche Brot\" -\u00a0 Amaranth-Kinderlied Im \u00d6kowerk Tornow Bei der Jahreskonferenz des Deutschen Nachhaltigkeitsrates Bei den Geschmackstagen in der Berliner Markthalle IX Beim Familienrenntag im Pferdesportpark Berlin-Karlshorst Beim Weihnachts-Lichtermarkt Berlin-Lichtenrade Beim Tag der Offenen\u2026","rel":"","context":"\u00c4hnlicher Beitrag","block_context":{"text":"\u00c4hnlicher Beitrag","link":""},"img":{"alt_text":"2013-Bundeskanzleramt","src":"https:\/\/i0.wp.com\/www.el-pan-alegre.org\/wordpress\/wp-content\/uploads\/2015\/04\/2013-Bundeskanzleramt-150x150.jpg?resize=350%2C200","width":350,"height":200},"classes":[]},{"id":539,"url":"https:\/\/www.el-pan-alegre.org\/wordpress\/wissen\/downloads\/","url_meta":{"origin":488,"position":2},"title":"Downloads","author":"Anja Mocker","date":"22. April 2015","format":false,"excerpt":"Hier finden Sie alle Materialien von En Buenas Manos e.V. auf einen Blick \/ a continuaci\u00f3n ustedes encontrar\u00e1n todos los materiales disponibles sobre el trabajo de En Buenas Manos: Informationsmaterial \/ informaciones BESCHREIBUNG \/ DESCRIPCI\u00d3N: DAS FR\u00d6HLICHE BROT - Flyer auf Deutsch (Au\u00dfenseite) DAS FR\u00d6HLICHE BROT - Flyer auf Deutsch\u2026","rel":"","context":"\u00c4hnlicher Beitrag","block_context":{"text":"\u00c4hnlicher Beitrag","link":""},"img":{"alt_text":"","src":"","width":0,"height":0},"classes":[]},{"id":1179,"url":"https:\/\/www.el-pan-alegre.org\/wordpress\/machen\/projekte-de\/im-theater-am-rand-oderbruch\/","url_meta":{"origin":488,"position":3},"title":"Im Theater am Rand \/ Oderbruch","author":"Madeleine Porr","date":"25. Januar 2016","format":false,"excerpt":"A.\u00a0 Kindertheaterst\u00fcck \"Das Fr\u00f6hliche Brot\" Hintergrund-Info Titel 1. Akt 2. Akt Auff\u00fchrung B.\u00a0 Amaranth-Kinderlied \"Das Amaranth-Lied\" (Musik + Text: Tobias Morgenster; Gesang: Katarina Krolls FEZi-Strolche; Aufnahme, Mix + Schnitt: Dirk Meier \/ gesponsert von der Landesmusikakademie im FEZ-Berlin) Note in A Note in C Note in D Note in G\u2026","rel":"","context":"\u00c4hnlicher Beitrag","block_context":{"text":"\u00c4hnlicher Beitrag","link":""},"img":{"alt_text":"Kindertheaterstueck","src":"https:\/\/i0.wp.com\/www.el-pan-alegre.org\/wordpress\/wp-content\/uploads\/2016\/01\/Kindertheaterstueck-1024x768.jpg?resize=350%2C200","width":350,"height":200,"srcset":"https:\/\/i0.wp.com\/www.el-pan-alegre.org\/wordpress\/wp-content\/uploads\/2016\/01\/Kindertheaterstueck-1024x768.jpg?resize=350%2C200 1x, https:\/\/i0.wp.com\/www.el-pan-alegre.org\/wordpress\/wp-content\/uploads\/2016\/01\/Kindertheaterstueck-1024x768.jpg?resize=525%2C300 1.5x"},"classes":[]},{"id":811,"url":"https:\/\/www.el-pan-alegre.org\/wordpress\/en-buenas-manos-e-v\/was-machen-wir\/arbeitsberichte\/","url_meta":{"origin":488,"position":4},"title":"Arbeitsberichte","author":"Madeleine Porr","date":"30. August 2015","format":false,"excerpt":"2025-Aktivit\u00e4ten En Buenas Manos in Deutschland und Kuba2024-Jahresbericht EBM (nach den Kriterien des Social Reporting Standard)2023-Jahresbericht EBM (nach den Kriterien des Social Reporting Standard)2022-Jahresbericht EBM (nach den Kriterien des Social Reporting Standard)2021-Jahresbericht EBM (nach den Kriterien des Social Reporting Standard)2020-Jahresbericht EBM (nach den Kriterien des Social Reporting Standard)2019-Jahresbericht EBM (nach\u2026","rel":"","context":"\u00c4hnlicher Beitrag","block_context":{"text":"\u00c4hnlicher Beitrag","link":""},"img":{"alt_text":"","src":"","width":0,"height":0},"classes":[]},{"id":2193,"url":"https:\/\/www.el-pan-alegre.org\/wordpress\/en-buenas-manos-e-v\/zum-verein\/","url_meta":{"origin":488,"position":5},"title":"Zum Verein","author":"Madeleine Porr","date":"14. September 2019","format":false,"excerpt":"gegr. 2005, Sitz: Berlin institutioneller Tr\u00e4ger des Regionalentwicklungskonzepts El Pan Alegre - Das Fr\u00f6hliche Brot, Beispiel f\u00fcr geschlossene optimierte Stoffstromkreisl\u00e4ufe mit den Komponenten Amaranth und Biogas aus organischen Hausabf\u00e4llen aktuell 10 Mitglieder + 1 Ehrenmitglied, davon 5 aktiv (Vorstand, Workshops); Aktivit\u00e4ten aktuell in Berlin und Havanna\/Kuba Finanzierung aktuell durch Mitgliedsbeitr\u00e4ge,\u2026","rel":"","context":"\u00c4hnlicher Beitrag","block_context":{"text":"\u00c4hnlicher Beitrag","link":""},"img":{"alt_text":"","src":"","width":0,"height":0},"classes":[]}],"_links":{"self":[{"href":"https:\/\/www.el-pan-alegre.org\/wordpress\/wp-json\/wp\/v2\/pages\/488","targetHints":{"allow":["GET"]}}],"collection":[{"href":"https:\/\/www.el-pan-alegre.org\/wordpress\/wp-json\/wp\/v2\/pages"}],"about":[{"href":"https:\/\/www.el-pan-alegre.org\/wordpress\/wp-json\/wp\/v2\/types\/page"}],"author":[{"embeddable":true,"href":"https:\/\/www.el-pan-alegre.org\/wordpress\/wp-json\/wp\/v2\/users\/1"}],"replies":[{"embeddable":true,"href":"https:\/\/www.el-pan-alegre.org\/wordpress\/wp-json\/wp\/v2\/comments?post=488"}],"version-history":[{"count":29,"href":"https:\/\/www.el-pan-alegre.org\/wordpress\/wp-json\/wp\/v2\/pages\/488\/revisions"}],"predecessor-version":[{"id":1782,"href":"https:\/\/www.el-pan-alegre.org\/wordpress\/wp-json\/wp\/v2\/pages\/488\/revisions\/1782"}],"wp:attachment":[{"href":"https:\/\/www.el-pan-alegre.org\/wordpress\/wp-json\/wp\/v2\/media?parent=488"}],"curies":[{"name":"wp","href":"https:\/\/api.w.org\/{rel}","templated":true}]}}