{"id":482,"date":"2015-04-22T10:53:08","date_gmt":"2015-04-22T08:53:08","guid":{"rendered":"http:\/\/www.el-pan-alegre.org\/wordpress\/?page_id=482"},"modified":"2018-01-05T13:26:29","modified_gmt":"2018-01-05T12:26:29","slug":"wissen","status":"publish","type":"page","link":"https:\/\/www.el-pan-alegre.org\/wordpress\/wissen\/","title":{"rendered":"Wissen \/ Saber"},"content":{"rendered":"<ul>\n<li>\n<h1><a href=\"http:\/\/www.el-pan-alegre.org\/wordpress\/wissen\/themen\/\">THEMEN \/ TEMAS<\/a><\/h1>\n<\/li>\n<li>\n<h1><a href=\"http:\/\/www.el-pan-alegre.org\/wordpress\/wissen\/konzepte\/\">KONZEPTE \/ CONCEPTOS<\/a><\/h1>\n<\/li>\n<li>\n<h1><a href=\"http:\/\/www.el-pan-alegre.org\/wordpress\/wissen\/downloads\/\">DOWNLOADS<\/a><\/h1>\n<\/li>\n<\/ul>\n<p>&nbsp;<\/p>\n","protected":false},"excerpt":{"rendered":"<p>THEMEN \/ TEMAS KONZEPTE \/ CONCEPTOS DOWNLOADS &nbsp;<\/p>\n","protected":false},"author":1,"featured_media":0,"parent":0,"menu_order":2,"comment_status":"closed","ping_status":"closed","template":"","meta":{"jetpack_post_was_ever_published":false,"footnotes":""},"class_list":["post-482","page","type-page","status-publish","hentry"],"yoast_head":"<!-- This site is optimized with the Yoast SEO plugin v27.3 - https:\/\/yoast.com\/product\/yoast-seo-wordpress\/ -->\n<title>Wissen \/ Saber - El Pan Alegre<\/title>\n<meta name=\"robots\" content=\"index, follow, max-snippet:-1, max-image-preview:large, max-video-preview:-1\" \/>\n<link rel=\"canonical\" href=\"https:\/\/www.el-pan-alegre.org\/wordpress\/wissen\/\" \/>\n<meta property=\"og:locale\" content=\"de_DE\" \/>\n<meta property=\"og:type\" content=\"article\" \/>\n<meta property=\"og:title\" content=\"Wissen \/ Saber - El Pan Alegre\" \/>\n<meta property=\"og:description\" content=\"THEMEN \/ TEMAS KONZEPTE \/ CONCEPTOS DOWNLOADS &nbsp;\" \/>\n<meta property=\"og:url\" content=\"https:\/\/www.el-pan-alegre.org\/wordpress\/wissen\/\" \/>\n<meta property=\"og:site_name\" content=\"El Pan Alegre\" \/>\n<meta property=\"article:modified_time\" content=\"2018-01-05T12:26:29+00:00\" \/>\n<meta name=\"twitter:card\" content=\"summary_large_image\" \/>\n<script type=\"application\/ld+json\" class=\"yoast-schema-graph\">{\"@context\":\"https:\\\/\\\/schema.org\",\"@graph\":[{\"@type\":\"WebPage\",\"@id\":\"https:\\\/\\\/www.el-pan-alegre.org\\\/wordpress\\\/wissen\\\/\",\"url\":\"https:\\\/\\\/www.el-pan-alegre.org\\\/wordpress\\\/wissen\\\/\",\"name\":\"Wissen \\\/ Saber - El Pan Alegre\",\"isPartOf\":{\"@id\":\"https:\\\/\\\/www.el-pan-alegre.org\\\/wordpress\\\/#website\"},\"datePublished\":\"2015-04-22T08:53:08+00:00\",\"dateModified\":\"2018-01-05T12:26:29+00:00\",\"breadcrumb\":{\"@id\":\"https:\\\/\\\/www.el-pan-alegre.org\\\/wordpress\\\/wissen\\\/#breadcrumb\"},\"inLanguage\":\"de\",\"potentialAction\":[{\"@type\":\"ReadAction\",\"target\":[\"https:\\\/\\\/www.el-pan-alegre.org\\\/wordpress\\\/wissen\\\/\"]}]},{\"@type\":\"BreadcrumbList\",\"@id\":\"https:\\\/\\\/www.el-pan-alegre.org\\\/wordpress\\\/wissen\\\/#breadcrumb\",\"itemListElement\":[{\"@type\":\"ListItem\",\"position\":1,\"name\":\"Home\",\"item\":\"https:\\\/\\\/www.el-pan-alegre.org\\\/wordpress\\\/\"},{\"@type\":\"ListItem\",\"position\":2,\"name\":\"Wissen \\\/ Saber\"}]},{\"@type\":\"WebSite\",\"@id\":\"https:\\\/\\\/www.el-pan-alegre.org\\\/wordpress\\\/#website\",\"url\":\"https:\\\/\\\/www.el-pan-alegre.org\\\/wordpress\\\/\",\"name\":\"El Pan Alegre\",\"description\":\"Das Fr\u00f6hliche Brot\",\"potentialAction\":[{\"@type\":\"SearchAction\",\"target\":{\"@type\":\"EntryPoint\",\"urlTemplate\":\"https:\\\/\\\/www.el-pan-alegre.org\\\/wordpress\\\/?s={search_term_string}\"},\"query-input\":{\"@type\":\"PropertyValueSpecification\",\"valueRequired\":true,\"valueName\":\"search_term_string\"}}],\"inLanguage\":\"de\"}]}<\/script>\n<!-- \/ Yoast SEO plugin. -->","yoast_head_json":{"title":"Wissen \/ Saber - El Pan Alegre","robots":{"index":"index","follow":"follow","max-snippet":"max-snippet:-1","max-image-preview":"max-image-preview:large","max-video-preview":"max-video-preview:-1"},"canonical":"https:\/\/www.el-pan-alegre.org\/wordpress\/wissen\/","og_locale":"de_DE","og_type":"article","og_title":"Wissen \/ Saber - El Pan Alegre","og_description":"THEMEN \/ TEMAS KONZEPTE \/ CONCEPTOS DOWNLOADS &nbsp;","og_url":"https:\/\/www.el-pan-alegre.org\/wordpress\/wissen\/","og_site_name":"El Pan Alegre","article_modified_time":"2018-01-05T12:26:29+00:00","twitter_card":"summary_large_image","schema":{"@context":"https:\/\/schema.org","@graph":[{"@type":"WebPage","@id":"https:\/\/www.el-pan-alegre.org\/wordpress\/wissen\/","url":"https:\/\/www.el-pan-alegre.org\/wordpress\/wissen\/","name":"Wissen \/ Saber - El Pan Alegre","isPartOf":{"@id":"https:\/\/www.el-pan-alegre.org\/wordpress\/#website"},"datePublished":"2015-04-22T08:53:08+00:00","dateModified":"2018-01-05T12:26:29+00:00","breadcrumb":{"@id":"https:\/\/www.el-pan-alegre.org\/wordpress\/wissen\/#breadcrumb"},"inLanguage":"de","potentialAction":[{"@type":"ReadAction","target":["https:\/\/www.el-pan-alegre.org\/wordpress\/wissen\/"]}]},{"@type":"BreadcrumbList","@id":"https:\/\/www.el-pan-alegre.org\/wordpress\/wissen\/#breadcrumb","itemListElement":[{"@type":"ListItem","position":1,"name":"Home","item":"https:\/\/www.el-pan-alegre.org\/wordpress\/"},{"@type":"ListItem","position":2,"name":"Wissen \/ Saber"}]},{"@type":"WebSite","@id":"https:\/\/www.el-pan-alegre.org\/wordpress\/#website","url":"https:\/\/www.el-pan-alegre.org\/wordpress\/","name":"El Pan Alegre","description":"Das Fr\u00f6hliche Brot","potentialAction":[{"@type":"SearchAction","target":{"@type":"EntryPoint","urlTemplate":"https:\/\/www.el-pan-alegre.org\/wordpress\/?s={search_term_string}"},"query-input":{"@type":"PropertyValueSpecification","valueRequired":true,"valueName":"search_term_string"}}],"inLanguage":"de"}]}},"jetpack_sharing_enabled":true,"jetpack_shortlink":"https:\/\/wp.me\/P62TDh-7M","jetpack-related-posts":[{"id":519,"url":"https:\/\/www.el-pan-alegre.org\/wordpress\/wissen\/konzepte\/","url_meta":{"origin":482,"position":0},"title":"Konzepte \/ Conceptos","author":"Anja Mocker","date":"22. April 2015","format":false,"excerpt":"DAS FR\u00d6HLICHE BROT EL PAN ALEGRE","rel":"","context":"\u00c4hnlicher Beitrag","block_context":{"text":"\u00c4hnlicher Beitrag","link":""},"img":{"alt_text":"","src":"","width":0,"height":0},"classes":[]},{"id":523,"url":"https:\/\/www.el-pan-alegre.org\/wordpress\/wissen\/themen\/","url_meta":{"origin":482,"position":1},"title":"Themen \/ Temas","author":"Anja Mocker","date":"22. April 2015","format":false,"excerpt":"Amaranth \/ Amaranto Biogas & Biokohle \/ Carb\u00f3n vegetal \/ Biochar \u00d6konomie \/ Econom\u00eda \/ Economy Kreisl\u00e4ufe & Permakultur \/ Ciclos & Permacultura \/ Permaculture Au\u00dferdem \/ Adem\u00e1s \/ Additionally ... ... in den L\u00e4ndern \/ por pa\u00edses \/ in different countries","rel":"","context":"\u00c4hnlicher Beitrag","block_context":{"text":"\u00c4hnlicher Beitrag","link":""},"img":{"alt_text":"","src":"","width":0,"height":0},"classes":[]},{"id":778,"url":"https:\/\/www.el-pan-alegre.org\/wordpress\/wissen\/konzepte\/el-pan-alegre\/","url_meta":{"origin":482,"position":2},"title":"El Pan Alegre","author":"Madeleine Porr","date":"14. Juli 2015","format":false,"excerpt":"Producci\u00f3n de pan en Cuba Problema - Efectos Problema - Soluciones Concepto EL PAN ALEGRE EL PAN ALEGRE - espa\u00f1ol (Trabajo de diploma)","rel":"","context":"\u00c4hnlicher Beitrag","block_context":{"text":"\u00c4hnlicher Beitrag","link":""},"img":{"alt_text":"","src":"","width":0,"height":0},"classes":[]},{"id":774,"url":"https:\/\/www.el-pan-alegre.org\/wordpress\/wissen\/konzepte\/das-froehliche-brot-el-pan-alegre\/","url_meta":{"origin":482,"position":3},"title":"Das Fr\u00f6hliche Brot","author":"Madeleine Porr","date":"14. Juli 2015","format":false,"excerpt":"DAS FR\u00d6HLICHE BROT - Flyer auf Deutsch (Au\u00dfenseite) DAS FR\u00d6HLICHE BROT - Flyer auf Deutsch (Innenseite) DAS FR\u00d6HLICHE BROT - deutsch DAS FR\u00d6HLICHE BROT - deutsch (Wikipedia) DAS FR\u00d6HLICHE BROT - Bildungsarbeit am Beispiel des Amaranth EL PAN ALEGRE - DAS FR\u00d6HLICHE BROT (Pressemitteilung Mai 2011)","rel":"","context":"\u00c4hnlicher Beitrag","block_context":{"text":"\u00c4hnlicher Beitrag","link":""},"img":{"alt_text":"","src":"","width":0,"height":0},"classes":[]},{"id":529,"url":"https:\/\/www.el-pan-alegre.org\/wordpress\/wissen\/themen\/permakultur\/","url_meta":{"origin":482,"position":4},"title":"Kreisl\u00e4ufe &#038; Permakultur","author":"Anja Mocker","date":"22. April 2015","format":false,"excerpt":"Center of Innovation in Alternative Technologies (CITA) \/ Mexico Centro de Innovaci\u00f3n en Tecnolog\u00eda Alternativa (CITA) \/ M\u00e9xico Permakultur - deutsch Permaculture - english Permacultura - espa\u00f1ol \u00a0 \u00a0 \u00a0 \u00a0 \u00a0","rel":"","context":"\u00c4hnlicher Beitrag","block_context":{"text":"\u00c4hnlicher Beitrag","link":""},"img":{"alt_text":"","src":"","width":0,"height":0},"classes":[]},{"id":533,"url":"https:\/\/www.el-pan-alegre.org\/wordpress\/wissen\/themen\/oekonomie\/","url_meta":{"origin":482,"position":5},"title":"\u00d6konomie \/ Econom\u00eda \/ Economy","author":"Anja Mocker","date":"22. April 2015","format":false,"excerpt":"Caring economics Whole Systems Change - Riane Eisler Blue Economy (D) - Artikel in der taz (Jensen, A. und Scheub, U.) Blue Economy (D) - \"100 Blaue Ideen\" Blue Economy (Eng) - \"Nature's 100 Best\" Blue Economy \/ Econom\u00eda Azul (Esp) - \"Nature's 100 Best \/ Los mejores 100 de\u2026","rel":"","context":"\u00c4hnlicher Beitrag","block_context":{"text":"\u00c4hnlicher Beitrag","link":""},"img":{"alt_text":"","src":"","width":0,"height":0},"classes":[]}],"_links":{"self":[{"href":"https:\/\/www.el-pan-alegre.org\/wordpress\/wp-json\/wp\/v2\/pages\/482","targetHints":{"allow":["GET"]}}],"collection":[{"href":"https:\/\/www.el-pan-alegre.org\/wordpress\/wp-json\/wp\/v2\/pages"}],"about":[{"href":"https:\/\/www.el-pan-alegre.org\/wordpress\/wp-json\/wp\/v2\/types\/page"}],"author":[{"embeddable":true,"href":"https:\/\/www.el-pan-alegre.org\/wordpress\/wp-json\/wp\/v2\/users\/1"}],"replies":[{"embeddable":true,"href":"https:\/\/www.el-pan-alegre.org\/wordpress\/wp-json\/wp\/v2\/comments?post=482"}],"version-history":[{"count":6,"href":"https:\/\/www.el-pan-alegre.org\/wordpress\/wp-json\/wp\/v2\/pages\/482\/revisions"}],"predecessor-version":[{"id":1876,"href":"https:\/\/www.el-pan-alegre.org\/wordpress\/wp-json\/wp\/v2\/pages\/482\/revisions\/1876"}],"wp:attachment":[{"href":"https:\/\/www.el-pan-alegre.org\/wordpress\/wp-json\/wp\/v2\/media?parent=482"}],"curies":[{"name":"wp","href":"https:\/\/api.w.org\/{rel}","templated":true}]}}