{"id":1801,"date":"2018-01-04T16:10:08","date_gmt":"2018-01-04T15:10:08","guid":{"rendered":"http:\/\/www.el-pan-alegre.org\/wordpress\/?page_id=1801"},"modified":"2018-01-04T17:36:21","modified_gmt":"2018-01-04T16:36:21","slug":"schirmherrschaften-patrocinios","status":"publish","type":"page","link":"https:\/\/www.el-pan-alegre.org\/wordpress\/en-buenas-manos-e-v\/was-machen-wir\/schirmherrschaften-patrocinios\/","title":{"rendered":"Schirmherrschaft(en) \/ Patrocinio(s)"},"content":{"rendered":"<ul>\n<li>\n<h2><a href=\"http:\/\/www.madeleine-porr.de\/SchirmherrschaftScheer.pdf\">2009-10 Dr. Hermann Scheer<\/a> (\u2020 2010) <em>&#8211; deutsch<\/em><\/h2>\n<\/li>\n<li>\n<h2><a href=\"http:\/\/www.madeleine-porr.de\/PatrocinioScheer.pdf\">2009-10 Dr. Hermann Scheer<\/a> (\u2020 2010) <em>&#8211; espa<\/em><span style=\"font-family: Arial, sans-serif;\"><i><b>\u00f1ol<\/b><\/i><\/span><\/h2>\n<\/li>\n<\/ul>\n","protected":false},"excerpt":{"rendered":"<p>2009-10 Dr. Hermann Scheer (\u2020 2010) &#8211; deutsch 2009-10 Dr. Hermann Scheer (\u2020 2010) &#8211; espa\u00f1ol<\/p>\n","protected":false},"author":2,"featured_media":0,"parent":497,"menu_order":12,"comment_status":"closed","ping_status":"closed","template":"","meta":{"footnotes":""},"class_list":["post-1801","page","type-page","status-publish","hentry"],"yoast_head":"<!-- This site is optimized with the Yoast SEO plugin v27.6 - https:\/\/yoast.com\/product\/yoast-seo-wordpress\/ -->\n<title>Schirmherrschaft(en) \/ Patrocinio(s) - El Pan Alegre<\/title>\n<meta name=\"robots\" content=\"index, follow, max-snippet:-1, max-image-preview:large, max-video-preview:-1\" \/>\n<link rel=\"canonical\" href=\"https:\/\/www.el-pan-alegre.org\/wordpress\/en-buenas-manos-e-v\/was-machen-wir\/schirmherrschaften-patrocinios\/\" \/>\n<meta property=\"og:locale\" content=\"de_DE\" \/>\n<meta property=\"og:type\" content=\"article\" \/>\n<meta property=\"og:title\" content=\"Schirmherrschaft(en) \/ Patrocinio(s) - El Pan Alegre\" \/>\n<meta property=\"og:description\" content=\"2009-10 Dr. Hermann Scheer (\u2020 2010) &#8211; deutsch 2009-10 Dr. Hermann Scheer (\u2020 2010) &#8211; espa\u00f1ol\" \/>\n<meta property=\"og:url\" content=\"https:\/\/www.el-pan-alegre.org\/wordpress\/en-buenas-manos-e-v\/was-machen-wir\/schirmherrschaften-patrocinios\/\" \/>\n<meta property=\"og:site_name\" content=\"El Pan Alegre\" \/>\n<meta property=\"article:modified_time\" content=\"2018-01-04T16:36:21+00:00\" \/>\n<meta name=\"twitter:card\" content=\"summary_large_image\" \/>\n<script type=\"application\/ld+json\" class=\"yoast-schema-graph\">{\"@context\":\"https:\\\/\\\/schema.org\",\"@graph\":[{\"@type\":\"WebPage\",\"@id\":\"https:\\\/\\\/www.el-pan-alegre.org\\\/wordpress\\\/en-buenas-manos-e-v\\\/was-machen-wir\\\/schirmherrschaften-patrocinios\\\/\",\"url\":\"https:\\\/\\\/www.el-pan-alegre.org\\\/wordpress\\\/en-buenas-manos-e-v\\\/was-machen-wir\\\/schirmherrschaften-patrocinios\\\/\",\"name\":\"Schirmherrschaft(en) \\\/ Patrocinio(s) - El Pan Alegre\",\"isPartOf\":{\"@id\":\"https:\\\/\\\/www.el-pan-alegre.org\\\/wordpress\\\/#website\"},\"datePublished\":\"2018-01-04T15:10:08+00:00\",\"dateModified\":\"2018-01-04T16:36:21+00:00\",\"breadcrumb\":{\"@id\":\"https:\\\/\\\/www.el-pan-alegre.org\\\/wordpress\\\/en-buenas-manos-e-v\\\/was-machen-wir\\\/schirmherrschaften-patrocinios\\\/#breadcrumb\"},\"inLanguage\":\"de\",\"potentialAction\":[{\"@type\":\"ReadAction\",\"target\":[\"https:\\\/\\\/www.el-pan-alegre.org\\\/wordpress\\\/en-buenas-manos-e-v\\\/was-machen-wir\\\/schirmherrschaften-patrocinios\\\/\"]}]},{\"@type\":\"BreadcrumbList\",\"@id\":\"https:\\\/\\\/www.el-pan-alegre.org\\\/wordpress\\\/en-buenas-manos-e-v\\\/was-machen-wir\\\/schirmherrschaften-patrocinios\\\/#breadcrumb\",\"itemListElement\":[{\"@type\":\"ListItem\",\"position\":1,\"name\":\"Home\",\"item\":\"https:\\\/\\\/www.el-pan-alegre.org\\\/wordpress\\\/\"},{\"@type\":\"ListItem\",\"position\":2,\"name\":\"En Buenas Manos e. V.\",\"item\":\"https:\\\/\\\/www.el-pan-alegre.org\\\/wordpress\\\/en-buenas-manos-e-v\\\/\"},{\"@type\":\"ListItem\",\"position\":3,\"name\":\"Was machen wir?\",\"item\":\"https:\\\/\\\/www.el-pan-alegre.org\\\/wordpress\\\/en-buenas-manos-e-v\\\/was-machen-wir\\\/\"},{\"@type\":\"ListItem\",\"position\":4,\"name\":\"Schirmherrschaft(en) \\\/ Patrocinio(s)\"}]},{\"@type\":\"WebSite\",\"@id\":\"https:\\\/\\\/www.el-pan-alegre.org\\\/wordpress\\\/#website\",\"url\":\"https:\\\/\\\/www.el-pan-alegre.org\\\/wordpress\\\/\",\"name\":\"El Pan Alegre\",\"description\":\"Das Fr\u00f6hliche Brot\",\"potentialAction\":[{\"@type\":\"SearchAction\",\"target\":{\"@type\":\"EntryPoint\",\"urlTemplate\":\"https:\\\/\\\/www.el-pan-alegre.org\\\/wordpress\\\/?s={search_term_string}\"},\"query-input\":{\"@type\":\"PropertyValueSpecification\",\"valueRequired\":true,\"valueName\":\"search_term_string\"}}],\"inLanguage\":\"de\"}]}<\/script>\n<!-- \/ Yoast SEO plugin. -->","yoast_head_json":{"title":"Schirmherrschaft(en) \/ Patrocinio(s) - El Pan Alegre","robots":{"index":"index","follow":"follow","max-snippet":"max-snippet:-1","max-image-preview":"max-image-preview:large","max-video-preview":"max-video-preview:-1"},"canonical":"https:\/\/www.el-pan-alegre.org\/wordpress\/en-buenas-manos-e-v\/was-machen-wir\/schirmherrschaften-patrocinios\/","og_locale":"de_DE","og_type":"article","og_title":"Schirmherrschaft(en) \/ Patrocinio(s) - El Pan Alegre","og_description":"2009-10 Dr. Hermann Scheer (\u2020 2010) &#8211; deutsch 2009-10 Dr. Hermann Scheer (\u2020 2010) &#8211; espa\u00f1ol","og_url":"https:\/\/www.el-pan-alegre.org\/wordpress\/en-buenas-manos-e-v\/was-machen-wir\/schirmherrschaften-patrocinios\/","og_site_name":"El Pan Alegre","article_modified_time":"2018-01-04T16:36:21+00:00","twitter_card":"summary_large_image","schema":{"@context":"https:\/\/schema.org","@graph":[{"@type":"WebPage","@id":"https:\/\/www.el-pan-alegre.org\/wordpress\/en-buenas-manos-e-v\/was-machen-wir\/schirmherrschaften-patrocinios\/","url":"https:\/\/www.el-pan-alegre.org\/wordpress\/en-buenas-manos-e-v\/was-machen-wir\/schirmherrschaften-patrocinios\/","name":"Schirmherrschaft(en) \/ Patrocinio(s) - El Pan Alegre","isPartOf":{"@id":"https:\/\/www.el-pan-alegre.org\/wordpress\/#website"},"datePublished":"2018-01-04T15:10:08+00:00","dateModified":"2018-01-04T16:36:21+00:00","breadcrumb":{"@id":"https:\/\/www.el-pan-alegre.org\/wordpress\/en-buenas-manos-e-v\/was-machen-wir\/schirmherrschaften-patrocinios\/#breadcrumb"},"inLanguage":"de","potentialAction":[{"@type":"ReadAction","target":["https:\/\/www.el-pan-alegre.org\/wordpress\/en-buenas-manos-e-v\/was-machen-wir\/schirmherrschaften-patrocinios\/"]}]},{"@type":"BreadcrumbList","@id":"https:\/\/www.el-pan-alegre.org\/wordpress\/en-buenas-manos-e-v\/was-machen-wir\/schirmherrschaften-patrocinios\/#breadcrumb","itemListElement":[{"@type":"ListItem","position":1,"name":"Home","item":"https:\/\/www.el-pan-alegre.org\/wordpress\/"},{"@type":"ListItem","position":2,"name":"En Buenas Manos e. V.","item":"https:\/\/www.el-pan-alegre.org\/wordpress\/en-buenas-manos-e-v\/"},{"@type":"ListItem","position":3,"name":"Was machen wir?","item":"https:\/\/www.el-pan-alegre.org\/wordpress\/en-buenas-manos-e-v\/was-machen-wir\/"},{"@type":"ListItem","position":4,"name":"Schirmherrschaft(en) \/ Patrocinio(s)"}]},{"@type":"WebSite","@id":"https:\/\/www.el-pan-alegre.org\/wordpress\/#website","url":"https:\/\/www.el-pan-alegre.org\/wordpress\/","name":"El Pan Alegre","description":"Das Fr\u00f6hliche Brot","potentialAction":[{"@type":"SearchAction","target":{"@type":"EntryPoint","urlTemplate":"https:\/\/www.el-pan-alegre.org\/wordpress\/?s={search_term_string}"},"query-input":{"@type":"PropertyValueSpecification","valueRequired":true,"valueName":"search_term_string"}}],"inLanguage":"de"}]}},"jetpack_sharing_enabled":true,"jetpack_shortlink":"https:\/\/wp.me\/P62TDh-t3","jetpack-related-posts":[{"id":539,"url":"https:\/\/www.el-pan-alegre.org\/wordpress\/wissen\/downloads\/","url_meta":{"origin":1801,"position":0},"title":"Downloads","author":"Anja Mocker","date":"22. April 2015","format":false,"excerpt":"Hier finden Sie alle Materialien von En Buenas Manos e.V. auf einen Blick \/ a continuaci\u00f3n ustedes encontrar\u00e1n todos los materiales disponibles sobre el trabajo de En Buenas Manos: Informationsmaterial \/ informaciones BESCHREIBUNG \/ DESCRIPCI\u00d3N: DAS FR\u00d6HLICHE BROT - Flyer auf Deutsch (Au\u00dfenseite) DAS FR\u00d6HLICHE BROT - Flyer auf Deutsch\u2026","rel":"","context":"\u00c4hnlicher Beitrag","block_context":{"text":"\u00c4hnlicher Beitrag","link":""},"img":{"alt_text":"","src":"","width":0,"height":0},"classes":[]},{"id":488,"url":"https:\/\/www.el-pan-alegre.org\/wordpress\/galerie\/","url_meta":{"origin":1801,"position":1},"title":"Film-\/Fotogalerie","author":"Anja Mocker","date":"22. April 2015","format":false,"excerpt":"+ + +\u00a0 s. auch Blogspot\u00a0 + + + FILM \"Nachhaltig stark und schlau!\" (7:44 Min.) Bildung f\u00fcr nachhaltige Entwicklung; En Buenas Manos e. V. & FEZ-Berlin, 2012 FOTOSHOWS 2009: Probeworkshop im FEZ - \"Abenteuer Gesundheit\" 2010: Start im FEZ-Berlin 2010: AMARANTH-Thementag in der FEZitty, der Sommerferien-Kinderhauptstadt 2010: AMARANTH im\u2026","rel":"","context":"\u00c4hnlicher Beitrag","block_context":{"text":"\u00c4hnlicher Beitrag","link":""},"img":{"alt_text":"","src":"","width":0,"height":0},"classes":[]},{"id":811,"url":"https:\/\/www.el-pan-alegre.org\/wordpress\/en-buenas-manos-e-v\/was-machen-wir\/arbeitsberichte\/","url_meta":{"origin":1801,"position":2},"title":"Arbeitsberichte","author":"Madeleine Porr","date":"30. August 2015","format":false,"excerpt":"2025-Aktivit\u00e4ten En Buenas Manos in Deutschland und Kuba2024-Jahresbericht EBM (nach den Kriterien des Social Reporting Standard)2023-Jahresbericht EBM (nach den Kriterien des Social Reporting Standard)2022-Jahresbericht EBM (nach den Kriterien des Social Reporting Standard)2021-Jahresbericht EBM (nach den Kriterien des Social Reporting Standard)2020-Jahresbericht EBM (nach den Kriterien des Social Reporting Standard)2019-Jahresbericht EBM (nach\u2026","rel":"","context":"\u00c4hnlicher Beitrag","block_context":{"text":"\u00c4hnlicher Beitrag","link":""},"img":{"alt_text":"","src":"","width":0,"height":0},"classes":[]},{"id":1452,"url":"https:\/\/www.el-pan-alegre.org\/wordpress\/galerie\/2016-mexiko\/","url_meta":{"origin":1801,"position":3},"title":"2016: Mexiko","author":"Madeleine Porr","date":"20. Juli 2016","format":false,"excerpt":"EcoAldea Bosque de Agua deutsch espa\u00f1ol Sierra Encantada deutsch espa\u00f1ol Miriam P\u00e9rez Skulpturen deutsch espa\u00f1ol Bio-Architektur deutsch espa\u00f1ol","rel":"","context":"Mit 1 Kommentar","block_context":{"text":"Mit 1 Kommentar","link":"https:\/\/www.el-pan-alegre.org\/wordpress\/galerie\/2016-mexiko\/#comments"},"img":{"alt_text":"","src":"","width":0,"height":0},"classes":[]},{"id":497,"url":"https:\/\/www.el-pan-alegre.org\/wordpress\/en-buenas-manos-e-v\/was-machen-wir\/","url_meta":{"origin":1801,"position":4},"title":"Was machen wir?","author":"Anja Mocker","date":"22. April 2015","format":false,"excerpt":"Arbeitsberichte Auszeichnungen F\u00f6rderungen Referenzen Schirmherrschaft(en)","rel":"","context":"\u00c4hnlicher Beitrag","block_context":{"text":"\u00c4hnlicher Beitrag","link":""},"img":{"alt_text":"","src":"","width":0,"height":0},"classes":[]},{"id":529,"url":"https:\/\/www.el-pan-alegre.org\/wordpress\/wissen\/themen\/permakultur\/","url_meta":{"origin":1801,"position":5},"title":"Kreisl\u00e4ufe &#038; Permakultur","author":"Anja Mocker","date":"22. April 2015","format":false,"excerpt":"Center of Innovation in Alternative Technologies (CITA) \/ Mexico Centro de Innovaci\u00f3n en Tecnolog\u00eda Alternativa (CITA) \/ M\u00e9xico Permakultur - deutsch Permaculture - english Permacultura - espa\u00f1ol \u00a0 \u00a0 \u00a0 \u00a0 \u00a0","rel":"","context":"\u00c4hnlicher Beitrag","block_context":{"text":"\u00c4hnlicher Beitrag","link":""},"img":{"alt_text":"","src":"","width":0,"height":0},"classes":[]}],"_links":{"self":[{"href":"https:\/\/www.el-pan-alegre.org\/wordpress\/wp-json\/wp\/v2\/pages\/1801","targetHints":{"allow":["GET"]}}],"collection":[{"href":"https:\/\/www.el-pan-alegre.org\/wordpress\/wp-json\/wp\/v2\/pages"}],"about":[{"href":"https:\/\/www.el-pan-alegre.org\/wordpress\/wp-json\/wp\/v2\/types\/page"}],"author":[{"embeddable":true,"href":"https:\/\/www.el-pan-alegre.org\/wordpress\/wp-json\/wp\/v2\/users\/2"}],"replies":[{"embeddable":true,"href":"https:\/\/www.el-pan-alegre.org\/wordpress\/wp-json\/wp\/v2\/comments?post=1801"}],"version-history":[{"count":1,"href":"https:\/\/www.el-pan-alegre.org\/wordpress\/wp-json\/wp\/v2\/pages\/1801\/revisions"}],"predecessor-version":[{"id":1802,"href":"https:\/\/www.el-pan-alegre.org\/wordpress\/wp-json\/wp\/v2\/pages\/1801\/revisions\/1802"}],"up":[{"embeddable":true,"href":"https:\/\/www.el-pan-alegre.org\/wordpress\/wp-json\/wp\/v2\/pages\/497"}],"wp:attachment":[{"href":"https:\/\/www.el-pan-alegre.org\/wordpress\/wp-json\/wp\/v2\/media?parent=1801"}],"curies":[{"name":"wp","href":"https:\/\/api.w.org\/{rel}","templated":true}]}}