{"id":1452,"date":"2016-07-20T16:24:18","date_gmt":"2016-07-20T14:24:18","guid":{"rendered":"http:\/\/www.el-pan-alegre.org\/wordpress\/?page_id=1452"},"modified":"2016-07-20T16:53:21","modified_gmt":"2016-07-20T14:53:21","slug":"2016-mexiko","status":"publish","type":"page","link":"https:\/\/www.el-pan-alegre.org\/wordpress\/galerie\/2016-mexiko\/","title":{"rendered":"2016: Mexiko"},"content":{"rendered":"<h1><strong>EcoAldea Bosque de Agua<\/strong><br \/>\n<a href=\"http:\/\/www.el-pan-alegre.org\/wordpress\/wp-content\/uploads\/2016\/06\/EcoAldea_Bosque-de-Agua.mp4\" target=\"_blank\">deutsch<\/a><br \/>\n<a href=\"http:\/\/www.el-pan-alegre.org\/wordpress\/wp-content\/uploads\/2016\/07\/EcoAldea_Bosque-de-Agua_esp.mp4\" target=\"_blank\">espa\u00f1ol<\/a><\/h1>\n<h1><strong>Sierra Encantada<\/strong><br \/>\n<a href=\"http:\/\/www.el-pan-alegre.org\/wordpress\/wp-content\/uploads\/2016\/07\/SIERRA_ENCANTADA-esp.mp4\" target=\"_blank\"> deutsch<br \/>\nespa\u00f1ol<\/a><\/h1>\n<h1><strong>Miriam P\u00e9rez Skulpturen<\/strong><br \/>\n<a href=\"http:\/\/www.el-pan-alegre.org\/wordpress\/wp-content\/uploads\/2016\/06\/MIRIAM_PEREZ.mp4\" target=\"_blank\"> deutsch<\/a><br \/>\n<a href=\"http:\/\/www.el-pan-alegre.org\/wordpress\/wp-content\/uploads\/2016\/07\/Miriam_Perez-esp.mp4\" target=\"_blank\">espa\u00f1ol<\/a><\/h1>\n<h1><strong>Bio-Architektur<\/strong><br \/>\n<a href=\"http:\/\/www.el-pan-alegre.org\/wordpress\/wp-content\/uploads\/2016\/06\/Carmen.mp4\" target=\"_blank\"> deutsch<\/a><br \/>\n<a href=\"http:\/\/www.el-pan-alegre.org\/wordpress\/wp-content\/uploads\/2016\/07\/Carmen_esp.mp4\" target=\"_blank\">espa\u00f1ol<\/a><\/h1>\n","protected":false},"excerpt":{"rendered":"<p>EcoAldea Bosque de Agua deutsch espa\u00f1ol Sierra Encantada deutsch espa\u00f1ol Miriam P\u00e9rez Skulpturen deutsch espa\u00f1ol Bio-Architektur deutsch espa\u00f1ol<\/p>\n","protected":false},"author":2,"featured_media":0,"parent":488,"menu_order":11,"comment_status":"open","ping_status":"open","template":"","meta":{"footnotes":""},"class_list":["post-1452","page","type-page","status-publish","hentry"],"yoast_head":"<!-- This site is optimized with the Yoast SEO plugin v27.6 - https:\/\/yoast.com\/product\/yoast-seo-wordpress\/ -->\n<title>2016: Mexiko - El Pan Alegre<\/title>\n<meta name=\"robots\" content=\"index, follow, max-snippet:-1, max-image-preview:large, max-video-preview:-1\" \/>\n<link rel=\"canonical\" href=\"https:\/\/www.el-pan-alegre.org\/wordpress\/galerie\/2016-mexiko\/\" \/>\n<meta property=\"og:locale\" content=\"de_DE\" \/>\n<meta property=\"og:type\" content=\"article\" \/>\n<meta property=\"og:title\" content=\"2016: Mexiko - El Pan Alegre\" \/>\n<meta property=\"og:description\" content=\"EcoAldea Bosque de Agua deutsch espa\u00f1ol Sierra Encantada deutsch espa\u00f1ol Miriam P\u00e9rez Skulpturen deutsch espa\u00f1ol Bio-Architektur deutsch espa\u00f1ol\" \/>\n<meta property=\"og:url\" content=\"https:\/\/www.el-pan-alegre.org\/wordpress\/galerie\/2016-mexiko\/\" \/>\n<meta property=\"og:site_name\" content=\"El Pan Alegre\" \/>\n<meta property=\"article:modified_time\" content=\"2016-07-20T14:53:21+00:00\" \/>\n<meta name=\"twitter:card\" content=\"summary_large_image\" \/>\n<script type=\"application\/ld+json\" class=\"yoast-schema-graph\">{\"@context\":\"https:\\\/\\\/schema.org\",\"@graph\":[{\"@type\":\"WebPage\",\"@id\":\"https:\\\/\\\/www.el-pan-alegre.org\\\/wordpress\\\/galerie\\\/2016-mexiko\\\/\",\"url\":\"https:\\\/\\\/www.el-pan-alegre.org\\\/wordpress\\\/galerie\\\/2016-mexiko\\\/\",\"name\":\"2016: Mexiko - El Pan Alegre\",\"isPartOf\":{\"@id\":\"https:\\\/\\\/www.el-pan-alegre.org\\\/wordpress\\\/#website\"},\"datePublished\":\"2016-07-20T14:24:18+00:00\",\"dateModified\":\"2016-07-20T14:53:21+00:00\",\"breadcrumb\":{\"@id\":\"https:\\\/\\\/www.el-pan-alegre.org\\\/wordpress\\\/galerie\\\/2016-mexiko\\\/#breadcrumb\"},\"inLanguage\":\"de\",\"potentialAction\":[{\"@type\":\"ReadAction\",\"target\":[\"https:\\\/\\\/www.el-pan-alegre.org\\\/wordpress\\\/galerie\\\/2016-mexiko\\\/\"]}]},{\"@type\":\"BreadcrumbList\",\"@id\":\"https:\\\/\\\/www.el-pan-alegre.org\\\/wordpress\\\/galerie\\\/2016-mexiko\\\/#breadcrumb\",\"itemListElement\":[{\"@type\":\"ListItem\",\"position\":1,\"name\":\"Home\",\"item\":\"https:\\\/\\\/www.el-pan-alegre.org\\\/wordpress\\\/\"},{\"@type\":\"ListItem\",\"position\":2,\"name\":\"Film-\\\/Fotogalerie\",\"item\":\"https:\\\/\\\/www.el-pan-alegre.org\\\/wordpress\\\/galerie\\\/\"},{\"@type\":\"ListItem\",\"position\":3,\"name\":\"2016: Mexiko\"}]},{\"@type\":\"WebSite\",\"@id\":\"https:\\\/\\\/www.el-pan-alegre.org\\\/wordpress\\\/#website\",\"url\":\"https:\\\/\\\/www.el-pan-alegre.org\\\/wordpress\\\/\",\"name\":\"El Pan Alegre\",\"description\":\"Das Fr\u00f6hliche Brot\",\"potentialAction\":[{\"@type\":\"SearchAction\",\"target\":{\"@type\":\"EntryPoint\",\"urlTemplate\":\"https:\\\/\\\/www.el-pan-alegre.org\\\/wordpress\\\/?s={search_term_string}\"},\"query-input\":{\"@type\":\"PropertyValueSpecification\",\"valueRequired\":true,\"valueName\":\"search_term_string\"}}],\"inLanguage\":\"de\"}]}<\/script>\n<!-- \/ Yoast SEO plugin. -->","yoast_head_json":{"title":"2016: Mexiko - El Pan Alegre","robots":{"index":"index","follow":"follow","max-snippet":"max-snippet:-1","max-image-preview":"max-image-preview:large","max-video-preview":"max-video-preview:-1"},"canonical":"https:\/\/www.el-pan-alegre.org\/wordpress\/galerie\/2016-mexiko\/","og_locale":"de_DE","og_type":"article","og_title":"2016: Mexiko - El Pan Alegre","og_description":"EcoAldea Bosque de Agua deutsch espa\u00f1ol Sierra Encantada deutsch espa\u00f1ol Miriam P\u00e9rez Skulpturen deutsch espa\u00f1ol Bio-Architektur deutsch espa\u00f1ol","og_url":"https:\/\/www.el-pan-alegre.org\/wordpress\/galerie\/2016-mexiko\/","og_site_name":"El Pan Alegre","article_modified_time":"2016-07-20T14:53:21+00:00","twitter_card":"summary_large_image","schema":{"@context":"https:\/\/schema.org","@graph":[{"@type":"WebPage","@id":"https:\/\/www.el-pan-alegre.org\/wordpress\/galerie\/2016-mexiko\/","url":"https:\/\/www.el-pan-alegre.org\/wordpress\/galerie\/2016-mexiko\/","name":"2016: Mexiko - El Pan Alegre","isPartOf":{"@id":"https:\/\/www.el-pan-alegre.org\/wordpress\/#website"},"datePublished":"2016-07-20T14:24:18+00:00","dateModified":"2016-07-20T14:53:21+00:00","breadcrumb":{"@id":"https:\/\/www.el-pan-alegre.org\/wordpress\/galerie\/2016-mexiko\/#breadcrumb"},"inLanguage":"de","potentialAction":[{"@type":"ReadAction","target":["https:\/\/www.el-pan-alegre.org\/wordpress\/galerie\/2016-mexiko\/"]}]},{"@type":"BreadcrumbList","@id":"https:\/\/www.el-pan-alegre.org\/wordpress\/galerie\/2016-mexiko\/#breadcrumb","itemListElement":[{"@type":"ListItem","position":1,"name":"Home","item":"https:\/\/www.el-pan-alegre.org\/wordpress\/"},{"@type":"ListItem","position":2,"name":"Film-\/Fotogalerie","item":"https:\/\/www.el-pan-alegre.org\/wordpress\/galerie\/"},{"@type":"ListItem","position":3,"name":"2016: Mexiko"}]},{"@type":"WebSite","@id":"https:\/\/www.el-pan-alegre.org\/wordpress\/#website","url":"https:\/\/www.el-pan-alegre.org\/wordpress\/","name":"El Pan Alegre","description":"Das Fr\u00f6hliche Brot","potentialAction":[{"@type":"SearchAction","target":{"@type":"EntryPoint","urlTemplate":"https:\/\/www.el-pan-alegre.org\/wordpress\/?s={search_term_string}"},"query-input":{"@type":"PropertyValueSpecification","valueRequired":true,"valueName":"search_term_string"}}],"inLanguage":"de"}]}},"jetpack_sharing_enabled":true,"jetpack_shortlink":"https:\/\/wp.me\/P62TDh-nq","jetpack-related-posts":[{"id":539,"url":"https:\/\/www.el-pan-alegre.org\/wordpress\/wissen\/downloads\/","url_meta":{"origin":1452,"position":0},"title":"Downloads","author":"Anja Mocker","date":"22. April 2015","format":false,"excerpt":"Hier finden Sie alle Materialien von En Buenas Manos e.V. auf einen Blick \/ a continuaci\u00f3n ustedes encontrar\u00e1n todos los materiales disponibles sobre el trabajo de En Buenas Manos: Informationsmaterial \/ informaciones BESCHREIBUNG \/ DESCRIPCI\u00d3N: DAS FR\u00d6HLICHE BROT - Flyer auf Deutsch (Au\u00dfenseite) DAS FR\u00d6HLICHE BROT - Flyer auf Deutsch\u2026","rel":"","context":"\u00c4hnlicher Beitrag","block_context":{"text":"\u00c4hnlicher Beitrag","link":""},"img":{"alt_text":"","src":"","width":0,"height":0},"classes":[]},{"id":529,"url":"https:\/\/www.el-pan-alegre.org\/wordpress\/wissen\/themen\/permakultur\/","url_meta":{"origin":1452,"position":1},"title":"Kreisl\u00e4ufe &#038; Permakultur","author":"Anja Mocker","date":"22. April 2015","format":false,"excerpt":"Center of Innovation in Alternative Technologies (CITA) \/ Mexico Centro de Innovaci\u00f3n en Tecnolog\u00eda Alternativa (CITA) \/ M\u00e9xico Permakultur - deutsch Permaculture - english Permacultura - espa\u00f1ol \u00a0 \u00a0 \u00a0 \u00a0 \u00a0","rel":"","context":"\u00c4hnlicher Beitrag","block_context":{"text":"\u00c4hnlicher Beitrag","link":""},"img":{"alt_text":"","src":"","width":0,"height":0},"classes":[]},{"id":774,"url":"https:\/\/www.el-pan-alegre.org\/wordpress\/wissen\/konzepte\/das-froehliche-brot-el-pan-alegre\/","url_meta":{"origin":1452,"position":2},"title":"Das Fr\u00f6hliche Brot","author":"Madeleine Porr","date":"14. Juli 2015","format":false,"excerpt":"DAS FR\u00d6HLICHE BROT - Flyer auf Deutsch (Au\u00dfenseite) DAS FR\u00d6HLICHE BROT - Flyer auf Deutsch (Innenseite) DAS FR\u00d6HLICHE BROT - deutsch DAS FR\u00d6HLICHE BROT - deutsch (Wikipedia) DAS FR\u00d6HLICHE BROT - Bildungsarbeit am Beispiel des Amaranth EL PAN ALEGRE - DAS FR\u00d6HLICHE BROT (Pressemitteilung Mai 2011)","rel":"","context":"\u00c4hnlicher Beitrag","block_context":{"text":"\u00c4hnlicher Beitrag","link":""},"img":{"alt_text":"","src":"","width":0,"height":0},"classes":[]},{"id":602,"url":"https:\/\/www.el-pan-alegre.org\/wordpress\/espanol\/","url_meta":{"origin":1452,"position":3},"title":"espa\u00f1ol","author":"Anja Mocker","date":"23. April 2015","format":false,"excerpt":"V\u00e9anse tambi\u00e9n p\u00e1ginas en alem\u00e1n\/espa\u00f1ol Concepto EL PAN ALEGRE AMARANTO BIOGAS Actividades \u00a0","rel":"","context":"\u00c4hnlicher Beitrag","block_context":{"text":"\u00c4hnlicher Beitrag","link":""},"img":{"alt_text":"","src":"","width":0,"height":0},"classes":[]},{"id":1801,"url":"https:\/\/www.el-pan-alegre.org\/wordpress\/en-buenas-manos-e-v\/was-machen-wir\/schirmherrschaften-patrocinios\/","url_meta":{"origin":1452,"position":4},"title":"Schirmherrschaft(en) \/ Patrocinio(s)","author":"Madeleine Porr","date":"4. Januar 2018","format":false,"excerpt":"2009-10 Dr. Hermann Scheer (\u2020 2010) - deutsch 2009-10 Dr. Hermann Scheer (\u2020 2010) - espa\u00f1ol","rel":"","context":"\u00c4hnlicher Beitrag","block_context":{"text":"\u00c4hnlicher Beitrag","link":""},"img":{"alt_text":"","src":"","width":0,"height":0},"classes":[]},{"id":778,"url":"https:\/\/www.el-pan-alegre.org\/wordpress\/wissen\/konzepte\/el-pan-alegre\/","url_meta":{"origin":1452,"position":5},"title":"El Pan Alegre","author":"Madeleine Porr","date":"14. Juli 2015","format":false,"excerpt":"Producci\u00f3n de pan en Cuba Problema - Efectos Problema - Soluciones Concepto EL PAN ALEGRE EL PAN ALEGRE - espa\u00f1ol (Trabajo de diploma)","rel":"","context":"\u00c4hnlicher Beitrag","block_context":{"text":"\u00c4hnlicher Beitrag","link":""},"img":{"alt_text":"","src":"","width":0,"height":0},"classes":[]}],"_links":{"self":[{"href":"https:\/\/www.el-pan-alegre.org\/wordpress\/wp-json\/wp\/v2\/pages\/1452","targetHints":{"allow":["GET"]}}],"collection":[{"href":"https:\/\/www.el-pan-alegre.org\/wordpress\/wp-json\/wp\/v2\/pages"}],"about":[{"href":"https:\/\/www.el-pan-alegre.org\/wordpress\/wp-json\/wp\/v2\/types\/page"}],"author":[{"embeddable":true,"href":"https:\/\/www.el-pan-alegre.org\/wordpress\/wp-json\/wp\/v2\/users\/2"}],"replies":[{"embeddable":true,"href":"https:\/\/www.el-pan-alegre.org\/wordpress\/wp-json\/wp\/v2\/comments?post=1452"}],"version-history":[{"count":12,"href":"https:\/\/www.el-pan-alegre.org\/wordpress\/wp-json\/wp\/v2\/pages\/1452\/revisions"}],"predecessor-version":[{"id":1470,"href":"https:\/\/www.el-pan-alegre.org\/wordpress\/wp-json\/wp\/v2\/pages\/1452\/revisions\/1470"}],"up":[{"embeddable":true,"href":"https:\/\/www.el-pan-alegre.org\/wordpress\/wp-json\/wp\/v2\/pages\/488"}],"wp:attachment":[{"href":"https:\/\/www.el-pan-alegre.org\/wordpress\/wp-json\/wp\/v2\/media?parent=1452"}],"curies":[{"name":"wp","href":"https:\/\/api.w.org\/{rel}","templated":true}]}}