{"id":1119,"date":"2016-01-24T19:09:04","date_gmt":"2016-01-24T18:09:04","guid":{"rendered":"http:\/\/www.el-pan-alegre.org\/wordpress\/?page_id=1119"},"modified":"2016-01-29T04:40:49","modified_gmt":"2016-01-29T03:40:49","slug":"paradies-wuhlheide","status":"publish","type":"page","link":"https:\/\/www.el-pan-alegre.org\/wordpress\/machen\/projekte-de\/paradies-wuhlheide\/","title":{"rendered":"PARADIES WUHLHEIDE"},"content":{"rendered":"<ul>\n<li>\n<h1><strong><a href=\"http:\/\/www.el-pan-alegre.org\/wordpress\/wp-content\/uploads\/2016\/01\/2010-15_Entwicklungsprozess_PARADIES-WUHLHEIDE.pdf\">2010-15\u00a0 Entwicklungsprozess PARADIES WUHLHEIDE<\/a><\/strong><\/h1>\n<\/li>\n<\/ul>\n<p><a href=\"http:\/\/www.el-pan-alegre.org\/wordpress\/wp-content\/uploads\/2016\/01\/Paradies_wuhlheide_vision_15Feb2011.jpg\"><img loading=\"lazy\" decoding=\"async\" class=\"alignleft wp-image-1240 size-large\" src=\"http:\/\/www.el-pan-alegre.org\/wordpress\/wp-content\/uploads\/2016\/01\/Paradies_wuhlheide_vision_15Feb2011-1024x899.jpg\" alt=\"Paradies_wuhlheide_vision_15Feb2011\" width=\"584\" height=\"513\" srcset=\"https:\/\/www.el-pan-alegre.org\/wordpress\/wp-content\/uploads\/2016\/01\/Paradies_wuhlheide_vision_15Feb2011-1024x899.jpg 1024w, https:\/\/www.el-pan-alegre.org\/wordpress\/wp-content\/uploads\/2016\/01\/Paradies_wuhlheide_vision_15Feb2011-300x263.jpg 300w, https:\/\/www.el-pan-alegre.org\/wordpress\/wp-content\/uploads\/2016\/01\/Paradies_wuhlheide_vision_15Feb2011-342x300.jpg 342w\" sizes=\"auto, (max-width: 584px) 100vw, 584px\" \/><\/a><br \/>\n&nbsp;<\/p>\n<ul>\n<li>\n<h1><strong><a href=\"http:\/\/www.el-pan-alegre.org\/wordpress\/wp-content\/uploads\/2016\/01\/2015_Nachhaltigkeitsbewertung_PARADIES-WUHLHEIDE.pdf\">2015\u00a0 Nachhaltigkeitsbewertung PARADIES WUHLHEIDE \/<br \/>\nBeuth-Hochschule f\u00fcr Technik Berlin<\/a><\/strong><img decoding=\"async\" src=\"https:\/\/www.beuth-hochschule.de\/fileadmin\/_processed_\/csm_Beuth_Logo_horizontal_4b3937ad35.png\" alt=\"https:\/\/www.beuth-hochschule.de\/fileadmin\/_processed_\/csm_Beuth_Logo_horizontal_4b3937ad35.png\" \/><\/h1>\n<\/li>\n<\/ul>\n<p>&nbsp;<\/p>\n<ul>\n<li>\u00a0<strong><a href=\"http:\/\/www.el-pan-alegre.org\/wordpress\/wp-content\/uploads\/2016\/01\/2015_Zeugnis-fuer-MadeleinePorr_PARADIES-WUHLHEIDE.pdf\">2015\u00a0 Zeugnis f\u00fcr Madeleine Porr &#8211; PARADIES WUHLHEIDE<\/a><\/strong><\/li>\n<\/ul>\n<p><a href=\"http:\/\/www.el-pan-alegre.org\/wordpress\/wp-content\/uploads\/2016\/01\/2014_04_25.-Arbeitsfelder_u._Ergebnisse-Porr.jpeg\"><img loading=\"lazy\" decoding=\"async\" class=\"alignleft wp-image-1243 size-large\" src=\"http:\/\/www.el-pan-alegre.org\/wordpress\/wp-content\/uploads\/2016\/01\/2014_04_25.-Arbeitsfelder_u._Ergebnisse-Porr-1024x444.jpeg\" alt=\"2014_04_25.-Arbeitsfelder_u._Ergebnisse-Porr\" width=\"584\" height=\"253\" srcset=\"https:\/\/www.el-pan-alegre.org\/wordpress\/wp-content\/uploads\/2016\/01\/2014_04_25.-Arbeitsfelder_u._Ergebnisse-Porr-1024x444.jpeg 1024w, https:\/\/www.el-pan-alegre.org\/wordpress\/wp-content\/uploads\/2016\/01\/2014_04_25.-Arbeitsfelder_u._Ergebnisse-Porr-300x130.jpeg 300w, https:\/\/www.el-pan-alegre.org\/wordpress\/wp-content\/uploads\/2016\/01\/2014_04_25.-Arbeitsfelder_u._Ergebnisse-Porr-500x217.jpeg 500w\" sizes=\"auto, (max-width: 584px) 100vw, 584px\" \/><\/a><\/p>\n<p>&nbsp;<\/p>\n<p>&nbsp;<\/p>\n<p>&nbsp;<\/p>\n","protected":false},"excerpt":{"rendered":"<p>2010-15\u00a0 Entwicklungsprozess PARADIES WUHLHEIDE &nbsp; 2015\u00a0 Nachhaltigkeitsbewertung PARADIES WUHLHEIDE \/ Beuth-Hochschule f\u00fcr Technik Berlin &nbsp; \u00a02015\u00a0 Zeugnis f\u00fcr Madeleine Porr &#8211; PARADIES WUHLHEIDE &nbsp; &nbsp; &nbsp;<\/p>\n","protected":false},"author":2,"featured_media":0,"parent":579,"menu_order":1,"comment_status":"open","ping_status":"open","template":"","meta":{"jetpack_post_was_ever_published":false,"footnotes":""},"class_list":["post-1119","page","type-page","status-publish","hentry"],"yoast_head":"<!-- This site is optimized with the Yoast SEO plugin v27.5 - https:\/\/yoast.com\/product\/yoast-seo-wordpress\/ -->\n<title>PARADIES WUHLHEIDE - El Pan Alegre<\/title>\n<meta name=\"robots\" content=\"index, follow, max-snippet:-1, max-image-preview:large, max-video-preview:-1\" \/>\n<link rel=\"canonical\" href=\"https:\/\/www.el-pan-alegre.org\/wordpress\/machen\/projekte-de\/paradies-wuhlheide\/\" \/>\n<meta property=\"og:locale\" content=\"de_DE\" \/>\n<meta property=\"og:type\" content=\"article\" \/>\n<meta property=\"og:title\" content=\"PARADIES WUHLHEIDE - El Pan Alegre\" \/>\n<meta property=\"og:description\" content=\"2010-15\u00a0 Entwicklungsprozess PARADIES WUHLHEIDE &nbsp; 2015\u00a0 Nachhaltigkeitsbewertung PARADIES WUHLHEIDE \/ Beuth-Hochschule f\u00fcr Technik Berlin &nbsp; \u00a02015\u00a0 Zeugnis f\u00fcr Madeleine Porr &#8211; PARADIES WUHLHEIDE &nbsp; &nbsp; &nbsp;\" \/>\n<meta property=\"og:url\" content=\"https:\/\/www.el-pan-alegre.org\/wordpress\/machen\/projekte-de\/paradies-wuhlheide\/\" \/>\n<meta property=\"og:site_name\" content=\"El Pan Alegre\" \/>\n<meta property=\"article:modified_time\" content=\"2016-01-29T03:40:49+00:00\" \/>\n<meta property=\"og:image\" content=\"https:\/\/www.el-pan-alegre.org\/wordpress\/wp-content\/uploads\/2016\/01\/Paradies_wuhlheide_vision_15Feb2011-1024x899.jpg\" \/>\n\t<meta property=\"og:image:width\" content=\"1024\" \/>\n\t<meta property=\"og:image:height\" content=\"899\" \/>\n\t<meta property=\"og:image:type\" content=\"image\/jpeg\" \/>\n<meta name=\"twitter:card\" content=\"summary_large_image\" \/>\n<script type=\"application\/ld+json\" class=\"yoast-schema-graph\">{\"@context\":\"https:\\\/\\\/schema.org\",\"@graph\":[{\"@type\":\"WebPage\",\"@id\":\"https:\\\/\\\/www.el-pan-alegre.org\\\/wordpress\\\/machen\\\/projekte-de\\\/paradies-wuhlheide\\\/\",\"url\":\"https:\\\/\\\/www.el-pan-alegre.org\\\/wordpress\\\/machen\\\/projekte-de\\\/paradies-wuhlheide\\\/\",\"name\":\"PARADIES WUHLHEIDE - El Pan Alegre\",\"isPartOf\":{\"@id\":\"https:\\\/\\\/www.el-pan-alegre.org\\\/wordpress\\\/#website\"},\"primaryImageOfPage\":{\"@id\":\"https:\\\/\\\/www.el-pan-alegre.org\\\/wordpress\\\/machen\\\/projekte-de\\\/paradies-wuhlheide\\\/#primaryimage\"},\"image\":{\"@id\":\"https:\\\/\\\/www.el-pan-alegre.org\\\/wordpress\\\/machen\\\/projekte-de\\\/paradies-wuhlheide\\\/#primaryimage\"},\"thumbnailUrl\":\"http:\\\/\\\/www.el-pan-alegre.org\\\/wordpress\\\/wp-content\\\/uploads\\\/2016\\\/01\\\/Paradies_wuhlheide_vision_15Feb2011-1024x899.jpg\",\"datePublished\":\"2016-01-24T18:09:04+00:00\",\"dateModified\":\"2016-01-29T03:40:49+00:00\",\"breadcrumb\":{\"@id\":\"https:\\\/\\\/www.el-pan-alegre.org\\\/wordpress\\\/machen\\\/projekte-de\\\/paradies-wuhlheide\\\/#breadcrumb\"},\"inLanguage\":\"de\",\"potentialAction\":[{\"@type\":\"ReadAction\",\"target\":[\"https:\\\/\\\/www.el-pan-alegre.org\\\/wordpress\\\/machen\\\/projekte-de\\\/paradies-wuhlheide\\\/\"]}]},{\"@type\":\"ImageObject\",\"inLanguage\":\"de\",\"@id\":\"https:\\\/\\\/www.el-pan-alegre.org\\\/wordpress\\\/machen\\\/projekte-de\\\/paradies-wuhlheide\\\/#primaryimage\",\"url\":\"http:\\\/\\\/www.el-pan-alegre.org\\\/wordpress\\\/wp-content\\\/uploads\\\/2016\\\/01\\\/Paradies_wuhlheide_vision_15Feb2011-1024x899.jpg\",\"contentUrl\":\"http:\\\/\\\/www.el-pan-alegre.org\\\/wordpress\\\/wp-content\\\/uploads\\\/2016\\\/01\\\/Paradies_wuhlheide_vision_15Feb2011-1024x899.jpg\"},{\"@type\":\"BreadcrumbList\",\"@id\":\"https:\\\/\\\/www.el-pan-alegre.org\\\/wordpress\\\/machen\\\/projekte-de\\\/paradies-wuhlheide\\\/#breadcrumb\",\"itemListElement\":[{\"@type\":\"ListItem\",\"position\":1,\"name\":\"Home\",\"item\":\"https:\\\/\\\/www.el-pan-alegre.org\\\/wordpress\\\/\"},{\"@type\":\"ListItem\",\"position\":2,\"name\":\"Machen \\\/ Hacer\",\"item\":\"https:\\\/\\\/www.el-pan-alegre.org\\\/wordpress\\\/machen\\\/\"},{\"@type\":\"ListItem\",\"position\":3,\"name\":\"Projekte Deutschland\",\"item\":\"https:\\\/\\\/www.el-pan-alegre.org\\\/wordpress\\\/machen\\\/projekte-de\\\/\"},{\"@type\":\"ListItem\",\"position\":4,\"name\":\"PARADIES WUHLHEIDE\"}]},{\"@type\":\"WebSite\",\"@id\":\"https:\\\/\\\/www.el-pan-alegre.org\\\/wordpress\\\/#website\",\"url\":\"https:\\\/\\\/www.el-pan-alegre.org\\\/wordpress\\\/\",\"name\":\"El Pan Alegre\",\"description\":\"Das Fr\u00f6hliche Brot\",\"potentialAction\":[{\"@type\":\"SearchAction\",\"target\":{\"@type\":\"EntryPoint\",\"urlTemplate\":\"https:\\\/\\\/www.el-pan-alegre.org\\\/wordpress\\\/?s={search_term_string}\"},\"query-input\":{\"@type\":\"PropertyValueSpecification\",\"valueRequired\":true,\"valueName\":\"search_term_string\"}}],\"inLanguage\":\"de\"}]}<\/script>\n<!-- \/ Yoast SEO plugin. -->","yoast_head_json":{"title":"PARADIES WUHLHEIDE - El Pan Alegre","robots":{"index":"index","follow":"follow","max-snippet":"max-snippet:-1","max-image-preview":"max-image-preview:large","max-video-preview":"max-video-preview:-1"},"canonical":"https:\/\/www.el-pan-alegre.org\/wordpress\/machen\/projekte-de\/paradies-wuhlheide\/","og_locale":"de_DE","og_type":"article","og_title":"PARADIES WUHLHEIDE - El Pan Alegre","og_description":"2010-15\u00a0 Entwicklungsprozess PARADIES WUHLHEIDE &nbsp; 2015\u00a0 Nachhaltigkeitsbewertung PARADIES WUHLHEIDE \/ Beuth-Hochschule f\u00fcr Technik Berlin &nbsp; \u00a02015\u00a0 Zeugnis f\u00fcr Madeleine Porr &#8211; PARADIES WUHLHEIDE &nbsp; &nbsp; &nbsp;","og_url":"https:\/\/www.el-pan-alegre.org\/wordpress\/machen\/projekte-de\/paradies-wuhlheide\/","og_site_name":"El Pan Alegre","article_modified_time":"2016-01-29T03:40:49+00:00","og_image":[{"width":1024,"height":899,"url":"https:\/\/www.el-pan-alegre.org\/wordpress\/wp-content\/uploads\/2016\/01\/Paradies_wuhlheide_vision_15Feb2011-1024x899.jpg","type":"image\/jpeg"}],"twitter_card":"summary_large_image","schema":{"@context":"https:\/\/schema.org","@graph":[{"@type":"WebPage","@id":"https:\/\/www.el-pan-alegre.org\/wordpress\/machen\/projekte-de\/paradies-wuhlheide\/","url":"https:\/\/www.el-pan-alegre.org\/wordpress\/machen\/projekte-de\/paradies-wuhlheide\/","name":"PARADIES WUHLHEIDE - El Pan Alegre","isPartOf":{"@id":"https:\/\/www.el-pan-alegre.org\/wordpress\/#website"},"primaryImageOfPage":{"@id":"https:\/\/www.el-pan-alegre.org\/wordpress\/machen\/projekte-de\/paradies-wuhlheide\/#primaryimage"},"image":{"@id":"https:\/\/www.el-pan-alegre.org\/wordpress\/machen\/projekte-de\/paradies-wuhlheide\/#primaryimage"},"thumbnailUrl":"http:\/\/www.el-pan-alegre.org\/wordpress\/wp-content\/uploads\/2016\/01\/Paradies_wuhlheide_vision_15Feb2011-1024x899.jpg","datePublished":"2016-01-24T18:09:04+00:00","dateModified":"2016-01-29T03:40:49+00:00","breadcrumb":{"@id":"https:\/\/www.el-pan-alegre.org\/wordpress\/machen\/projekte-de\/paradies-wuhlheide\/#breadcrumb"},"inLanguage":"de","potentialAction":[{"@type":"ReadAction","target":["https:\/\/www.el-pan-alegre.org\/wordpress\/machen\/projekte-de\/paradies-wuhlheide\/"]}]},{"@type":"ImageObject","inLanguage":"de","@id":"https:\/\/www.el-pan-alegre.org\/wordpress\/machen\/projekte-de\/paradies-wuhlheide\/#primaryimage","url":"http:\/\/www.el-pan-alegre.org\/wordpress\/wp-content\/uploads\/2016\/01\/Paradies_wuhlheide_vision_15Feb2011-1024x899.jpg","contentUrl":"http:\/\/www.el-pan-alegre.org\/wordpress\/wp-content\/uploads\/2016\/01\/Paradies_wuhlheide_vision_15Feb2011-1024x899.jpg"},{"@type":"BreadcrumbList","@id":"https:\/\/www.el-pan-alegre.org\/wordpress\/machen\/projekte-de\/paradies-wuhlheide\/#breadcrumb","itemListElement":[{"@type":"ListItem","position":1,"name":"Home","item":"https:\/\/www.el-pan-alegre.org\/wordpress\/"},{"@type":"ListItem","position":2,"name":"Machen \/ Hacer","item":"https:\/\/www.el-pan-alegre.org\/wordpress\/machen\/"},{"@type":"ListItem","position":3,"name":"Projekte Deutschland","item":"https:\/\/www.el-pan-alegre.org\/wordpress\/machen\/projekte-de\/"},{"@type":"ListItem","position":4,"name":"PARADIES WUHLHEIDE"}]},{"@type":"WebSite","@id":"https:\/\/www.el-pan-alegre.org\/wordpress\/#website","url":"https:\/\/www.el-pan-alegre.org\/wordpress\/","name":"El Pan Alegre","description":"Das Fr\u00f6hliche Brot","potentialAction":[{"@type":"SearchAction","target":{"@type":"EntryPoint","urlTemplate":"https:\/\/www.el-pan-alegre.org\/wordpress\/?s={search_term_string}"},"query-input":{"@type":"PropertyValueSpecification","valueRequired":true,"valueName":"search_term_string"}}],"inLanguage":"de"}]}},"jetpack_sharing_enabled":true,"jetpack_shortlink":"https:\/\/wp.me\/P62TDh-i3","jetpack-related-posts":[{"id":1795,"url":"https:\/\/www.el-pan-alegre.org\/wordpress\/en-buenas-manos-e-v\/was-machen-wir\/referenzen\/","url_meta":{"origin":1119,"position":0},"title":"Referenzen","author":"Madeleine Porr","date":"4. Januar 2018","format":false,"excerpt":"Deutschland FEZ-Berlin: Kooperation mit En Buenas Manos e. V. (Europas gr\u00f6\u00dftes gemeinn\u00fctziges Freizeit-, Bildungs- und Erholungszentrum, Berlin) FEZ-Berlin: Projekt \"Paradies Wuhlheide\" (Europas gr\u00f6\u00dftes gemeinn\u00fctziges Freizeit-, Bildungs- und Erholungszentrum, Berlin) FEZ-Berl\u00edn: proyecto \"Para\u00edso Wuhlheide\" (mayor centro europeo recreativo y educativo sin \u00e1nimo de lucro para familias, ni\u00f1@s y j\u00f3venes) Kuba CUBASOLAR\u2026","rel":"","context":"\u00c4hnlicher Beitrag","block_context":{"text":"\u00c4hnlicher Beitrag","link":""},"img":{"alt_text":"","src":"","width":0,"height":0},"classes":[]},{"id":579,"url":"https:\/\/www.el-pan-alegre.org\/wordpress\/machen\/projekte-de\/","url_meta":{"origin":1119,"position":1},"title":"Projekte Deutschland","author":"Anja Mocker","date":"22. April 2015","format":false,"excerpt":"Im FEZ-Berlin 2010-15 PARADIES WUHLHEIDE Im Prinzessinnengarten Berlin Im Theater am Rand \/ Oderbruch -\u00a0 Kindertheaterst\u00fcck \"Das Fr\u00f6hliche Brot\" -\u00a0 Amaranth-Kinderlied Im \u00d6kowerk Tornow Bei der Jahreskonferenz des Deutschen Nachhaltigkeitsrates Bei den Geschmackstagen in der Berliner Markthalle IX Beim Familienrenntag im Pferdesportpark Berlin-Karlshorst Beim Weihnachts-Lichtermarkt Berlin-Lichtenrade Beim Tag der Offenen\u2026","rel":"","context":"\u00c4hnlicher Beitrag","block_context":{"text":"\u00c4hnlicher Beitrag","link":""},"img":{"alt_text":"2013-Bundeskanzleramt","src":"https:\/\/i0.wp.com\/www.el-pan-alegre.org\/wordpress\/wp-content\/uploads\/2015\/04\/2013-Bundeskanzleramt-150x150.jpg?resize=350%2C200","width":350,"height":200},"classes":[]},{"id":567,"url":"https:\/\/www.el-pan-alegre.org\/wordpress\/machen\/vernetzung\/","url_meta":{"origin":1119,"position":2},"title":"Vernetzung","author":"Anja Mocker","date":"22. April 2015","format":false,"excerpt":"Netzwerken in Deutschland und Kuba: Ansprechpartnerin: Madeleine Porr, kontakt[at]el-pan-alegre.org Vernetzung mit ... \/ Enlace con ... ackerdemia Akademie f\u00fcr Visionautik Aktion Mensch Anja Mocker ATB Leibniz-Institut f\u00fcr Agrartechnik Potsdam-Bornim Berlin 21 Berliner Innovationskreis Blogpatenschaften bpb - Bundeszentrale f\u00fcr politische Bildung Der Parit\u00e4tische Berlin (Deutscher Parit\u00e4tischer Wohlfahrtsverband, Landesverband Berlin e. V.)\u2026","rel":"","context":"Mit 1 Kommentar","block_context":{"text":"Mit 1 Kommentar","link":"https:\/\/www.el-pan-alegre.org\/wordpress\/machen\/vernetzung\/#comments"},"img":{"alt_text":"","src":"","width":0,"height":0},"classes":[]}],"_links":{"self":[{"href":"https:\/\/www.el-pan-alegre.org\/wordpress\/wp-json\/wp\/v2\/pages\/1119","targetHints":{"allow":["GET"]}}],"collection":[{"href":"https:\/\/www.el-pan-alegre.org\/wordpress\/wp-json\/wp\/v2\/pages"}],"about":[{"href":"https:\/\/www.el-pan-alegre.org\/wordpress\/wp-json\/wp\/v2\/types\/page"}],"author":[{"embeddable":true,"href":"https:\/\/www.el-pan-alegre.org\/wordpress\/wp-json\/wp\/v2\/users\/2"}],"replies":[{"embeddable":true,"href":"https:\/\/www.el-pan-alegre.org\/wordpress\/wp-json\/wp\/v2\/comments?post=1119"}],"version-history":[{"count":18,"href":"https:\/\/www.el-pan-alegre.org\/wordpress\/wp-json\/wp\/v2\/pages\/1119\/revisions"}],"predecessor-version":[{"id":1249,"href":"https:\/\/www.el-pan-alegre.org\/wordpress\/wp-json\/wp\/v2\/pages\/1119\/revisions\/1249"}],"up":[{"embeddable":true,"href":"https:\/\/www.el-pan-alegre.org\/wordpress\/wp-json\/wp\/v2\/pages\/579"}],"wp:attachment":[{"href":"https:\/\/www.el-pan-alegre.org\/wordpress\/wp-json\/wp\/v2\/media?parent=1119"}],"curies":[{"name":"wp","href":"https:\/\/api.w.org\/{rel}","templated":true}]}}