{"id":1098,"date":"2015-11-02T22:01:14","date_gmt":"2015-11-02T21:01:14","guid":{"rendered":"http:\/\/www.el-pan-alegre.org\/wordpress\/?page_id=1098"},"modified":"2016-01-25T03:09:41","modified_gmt":"2016-01-25T02:09:41","slug":"2011-torneo-de-scrabble-medioambiental-la-habana","status":"publish","type":"page","link":"https:\/\/www.el-pan-alegre.org\/wordpress\/galerie\/2011-torneo-de-scrabble-medioambiental-la-habana\/","title":{"rendered":"2011: Torneo de Scrabble Medioambiental, La Habana"},"content":{"rendered":"<h1 style=\"text-align: left;\"><span style=\"color: #339966;\"><span style=\"text-decoration: underline;\"><strong><span style=\"color: #000000; text-decoration: underline;\">SU INICIO EN CUBA<\/span><\/strong><\/span><br \/>\n<\/span><\/h1>\n<h1 style=\"text-align: left;\">\u00a0<a href=\"http:\/\/www.el-pan-alegre.org\/wordpress\/wp-content\/uploads\/2015\/11\/2011-Torneo_Scrabble.pdf\"><span style=\"color: #339966;\">Pulse aqu\u00ed para conocer a sus ra\u00edces: 2011-Torneo_Scrabble<\/span><\/a><\/h1>\n<p style=\"text-align: center;\"><a href=\"http:\/\/www.el-pan-alegre.org\/wordpress\/wp-content\/uploads\/2015\/11\/2011-Torneo_Scrabble.pdf\"><img loading=\"lazy\" decoding=\"async\" class=\"  wp-image-1100 alignleft\" src=\"http:\/\/www.el-pan-alegre.org\/wordpress\/wp-content\/uploads\/2015\/11\/1a-300x218.jpg\" alt=\"1a\" width=\"444\" height=\"313\" \/><\/a><\/p>\n<p style=\"text-align: center;\">\n<p style=\"text-align: center;\">\n<p style=\"text-align: center;\">\n<p style=\"text-align: center;\">\n<p style=\"text-align: center;\">\n<p style=\"text-align: center;\">\n<p style=\"text-align: center;\">\n<p style=\"text-align: center;\">\n<p style=\"text-align: center;\">\n","protected":false},"excerpt":{"rendered":"<p>SU INICIO EN CUBA \u00a0Pulse aqu\u00ed para conocer a sus ra\u00edces: 2011-Torneo_Scrabble<\/p>\n","protected":false},"author":2,"featured_media":0,"parent":488,"menu_order":5,"comment_status":"open","ping_status":"open","template":"","meta":{"jetpack_post_was_ever_published":false,"footnotes":""},"class_list":["post-1098","page","type-page","status-publish","hentry"],"yoast_head":"<!-- This site is optimized with the Yoast SEO plugin v27.3 - https:\/\/yoast.com\/product\/yoast-seo-wordpress\/ -->\n<title>2011: Torneo de Scrabble Medioambiental, La Habana - El Pan Alegre<\/title>\n<meta name=\"robots\" content=\"index, follow, max-snippet:-1, max-image-preview:large, max-video-preview:-1\" \/>\n<link rel=\"canonical\" href=\"https:\/\/www.el-pan-alegre.org\/wordpress\/galerie\/2011-torneo-de-scrabble-medioambiental-la-habana\/\" \/>\n<meta property=\"og:locale\" content=\"de_DE\" \/>\n<meta property=\"og:type\" content=\"article\" \/>\n<meta property=\"og:title\" content=\"2011: Torneo de Scrabble Medioambiental, La Habana - El Pan Alegre\" \/>\n<meta property=\"og:description\" content=\"SU INICIO EN CUBA \u00a0Pulse aqu\u00ed para conocer a sus ra\u00edces: 2011-Torneo_Scrabble\" \/>\n<meta property=\"og:url\" content=\"https:\/\/www.el-pan-alegre.org\/wordpress\/galerie\/2011-torneo-de-scrabble-medioambiental-la-habana\/\" \/>\n<meta property=\"og:site_name\" content=\"El Pan Alegre\" \/>\n<meta property=\"article:modified_time\" content=\"2016-01-25T02:09:41+00:00\" \/>\n<meta property=\"og:image\" content=\"https:\/\/www.el-pan-alegre.org\/wordpress\/wp-content\/uploads\/2015\/11\/1a.jpg\" \/>\n\t<meta property=\"og:image:width\" content=\"1033\" \/>\n\t<meta property=\"og:image:height\" content=\"751\" \/>\n\t<meta property=\"og:image:type\" content=\"image\/jpeg\" \/>\n<meta name=\"twitter:card\" content=\"summary_large_image\" \/>\n<script type=\"application\/ld+json\" class=\"yoast-schema-graph\">{\"@context\":\"https:\\\/\\\/schema.org\",\"@graph\":[{\"@type\":\"WebPage\",\"@id\":\"https:\\\/\\\/www.el-pan-alegre.org\\\/wordpress\\\/galerie\\\/2011-torneo-de-scrabble-medioambiental-la-habana\\\/\",\"url\":\"https:\\\/\\\/www.el-pan-alegre.org\\\/wordpress\\\/galerie\\\/2011-torneo-de-scrabble-medioambiental-la-habana\\\/\",\"name\":\"2011: Torneo de Scrabble Medioambiental, La Habana - El Pan Alegre\",\"isPartOf\":{\"@id\":\"https:\\\/\\\/www.el-pan-alegre.org\\\/wordpress\\\/#website\"},\"primaryImageOfPage\":{\"@id\":\"https:\\\/\\\/www.el-pan-alegre.org\\\/wordpress\\\/galerie\\\/2011-torneo-de-scrabble-medioambiental-la-habana\\\/#primaryimage\"},\"image\":{\"@id\":\"https:\\\/\\\/www.el-pan-alegre.org\\\/wordpress\\\/galerie\\\/2011-torneo-de-scrabble-medioambiental-la-habana\\\/#primaryimage\"},\"thumbnailUrl\":\"http:\\\/\\\/www.el-pan-alegre.org\\\/wordpress\\\/wp-content\\\/uploads\\\/2015\\\/11\\\/1a-300x218.jpg\",\"datePublished\":\"2015-11-02T21:01:14+00:00\",\"dateModified\":\"2016-01-25T02:09:41+00:00\",\"breadcrumb\":{\"@id\":\"https:\\\/\\\/www.el-pan-alegre.org\\\/wordpress\\\/galerie\\\/2011-torneo-de-scrabble-medioambiental-la-habana\\\/#breadcrumb\"},\"inLanguage\":\"de\",\"potentialAction\":[{\"@type\":\"ReadAction\",\"target\":[\"https:\\\/\\\/www.el-pan-alegre.org\\\/wordpress\\\/galerie\\\/2011-torneo-de-scrabble-medioambiental-la-habana\\\/\"]}]},{\"@type\":\"ImageObject\",\"inLanguage\":\"de\",\"@id\":\"https:\\\/\\\/www.el-pan-alegre.org\\\/wordpress\\\/galerie\\\/2011-torneo-de-scrabble-medioambiental-la-habana\\\/#primaryimage\",\"url\":\"http:\\\/\\\/www.el-pan-alegre.org\\\/wordpress\\\/wp-content\\\/uploads\\\/2015\\\/11\\\/1a-300x218.jpg\",\"contentUrl\":\"http:\\\/\\\/www.el-pan-alegre.org\\\/wordpress\\\/wp-content\\\/uploads\\\/2015\\\/11\\\/1a-300x218.jpg\"},{\"@type\":\"BreadcrumbList\",\"@id\":\"https:\\\/\\\/www.el-pan-alegre.org\\\/wordpress\\\/galerie\\\/2011-torneo-de-scrabble-medioambiental-la-habana\\\/#breadcrumb\",\"itemListElement\":[{\"@type\":\"ListItem\",\"position\":1,\"name\":\"Home\",\"item\":\"https:\\\/\\\/www.el-pan-alegre.org\\\/wordpress\\\/\"},{\"@type\":\"ListItem\",\"position\":2,\"name\":\"Film-\\\/Fotogalerie\",\"item\":\"https:\\\/\\\/www.el-pan-alegre.org\\\/wordpress\\\/galerie\\\/\"},{\"@type\":\"ListItem\",\"position\":3,\"name\":\"2011: Torneo de Scrabble Medioambiental, La Habana\"}]},{\"@type\":\"WebSite\",\"@id\":\"https:\\\/\\\/www.el-pan-alegre.org\\\/wordpress\\\/#website\",\"url\":\"https:\\\/\\\/www.el-pan-alegre.org\\\/wordpress\\\/\",\"name\":\"El Pan Alegre\",\"description\":\"Das Fr\u00f6hliche Brot\",\"potentialAction\":[{\"@type\":\"SearchAction\",\"target\":{\"@type\":\"EntryPoint\",\"urlTemplate\":\"https:\\\/\\\/www.el-pan-alegre.org\\\/wordpress\\\/?s={search_term_string}\"},\"query-input\":{\"@type\":\"PropertyValueSpecification\",\"valueRequired\":true,\"valueName\":\"search_term_string\"}}],\"inLanguage\":\"de\"}]}<\/script>\n<!-- \/ Yoast SEO plugin. -->","yoast_head_json":{"title":"2011: Torneo de Scrabble Medioambiental, La Habana - El Pan Alegre","robots":{"index":"index","follow":"follow","max-snippet":"max-snippet:-1","max-image-preview":"max-image-preview:large","max-video-preview":"max-video-preview:-1"},"canonical":"https:\/\/www.el-pan-alegre.org\/wordpress\/galerie\/2011-torneo-de-scrabble-medioambiental-la-habana\/","og_locale":"de_DE","og_type":"article","og_title":"2011: Torneo de Scrabble Medioambiental, La Habana - El Pan Alegre","og_description":"SU INICIO EN CUBA \u00a0Pulse aqu\u00ed para conocer a sus ra\u00edces: 2011-Torneo_Scrabble","og_url":"https:\/\/www.el-pan-alegre.org\/wordpress\/galerie\/2011-torneo-de-scrabble-medioambiental-la-habana\/","og_site_name":"El Pan Alegre","article_modified_time":"2016-01-25T02:09:41+00:00","og_image":[{"width":1033,"height":751,"url":"https:\/\/www.el-pan-alegre.org\/wordpress\/wp-content\/uploads\/2015\/11\/1a.jpg","type":"image\/jpeg"}],"twitter_card":"summary_large_image","schema":{"@context":"https:\/\/schema.org","@graph":[{"@type":"WebPage","@id":"https:\/\/www.el-pan-alegre.org\/wordpress\/galerie\/2011-torneo-de-scrabble-medioambiental-la-habana\/","url":"https:\/\/www.el-pan-alegre.org\/wordpress\/galerie\/2011-torneo-de-scrabble-medioambiental-la-habana\/","name":"2011: Torneo de Scrabble Medioambiental, La Habana - El Pan Alegre","isPartOf":{"@id":"https:\/\/www.el-pan-alegre.org\/wordpress\/#website"},"primaryImageOfPage":{"@id":"https:\/\/www.el-pan-alegre.org\/wordpress\/galerie\/2011-torneo-de-scrabble-medioambiental-la-habana\/#primaryimage"},"image":{"@id":"https:\/\/www.el-pan-alegre.org\/wordpress\/galerie\/2011-torneo-de-scrabble-medioambiental-la-habana\/#primaryimage"},"thumbnailUrl":"http:\/\/www.el-pan-alegre.org\/wordpress\/wp-content\/uploads\/2015\/11\/1a-300x218.jpg","datePublished":"2015-11-02T21:01:14+00:00","dateModified":"2016-01-25T02:09:41+00:00","breadcrumb":{"@id":"https:\/\/www.el-pan-alegre.org\/wordpress\/galerie\/2011-torneo-de-scrabble-medioambiental-la-habana\/#breadcrumb"},"inLanguage":"de","potentialAction":[{"@type":"ReadAction","target":["https:\/\/www.el-pan-alegre.org\/wordpress\/galerie\/2011-torneo-de-scrabble-medioambiental-la-habana\/"]}]},{"@type":"ImageObject","inLanguage":"de","@id":"https:\/\/www.el-pan-alegre.org\/wordpress\/galerie\/2011-torneo-de-scrabble-medioambiental-la-habana\/#primaryimage","url":"http:\/\/www.el-pan-alegre.org\/wordpress\/wp-content\/uploads\/2015\/11\/1a-300x218.jpg","contentUrl":"http:\/\/www.el-pan-alegre.org\/wordpress\/wp-content\/uploads\/2015\/11\/1a-300x218.jpg"},{"@type":"BreadcrumbList","@id":"https:\/\/www.el-pan-alegre.org\/wordpress\/galerie\/2011-torneo-de-scrabble-medioambiental-la-habana\/#breadcrumb","itemListElement":[{"@type":"ListItem","position":1,"name":"Home","item":"https:\/\/www.el-pan-alegre.org\/wordpress\/"},{"@type":"ListItem","position":2,"name":"Film-\/Fotogalerie","item":"https:\/\/www.el-pan-alegre.org\/wordpress\/galerie\/"},{"@type":"ListItem","position":3,"name":"2011: Torneo de Scrabble Medioambiental, La Habana"}]},{"@type":"WebSite","@id":"https:\/\/www.el-pan-alegre.org\/wordpress\/#website","url":"https:\/\/www.el-pan-alegre.org\/wordpress\/","name":"El Pan Alegre","description":"Das Fr\u00f6hliche Brot","potentialAction":[{"@type":"SearchAction","target":{"@type":"EntryPoint","urlTemplate":"https:\/\/www.el-pan-alegre.org\/wordpress\/?s={search_term_string}"},"query-input":{"@type":"PropertyValueSpecification","valueRequired":true,"valueName":"search_term_string"}}],"inLanguage":"de"}]}},"jetpack_sharing_enabled":true,"jetpack_shortlink":"https:\/\/wp.me\/P62TDh-hI","jetpack-related-posts":[{"id":1133,"url":"https:\/\/www.el-pan-alegre.org\/wordpress\/machen\/projekte-de\/im-fez-berlin\/","url_meta":{"origin":1098,"position":0},"title":"Im FEZ-Berlin 2010-15","author":"Madeleine Porr","date":"24. Januar 2016","format":false,"excerpt":"Referenzschreiben des FEZ-Berlin a)\u00a0 Amaranth-Workshops f\u00fcr Schulklassen: Start im FEZ \"Ein starkes Korn f\u00fcr starke Kinder!\" * Amaranth & Honig - ein starkes Team f\u00fcr starke Kinder! Amaranth-Reis-Woche b)\u00a0 Biogas-Workshops f\u00fcr Schulklassen: Der Schatz aus dem \"M\u00fcll\" c)\u00a0 Kreislauf-Workshops f\u00fcr Schulklassen: Die verborgenen Natursch\u00e4tze Sachbericht Foto-Dokumentation d)\u00a0 Kreislauf-Pr\u00e4sentationen bei Wochenendveranstaltungen\u2026","rel":"","context":"\u00c4hnlicher Beitrag","block_context":{"text":"\u00c4hnlicher Beitrag","link":""},"img":{"alt_text":"Team-1","src":"https:\/\/i0.wp.com\/www.el-pan-alegre.org\/wordpress\/wp-content\/uploads\/2016\/01\/Team-1-300x300.jpg?resize=350%2C200","width":350,"height":200},"classes":[]},{"id":581,"url":"https:\/\/www.el-pan-alegre.org\/wordpress\/machen\/actividades\/","url_meta":{"origin":1098,"position":1},"title":"Actividades (Alemania, Cuba y M\u00e9xico)","author":"Anja Mocker","date":"22. April 2015","format":false,"excerpt":"v\u00e9anse comentarios BLOG en espa\u00f1ol v\u00e9anse comentarios BLOG: CUBA v\u00e9anse comentarios BLOG: M\u00c9XICO v\u00e9ase sitio web HACIENDO ALMAS 19 hasta 21 de febrero de 2013: a) Presentaci\u00f3n \"El Proyecto Tahit\u00ed\" en la XXII Feria Internacional del Libro de La Habana b) Coloquio \"HACIENDO EL FUTURO CON FUERZA LOCAL\" en la\u2026","rel":"","context":"\u00c4hnlicher Beitrag","block_context":{"text":"\u00c4hnlicher Beitrag","link":""},"img":{"alt_text":"","src":"","width":0,"height":0},"classes":[]},{"id":573,"url":"https:\/\/www.el-pan-alegre.org\/wordpress\/wissen\/themen\/laender\/","url_meta":{"origin":1098,"position":2},"title":"&#8230; in den L\u00e4ndern \/ por pa\u00edses \/ in different countries","author":"Anja Mocker","date":"22. April 2015","format":false,"excerpt":"ALAI - Agencia Latinoamericana de Informaci\u00f3n BOLIVIA (Esp) - Fundaci\u00f3n UNIR Bolivia BRASIL: Curitiba - Programa exitoso de reciclaje colectivo de basura CHINA: Die Mosuo - Friedliche matriarchale Gesellschaft, die das Wort \"Mord\" nicht kennt CHINA: The Mosuo - Pacific matriarcal society which doesn't have a word for \"murder\" CHINA:\u2026","rel":"","context":"\u00c4hnlicher Beitrag","block_context":{"text":"\u00c4hnlicher Beitrag","link":""},"img":{"alt_text":"","src":"","width":0,"height":0},"classes":[]},{"id":525,"url":"https:\/\/www.el-pan-alegre.org\/wordpress\/wissen\/themen\/amaranth\/","url_meta":{"origin":1098,"position":3},"title":"Amaranth \/ Amaranto","author":"Anja Mocker","date":"22. April 2015","format":false,"excerpt":"Amaranth (D) - Pr\u00e4sentation (Landwirtschaft - Ern\u00e4hrung - Gastronomie - Medizin - Wellness) Amaranth (D) - \u00dcberblick Amaranth (D) - Vielfacher Nutzen (inkl. Glutenfreiheit) Amaranth (D) - Daten zum N\u00e4hrwert Amaranth (D) - Rezepte Amaranth (D) - Tee aus den Amaranth-Bl\u00e4ttern Amaranth (D) - Teil des Landwirtschaftssystems Milpa-Solar Amaranth (D)\u2026","rel":"","context":"\u00c4hnlicher Beitrag","block_context":{"text":"\u00c4hnlicher Beitrag","link":""},"img":{"alt_text":"","src":"","width":0,"height":0},"classes":[]},{"id":567,"url":"https:\/\/www.el-pan-alegre.org\/wordpress\/machen\/vernetzung\/","url_meta":{"origin":1098,"position":4},"title":"Vernetzung","author":"Anja Mocker","date":"22. April 2015","format":false,"excerpt":"Netzwerken in Deutschland und Kuba: Ansprechpartnerin: Madeleine Porr, kontakt[at]el-pan-alegre.org Vernetzung mit ... \/ Enlace con ... ackerdemia Akademie f\u00fcr Visionautik Aktion Mensch Anja Mocker ATB Leibniz-Institut f\u00fcr Agrartechnik Potsdam-Bornim Berlin 21 Berliner Innovationskreis Blogpatenschaften bpb - Bundeszentrale f\u00fcr politische Bildung Der Parit\u00e4tische Berlin (Deutscher Parit\u00e4tischer Wohlfahrtsverband, Landesverband Berlin e. V.)\u2026","rel":"","context":"Mit 1 Kommentar","block_context":{"text":"Mit 1 Kommentar","link":"https:\/\/www.el-pan-alegre.org\/wordpress\/machen\/vernetzung\/#comments"},"img":{"alt_text":"","src":"","width":0,"height":0},"classes":[]},{"id":1328,"url":"https:\/\/www.el-pan-alegre.org\/wordpress\/wissen\/themen\/ausserdem\/","url_meta":{"origin":1098,"position":5},"title":"Au\u00dferdem \/ Adem\u00e1s \/ Additionally &#8230;","author":"Madeleine Porr","date":"21. M\u00e4rz 2016","format":false,"excerpt":"AgriCultures Network - ... shares knowledge and provides information on small-scale, sustainable agriculture worldwide Aktiv in Sachen Umwelt in Berlin: der Umweltkalender der Stiftung Naturschutz Berlin CAMPACT.DE - Internet-Kampagnen zu aktuellen politischen Entscheidungen in Deutschland C\u00e1\u00f1amo - La historia de una valiosa planta satanizada Chia (Salvia hispanica) - Alimento b\u00e1sico\u2026","rel":"","context":"\u00c4hnlicher Beitrag","block_context":{"text":"\u00c4hnlicher Beitrag","link":""},"img":{"alt_text":"","src":"","width":0,"height":0},"classes":[]}],"_links":{"self":[{"href":"https:\/\/www.el-pan-alegre.org\/wordpress\/wp-json\/wp\/v2\/pages\/1098","targetHints":{"allow":["GET"]}}],"collection":[{"href":"https:\/\/www.el-pan-alegre.org\/wordpress\/wp-json\/wp\/v2\/pages"}],"about":[{"href":"https:\/\/www.el-pan-alegre.org\/wordpress\/wp-json\/wp\/v2\/types\/page"}],"author":[{"embeddable":true,"href":"https:\/\/www.el-pan-alegre.org\/wordpress\/wp-json\/wp\/v2\/users\/2"}],"replies":[{"embeddable":true,"href":"https:\/\/www.el-pan-alegre.org\/wordpress\/wp-json\/wp\/v2\/comments?post=1098"}],"version-history":[{"count":3,"href":"https:\/\/www.el-pan-alegre.org\/wordpress\/wp-json\/wp\/v2\/pages\/1098\/revisions"}],"predecessor-version":[{"id":1203,"href":"https:\/\/www.el-pan-alegre.org\/wordpress\/wp-json\/wp\/v2\/pages\/1098\/revisions\/1203"}],"up":[{"embeddable":true,"href":"https:\/\/www.el-pan-alegre.org\/wordpress\/wp-json\/wp\/v2\/pages\/488"}],"wp:attachment":[{"href":"https:\/\/www.el-pan-alegre.org\/wordpress\/wp-json\/wp\/v2\/media?parent=1098"}],"curies":[{"name":"wp","href":"https:\/\/api.w.org\/{rel}","templated":true}]}}